{"id":155764,"date":"2025-09-01T12:48:48","date_gmt":"2025-09-01T10:48:48","guid":{"rendered":"https:\/\/secureus.se\/monteringsstolpe-732\/"},"modified":"2026-03-25T15:29:18","modified_gmt":"2026-03-25T14:29:18","slug":"monteringsstolpe-732","status":"publish","type":"product","link":"https:\/\/secureus.se\/de\/monteringsstolpe-732\/","title":{"rendered":"Montagepfosten 732"},"content":{"rendered":"<div>\n<div><\/div>\n<\/div>\n<div>Montagepfosten aus Stahl, f\u00fcr Standard-Elektroendplatte der Solid-Serie. Wird verwendet, um Befestigung und Eigenschaften an die aktuelle Anwendung und T\u00fcrumgebung anzupassen.<\/p>\n<p><b>Eigenschaften:\u00a0\u00a0<\/b><\/div>\n<div>\n<ul>\n<li>F\u00fcr Holz-, Stahl- oder Aluminiumrahmen.<\/li>\n<li>Verriegeltes Einzelfallschloss.<\/li>\n<li>Zungengr\u00f6\u00dfe: 15 mm.<\/li>\n<\/ul>\n<\/div>\n<div><b><br \/>\nGeeignet f\u00fcr: <\/b><\/div>\n<div>Elektrische Endplatten von ASSA ABLOY in der Standardserie: 70, 570, 71, 571, 75, 575, 585<\/div>\n<div><\/div>","protected":false},"excerpt":{"rendered":"<p>Monteringsstolpe i st\u00e5l, f\u00f6r standard elslutbleck i Solid-serien. Anv\u00e4nds f\u00f6r att anpassa inf\u00e4stning och egenskaper till den aktuella applikationen och d\u00f6rrmilj\u00f6n. Egenskaper:\u00a0\u00a0 F\u00f6r tr\u00e4-, st\u00e5l- eller aluminiumkarmar. F\u00f6rreglade enkelfall\u00e5s. Pl\u00f6sm\u00e5tt:<\/p>","protected":false},"featured_media":159465,"template":"","meta":{"_acf_changed":false},"product_brand":[],"product_cat":[4735],"product_tag":[],"class_list":{"0":"post-155764","1":"product","2":"type-product","3":"status-publish","4":"has-post-thumbnail","6":"product_cat-monteringsstolpe","7":"product_shipping_class-postnord-varubrev","8":"pa_brands-abloy","9":"tm-no-options","11":"first","12":"instock","13":"sale","14":"taxable","15":"shipping-taxable","16":"purchasable","17":"product-type-simple"},"acf":[],"_links":{"self":[{"href":"https:\/\/secureus.se\/de\/wp-json\/wp\/v2\/product\/155764","targetHints":{"allow":["GET"]}}],"collection":[{"href":"https:\/\/secureus.se\/de\/wp-json\/wp\/v2\/product"}],"about":[{"href":"https:\/\/secureus.se\/de\/wp-json\/wp\/v2\/types\/product"}],"wp:featuredmedia":[{"embeddable":true,"href":"https:\/\/secureus.se\/de\/wp-json\/wp\/v2\/media\/159465"}],"wp:attachment":[{"href":"https:\/\/secureus.se\/de\/wp-json\/wp\/v2\/media?parent=155764"}],"wp:term":[{"taxonomy":"product_brand","embeddable":true,"href":"https:\/\/secureus.se\/de\/wp-json\/wp\/v2\/product_brand?post=155764"},{"taxonomy":"product_cat","embeddable":true,"href":"https:\/\/secureus.se\/de\/wp-json\/wp\/v2\/product_cat?post=155764"},{"taxonomy":"product_tag","embeddable":true,"href":"https:\/\/secureus.se\/de\/wp-json\/wp\/v2\/product_tag?post=155764"}],"curies":[{"name":"wp","href":"https:\/\/api.w.org\/{rel}","templated":true}]}}