{"id":155925,"date":"2025-09-03T09:29:37","date_gmt":"2025-09-03T07:29:37","guid":{"rendered":"https:\/\/secureus.se\/monteringsstolpe-956\/"},"modified":"2026-03-25T15:27:50","modified_gmt":"2026-03-25T14:27:50","slug":"monteringsstolpe-956","status":"publish","type":"product","link":"https:\/\/secureus.se\/de\/monteringsstolpe-956\/","title":{"rendered":"Montagepfosten 956"},"content":{"rendered":"<div>ASSA ABLOY 956 ist ein Montagepfosten aus Edelstahl f\u00fcr die Profilsysteme SP 56500 und 76500. Er passt zur Standard-Schlie\u00dfplatte von Assa der Serie 900 sowie zu Schlossgeh\u00e4usen mit ein- oder zweifacher Schlie\u00dfung. Er dient zur Befestigung von elektrischen Schlie\u00dfplatten an den Standardaussparungen von St\u00e5lprofil.<\/div>\n<div><b><br \/>\nEigenschaften:<\/b><\/div>\n<div>\n<ul>\n<li>Breite: 55 mm<\/li>\n<li>L\u00e4nge: 200 mm<\/li>\n<li>Zungengr\u00f6\u00dfe: 19 mm<\/li>\n<li>Passend f\u00fcr Stahlprofil SP 56500 und 76500<\/li>\n<\/ul>\n<\/div>\n<div>\n<b>Passend f\u00fcr elektrische Endplatten von ASSA ABLOY der Serie 900:<\/b><\/div>\n<div>\n<ul>\n<li>905, 905M<\/li>\n<li>910, 910M<\/li>\n<li>911, 911M<\/li>\n<li>920, 920M, 920C<\/li>\n<li>940M<\/li>\n<li>941M<\/li>\n<li>960M, 960C<\/li>\n<li>961M, 961C<\/li>\n<li>990M<\/li>\n<li>991M<\/li>\n<\/ul>\n<\/div>\n<div><\/div>","protected":false},"excerpt":{"rendered":"<p>ASSA ABLOY 956 \u00e4r en montagestolpe\u00a0i rostfritt st\u00e5l, f\u00f6r profilsystem SP 56500 och 76500. Passar till Assas standard slutbleck i 900-serien tillsammans med l\u00e5shus med enkelfall eller dubbelfall. Anv\u00e4nds f\u00f6r<\/p>","protected":false},"featured_media":155924,"template":"","meta":{"_acf_changed":false},"product_brand":[],"product_cat":[4735],"product_tag":[],"class_list":{"0":"post-155925","1":"product","2":"type-product","3":"status-publish","4":"has-post-thumbnail","6":"product_cat-monteringsstolpe","7":"product_shipping_class-postnord-varubrev","8":"pa_brands-abloy","9":"tm-no-options","11":"first","12":"onbackorder","13":"sale","14":"taxable","15":"shipping-taxable","16":"purchasable","17":"product-type-simple"},"acf":[],"_links":{"self":[{"href":"https:\/\/secureus.se\/de\/wp-json\/wp\/v2\/product\/155925","targetHints":{"allow":["GET"]}}],"collection":[{"href":"https:\/\/secureus.se\/de\/wp-json\/wp\/v2\/product"}],"about":[{"href":"https:\/\/secureus.se\/de\/wp-json\/wp\/v2\/types\/product"}],"wp:featuredmedia":[{"embeddable":true,"href":"https:\/\/secureus.se\/de\/wp-json\/wp\/v2\/media\/155924"}],"wp:attachment":[{"href":"https:\/\/secureus.se\/de\/wp-json\/wp\/v2\/media?parent=155925"}],"wp:term":[{"taxonomy":"product_brand","embeddable":true,"href":"https:\/\/secureus.se\/de\/wp-json\/wp\/v2\/product_brand?post=155925"},{"taxonomy":"product_cat","embeddable":true,"href":"https:\/\/secureus.se\/de\/wp-json\/wp\/v2\/product_cat?post=155925"},{"taxonomy":"product_tag","embeddable":true,"href":"https:\/\/secureus.se\/de\/wp-json\/wp\/v2\/product_tag?post=155925"}],"curies":[{"name":"wp","href":"https:\/\/api.w.org\/{rel}","templated":true}]}}