{"id":155927,"date":"2025-09-03T09:29:43","date_gmt":"2025-09-03T07:29:43","guid":{"rendered":"https:\/\/secureus.se\/monteringsstolpe-930-15\/"},"modified":"2026-04-08T15:06:46","modified_gmt":"2026-04-08T13:06:46","slug":"monteringsstolpe-930-15","status":"publish","type":"product","link":"https:\/\/secureus.se\/de\/monteringsstolpe-930-15\/","title":{"rendered":"Montagepfosten 930-15"},"content":{"rendered":"<p>Abgewinkelter Montagepfosten aus Edelstahl, f\u00fcr Stahlrahmen. Wird verwendet, um Befestigung und Eigenschaften an die aktuelle Anwendung und T\u00fcrumgebung anzupassen.<\/p>\n<div><\/div>\n<div><b><br \/>\nEigenschaften: <\/b><\/div>\n<div>\n<ul>\n<li>Abmessungen: 245x40x15<\/li>\n<li>Zungengr\u00f6\u00dfe: 15 mm<\/li>\n<li>F\u00fcr Stahlrahmen<\/li>\n<\/ul>\n<p><b>Passend f\u00fcr elektrische Endplatten von ASSA ABLOY der Serie 900:<\/b><\/p>\n<\/div>\n<div>\n<ul>\n<li>905, 905M<\/li>\n<li>910, 910M<\/li>\n<li>911, 911M<\/li>\n<li>920, 920M, 920C<\/li>\n<li>940M<\/li>\n<li>941M<\/li>\n<li>960M, 960C<\/li>\n<li>961M, 961C<\/li>\n<li>990M<\/li>\n<li>991M<\/li>\n<\/ul>\n<\/div>","protected":false},"excerpt":{"rendered":"<p>Vinklad monteringsstolpe i rostfritt st\u00e5l, f\u00f6r st\u00e5lkarmar. Anv\u00e4nds f\u00f6r att anpassa inf\u00e4stning och egenskaper till den aktuella applikationen och d\u00f6rrmilj\u00f6n. Egenskaper: M\u00e5tt: 245x40x15 Pl\u00f6sm\u00e5tt: 15 mm F\u00f6r st\u00e5lkarmar Passar till<\/p>","protected":false},"featured_media":155926,"template":"","meta":{"_acf_changed":false},"product_brand":[],"product_cat":[4735],"product_tag":[],"class_list":{"0":"post-155927","1":"product","2":"type-product","3":"status-publish","4":"has-post-thumbnail","6":"product_cat-monteringsstolpe","7":"product_shipping_class-postnord-varubrev","8":"pa_brands-abloy","9":"tm-no-options","11":"first","12":"instock","13":"sale","14":"taxable","15":"shipping-taxable","16":"purchasable","17":"product-type-simple"},"acf":[],"_links":{"self":[{"href":"https:\/\/secureus.se\/de\/wp-json\/wp\/v2\/product\/155927","targetHints":{"allow":["GET"]}}],"collection":[{"href":"https:\/\/secureus.se\/de\/wp-json\/wp\/v2\/product"}],"about":[{"href":"https:\/\/secureus.se\/de\/wp-json\/wp\/v2\/types\/product"}],"wp:featuredmedia":[{"embeddable":true,"href":"https:\/\/secureus.se\/de\/wp-json\/wp\/v2\/media\/155926"}],"wp:attachment":[{"href":"https:\/\/secureus.se\/de\/wp-json\/wp\/v2\/media?parent=155927"}],"wp:term":[{"taxonomy":"product_brand","embeddable":true,"href":"https:\/\/secureus.se\/de\/wp-json\/wp\/v2\/product_brand?post=155927"},{"taxonomy":"product_cat","embeddable":true,"href":"https:\/\/secureus.se\/de\/wp-json\/wp\/v2\/product_cat?post=155927"},{"taxonomy":"product_tag","embeddable":true,"href":"https:\/\/secureus.se\/de\/wp-json\/wp\/v2\/product_tag?post=155927"}],"curies":[{"name":"wp","href":"https:\/\/api.w.org\/{rel}","templated":true}]}}