{"id":155937,"date":"2025-09-03T09:29:38","date_gmt":"2025-09-03T07:29:38","guid":{"rendered":"https:\/\/secureus.se\/monteringsstolpe-946-w\/"},"modified":"2026-03-25T15:27:25","modified_gmt":"2026-03-25T14:27:25","slug":"monteringsstolpe-946-w","status":"publish","type":"product","link":"https:\/\/secureus.se\/de\/monteringsstolpe-946-w\/","title":{"rendered":"Montagepfosten 946-W"},"content":{"rendered":"<div>ASSA ABLOY 946-W ist ein flacher Montagepfosten aus Edelstahl, der f\u00fcr das Profilsystem Wicona 65 Wicstyle 65N UT geeignet ist. Er passt zu den Standard-Schlie\u00dfblechen der Serie 900 von ASSA sowie zu ein- oder zweifach verriegelbaren Schlossgeh\u00e4usen.<\/div>\n<div><b>Eigenschaften:\u00a0\u00a0<\/b><\/div>\n<div>\n<ul>\n<li>Symmetrisch<\/li>\n<li>Breite: 50 mm<\/li>\n<li>H\u00f6he: 245 mm<\/li>\n<li>Zungengr\u00f6\u00dfe: 25,5 mm<\/li>\n<li>Passend f\u00fcr das Profilsystem Wicona 65 Wicstyle 65N UT\n<\/li>\n<\/ul>\n<\/div>\n<div><b>Passend f\u00fcr elektrische Endplatten von ASSA ABLOY der Serie 900:<\/b><\/div>\n<div>\n<ul>\n<li>905, 905M<\/li>\n<li>910, 910M<\/li>\n<li>911, 911M<\/li>\n<li>920, 920M, 920C<\/li>\n<li>940M<\/li>\n<li>941M<\/li>\n<li>960M, 960C<\/li>\n<li>961M, 961C<\/li>\n<li>990M<\/li>\n<li>991M<\/li>\n<\/ul>\n<\/div>","protected":false},"excerpt":{"rendered":"<p>ASSA ABLOY 946-W \u00e4r en plan monteringsstolpe i rostfritt st\u00e5l, anpassad f\u00f6r profilsystem Wicona 65 Wicstyle 65N UT. Passar till Assas standard slutbleck i 900-serien tillsammans med l\u00e5shus med enkelfall<\/p>","protected":false},"featured_media":155936,"template":"","meta":{"_acf_changed":false},"product_brand":[],"product_cat":[4735],"product_tag":[],"class_list":{"0":"post-155937","1":"product","2":"type-product","3":"status-publish","4":"has-post-thumbnail","6":"product_cat-monteringsstolpe","7":"product_shipping_class-postnord-varubrev","8":"pa_brands-abloy","9":"tm-no-options","11":"first","12":"instock","13":"sale","14":"taxable","15":"shipping-taxable","16":"purchasable","17":"product-type-simple"},"acf":[],"_links":{"self":[{"href":"https:\/\/secureus.se\/de\/wp-json\/wp\/v2\/product\/155937","targetHints":{"allow":["GET"]}}],"collection":[{"href":"https:\/\/secureus.se\/de\/wp-json\/wp\/v2\/product"}],"about":[{"href":"https:\/\/secureus.se\/de\/wp-json\/wp\/v2\/types\/product"}],"wp:featuredmedia":[{"embeddable":true,"href":"https:\/\/secureus.se\/de\/wp-json\/wp\/v2\/media\/155936"}],"wp:attachment":[{"href":"https:\/\/secureus.se\/de\/wp-json\/wp\/v2\/media?parent=155937"}],"wp:term":[{"taxonomy":"product_brand","embeddable":true,"href":"https:\/\/secureus.se\/de\/wp-json\/wp\/v2\/product_brand?post=155937"},{"taxonomy":"product_cat","embeddable":true,"href":"https:\/\/secureus.se\/de\/wp-json\/wp\/v2\/product_cat?post=155937"},{"taxonomy":"product_tag","embeddable":true,"href":"https:\/\/secureus.se\/de\/wp-json\/wp\/v2\/product_tag?post=155937"}],"curies":[{"name":"wp","href":"https:\/\/api.w.org\/{rel}","templated":true}]}}