{"id":155982,"date":"2025-09-03T10:40:36","date_gmt":"2025-09-03T08:40:36","guid":{"rendered":"https:\/\/secureus.se\/monteringsstolpe-840\/"},"modified":"2026-03-25T15:26:59","modified_gmt":"2026-03-25T14:26:59","slug":"monteringsstolpe-840","status":"publish","type":"product","link":"https:\/\/secureus.se\/de\/monteringsstolpe-840\/","title":{"rendered":"Montagepfosten 840"},"content":{"rendered":"<div>\n<div>\n<div>\n<div>\n<div>\n<div><b>Einsatzgebiet:\u00a0<\/b>Montagepfosten aus Edelstahl f\u00fcr besonders starke elektrische Endplatten, speziell f\u00fcr das SapaFront-Profilsystem entwickelt. Wird verwendet, um die Befestigung elektrischer Endplatten an Sapa-Standardaussparungen anzupassen.<\/div>\n<div><\/div>\n<div>\n<p><b>Eigenschaften:\u00a0<\/b><\/p>\n<ul>\n<li>Wenn schmale Profilschl\u00f6sser zusammen mit SapaFront-Pfosten verwendet werden, m\u00fcssen die Schl\u00f6sser mit einem 22-mm-Pfosten ausgestattet werden.<\/li>\n<li>Passend f\u00fcr SapaFront-Bausystem 2050 und 2071 nach innen.<\/li>\n<li>F\u00fcr Aluminiumrahmen vorgesehen.<\/li>\n<\/ul>\n<\/div>\n<\/div>\n<div><\/div>\n<div>\n<p><b>Funktion:\u00a0<\/b>Die Wahl des Pfostens wird durch eine Reihe verschiedener Faktoren bestimmt, die zusammen die optimale Kombination aus T\u00fcr\/Schloss\/Pfosten ergeben. Einer der wichtigsten Faktoren ist die Gestaltung der T\u00fcr selbst. Das Material der Zarge\/T\u00fcrblattes kann variieren, z.B. Holz, Aluminium oder Stahl und das Profil der T\u00fcr (aufgeklappt\/gefaltet) m\u00fcssen ber\u00fccksichtigt werden.<\/p>\n<div>Um eine elektrische Schlie\u00dfplatte und einen Montagepfosten ausw\u00e4hlen zu k\u00f6nnen, m\u00fcssen Sie au\u00dferdem wissen, welche Art von mechanischem Schloss verwendet wird, ob es sich um ein Einfach- oder Doppelfallschloss handelt und wie gro\u00df das Zungenma\u00df zwischen der Vorderkante des Schlosses ist T\u00fcrblatt zum Kolben des Schlosses.<\/div>\n<div>\n<b>Besondere Normen f\u00fcr Brandschutzt\u00fcren:\u00a0<\/b>Bei T\u00fcren der Brandschutzklasse EI\/E 60, EI\/E 30 oder EI\/E15 d\u00fcrfen einfache elektrische Schlie\u00dfplatten nicht als T\u00fcrhaltebeschlag verwendet werden. Wenn Sie Zweifel an der Kombination aus Schloss und elektrischem Schlie\u00dfblech in Brandschutzt\u00fcren haben, kontaktieren Sie uns oder lesen Sie die Bauverordnung BBR 94.3 Abschnitt 5:6214 der schwedischen Wohnungsbeh\u00f6rde.<\/div>\n<\/div>\n<\/div>\n<\/div>\n<\/div>\n<\/div>\n<div><\/div>","protected":false},"excerpt":{"rendered":"<p>Anv\u00e4ndningsomr\u00e5de:\u00a0Monteringsstolpe i rostfritt st\u00e5l f\u00f6r extra kraftiga elslutbleck, speciellt framtagna f\u00f6r SapaFront profilsystem. Anv\u00e4nds f\u00f6r att anpassa inf\u00e4stning av elslutbleck till Sapa standardurtag. Egenskaper:\u00a0 D\u00e5 smalprofill\u00e5s anv\u00e4nds tillsammans med SapaFront<\/p>","protected":false},"featured_media":155981,"template":"","meta":{"_acf_changed":false},"product_brand":[],"product_cat":[4735],"product_tag":[],"class_list":{"0":"post-155982","1":"product","2":"type-product","3":"status-publish","4":"has-post-thumbnail","6":"product_cat-monteringsstolpe","7":"product_shipping_class-postnord-varubrev","8":"pa_brands-abloy","9":"tm-no-options","11":"first","12":"instock","13":"sale","14":"taxable","15":"shipping-taxable","16":"purchasable","17":"product-type-simple"},"acf":[],"_links":{"self":[{"href":"https:\/\/secureus.se\/de\/wp-json\/wp\/v2\/product\/155982","targetHints":{"allow":["GET"]}}],"collection":[{"href":"https:\/\/secureus.se\/de\/wp-json\/wp\/v2\/product"}],"about":[{"href":"https:\/\/secureus.se\/de\/wp-json\/wp\/v2\/types\/product"}],"wp:featuredmedia":[{"embeddable":true,"href":"https:\/\/secureus.se\/de\/wp-json\/wp\/v2\/media\/155981"}],"wp:attachment":[{"href":"https:\/\/secureus.se\/de\/wp-json\/wp\/v2\/media?parent=155982"}],"wp:term":[{"taxonomy":"product_brand","embeddable":true,"href":"https:\/\/secureus.se\/de\/wp-json\/wp\/v2\/product_brand?post=155982"},{"taxonomy":"product_cat","embeddable":true,"href":"https:\/\/secureus.se\/de\/wp-json\/wp\/v2\/product_cat?post=155982"},{"taxonomy":"product_tag","embeddable":true,"href":"https:\/\/secureus.se\/de\/wp-json\/wp\/v2\/product_tag?post=155982"}],"curies":[{"name":"wp","href":"https:\/\/api.w.org\/{rel}","templated":true}]}}