{"id":156291,"date":"2023-09-27T18:00:09","date_gmt":"2023-09-27T16:00:09","guid":{"rendered":"https:\/\/secureus.se\/tryckespinne-111mm-till-el495-el595\/"},"modified":"2026-03-25T15:42:18","modified_gmt":"2026-03-25T14:42:18","slug":"tryckespinne-111mm-till-el495-el595","status":"publish","type":"product","link":"https:\/\/secureus.se\/de\/tryckespinne-111mm-till-el495-el595\/","title":{"rendered":"Druckstift 111mm f\u00fcr EL495\/EL595"},"content":{"rendered":"<p>Hier sehen Sie, welche Pfosten und Modelle aus dem Assa-Sortiment an elektrischen Absperrplatten zusammenpassen.<\/p>","protected":false},"excerpt":{"rendered":"<h5><a href=\"https:\/\/elslutblecksguiden.se\/\" target=\"_blank\" rel=\"noopener\">Anleitung f\u00fcr ASSA Elektroschl\u00f6sser, Motorschl\u00f6sser, Elektro-Schlie\u00dfbleche und Ersatzanleitung<\/a><\/h5>","protected":false},"featured_media":139910,"template":"","meta":{"_acf_changed":false},"product_brand":[],"product_cat":[2834],"product_tag":[2967],"class_list":{"0":"post-156291","1":"product","2":"type-product","3":"status-publish","4":"has-post-thumbnail","6":"product_cat-ellas-motorlastillbehor","7":"product_tag-rg-assa-abloy","8":"product_shipping_class-tunga-paket","9":"pa_brands-abloy","10":"tm-no-options","12":"first","13":"instock","14":"sale","15":"taxable","16":"shipping-taxable","17":"purchasable","18":"product-type-simple"},"acf":[],"_links":{"self":[{"href":"https:\/\/secureus.se\/de\/wp-json\/wp\/v2\/product\/156291","targetHints":{"allow":["GET"]}}],"collection":[{"href":"https:\/\/secureus.se\/de\/wp-json\/wp\/v2\/product"}],"about":[{"href":"https:\/\/secureus.se\/de\/wp-json\/wp\/v2\/types\/product"}],"wp:featuredmedia":[{"embeddable":true,"href":"https:\/\/secureus.se\/de\/wp-json\/wp\/v2\/media\/139910"}],"wp:attachment":[{"href":"https:\/\/secureus.se\/de\/wp-json\/wp\/v2\/media?parent=156291"}],"wp:term":[{"taxonomy":"product_brand","embeddable":true,"href":"https:\/\/secureus.se\/de\/wp-json\/wp\/v2\/product_brand?post=156291"},{"taxonomy":"product_cat","embeddable":true,"href":"https:\/\/secureus.se\/de\/wp-json\/wp\/v2\/product_cat?post=156291"},{"taxonomy":"product_tag","embeddable":true,"href":"https:\/\/secureus.se\/de\/wp-json\/wp\/v2\/product_tag?post=156291"}],"curies":[{"name":"wp","href":"https:\/\/api.w.org\/{rel}","templated":true}]}}