{"id":156334,"date":"2025-09-11T15:41:29","date_gmt":"2025-09-11T13:41:29","guid":{"rendered":"https:\/\/secureus.se\/evolis-n6f203e100-easy4pro-ymcko-k-colour-ribbon-200-prints\/"},"modified":"2026-04-08T16:56:37","modified_gmt":"2026-04-08T14:56:37","slug":"evolis-n6f203e100-easy4pro-ymcko-k-colour-ribbon-200-prints","status":"publish","type":"product","link":"https:\/\/secureus.se\/de\/evolis-n6f203e100-easy4pro-ymcko-k-colour-ribbon-200-prints\/","title":{"rendered":"Evolis Easy4Pro YMCKO-K Farbband \u2013 N6F203E100 (200 Ausdrucke)"},"content":{"rendered":"<h1>Schleife<br \/>\n  Evolis Easy4Pro YMCKO-K &#8211; N6F203E100 (200 utskrifter)<\/h1>\n<p>F\u00e4rgband Evolis Easy4Pro YMCKO-K &#8211; N6F203E100 (200 utskrifter) \u00e4r<br \/>\n  ett f\u00e4rgband f\u00f6r utskrift av plastkort med skarpa f\u00e4rger, tydlig text och bra<br \/>\n  detalj\u00e5tergivning. Bandtypen YMCKO-K ger r\u00e4tt kombination av f\u00e4rgpaneler och<br \/>\n  Schutzfolie f\u00fcr den professionellen Kartendruck.<\/p>\n<p>Geeignet f\u00fcr Ausweise, Zugangskarten, Mitgliedskarten und andere<br \/>\n  Plastikkarten, bei denen hohe Druckqualit\u00e4t und Zuverl\u00e4ssigkeit wichtig sind<br \/>\n  wichtig.<\/p>\n<ul>\n<li>Kapazit\u00e4t: bis zu 200 Ausdrucke<\/li>\n<li>Bandtyp: YMCKO-K<\/li>\n<li>Artikelnummer: N6F203E100<\/li>\n<\/ul>\n<p><strong>Kompatibel med Evolis Primacy 2 card printer<br \/>\n  endast.<\/strong><\/p>\n<p><strong>Produktgewicht:<\/strong> 0,20 kg<\/p>","protected":false},"excerpt":{"rendered":"<p>F\u00e4rgband Evolis Easy4Pro YMCKO-K &#8211; N6F203E100 (200 utskrifter) F\u00e4rgband Evolis Easy4Pro YMCKO-K &#8211; N6F203E100 (200 utskrifter) \u00e4r ett f\u00e4rgband f\u00f6r utskrift av plastkort med skarpa f\u00e4rger, tydlig text och bra<\/p>","protected":false},"featured_media":156333,"template":"","meta":{"_acf_changed":false},"product_brand":[],"product_cat":[4856,4859],"product_tag":[4863],"class_list":{"0":"post-156334","1":"product","2":"type-product","3":"status-publish","4":"has-post-thumbnail","6":"product_cat-easy4-pro","7":"product_cat-primacy-2","8":"product_tag-pf","9":"pa_brands-evolis","10":"tm-no-options","12":"first","13":"instock","14":"sale","15":"taxable","16":"shipping-taxable","17":"purchasable","18":"product-type-simple"},"acf":[],"_links":{"self":[{"href":"https:\/\/secureus.se\/de\/wp-json\/wp\/v2\/product\/156334","targetHints":{"allow":["GET"]}}],"collection":[{"href":"https:\/\/secureus.se\/de\/wp-json\/wp\/v2\/product"}],"about":[{"href":"https:\/\/secureus.se\/de\/wp-json\/wp\/v2\/types\/product"}],"wp:featuredmedia":[{"embeddable":true,"href":"https:\/\/secureus.se\/de\/wp-json\/wp\/v2\/media\/156333"}],"wp:attachment":[{"href":"https:\/\/secureus.se\/de\/wp-json\/wp\/v2\/media?parent=156334"}],"wp:term":[{"taxonomy":"product_brand","embeddable":true,"href":"https:\/\/secureus.se\/de\/wp-json\/wp\/v2\/product_brand?post=156334"},{"taxonomy":"product_cat","embeddable":true,"href":"https:\/\/secureus.se\/de\/wp-json\/wp\/v2\/product_cat?post=156334"},{"taxonomy":"product_tag","embeddable":true,"href":"https:\/\/secureus.se\/de\/wp-json\/wp\/v2\/product_tag?post=156334"}],"curies":[{"name":"wp","href":"https:\/\/api.w.org\/{rel}","templated":true}]}}