{"id":156347,"date":"2025-09-11T15:41:31","date_gmt":"2025-09-11T13:41:31","guid":{"rendered":"https:\/\/secureus.se\/evolis-r6f207naaa-ymckoo-colour-ribbon-250-prints\/"},"modified":"2026-05-06T09:47:23","modified_gmt":"2026-05-06T07:47:23","slug":"evolis-r6f207naaa-ymckoo-colour-ribbon-250-prints","status":"publish","type":"product","link":"https:\/\/secureus.se\/de\/evolis-r6f207naaa-ymckoo-colour-ribbon-250-prints\/","title":{"rendered":"Evolis R6F207NAAA YMCKOO Farbband (250 Ausdrucke)"},"content":{"rendered":"<h1>Schleife<br \/>\n  Evolis YMCKOO \u2013 R6F207NAAA (250 Drucke)<\/h1>\n<p>Evolis YMCKOO Farbband \u2013 R6F207NAAA (250 Ausdrucke) ist ein<br \/>\n  Farbband zum Bedrucken von Plastikkarten mit kr\u00e4ftigen Farben, klarem Text und guter Qualit\u00e4t<br \/>\n  Das Farbband vom Typ YMCKOO bietet die richtige Kombination aus Farbfeldern und<br \/>\n  Schutzfolie f\u00fcr den professionellen Kartendruck.<\/p>\n<p>Geeignet f\u00fcr Ausweise, Zugangskarten, Mitgliedskarten und andere<br \/>\n  Plastikkarten, bei denen hohe Druckqualit\u00e4t und Zuverl\u00e4ssigkeit wichtig sind<br \/>\n  wichtig.<\/p>\n<ul>\n<li>Kapazit\u00e4t: bis zu 300 Ausdrucke<\/li>\n<li>Bandtyp: YMCKOO<\/li>\n<li>Artikelnummer: R6F207NAAA<\/li>\n<\/ul>\n<p><strong>Kompatibel mit dem Evolis Primacy 2 Kartendrucker<br \/>\n  nur.<\/strong><\/p>\n<p><strong>Produktgewicht:<\/strong> 0,20 kg<\/p>","protected":false},"excerpt":{"rendered":"<p>F\u00e4rgband Evolis YMCKOO &#8211; R6F207NAAA (250 utskrifter) F\u00e4rgband Evolis YMCKOO &#8211; R6F207NAAA (250 utskrifter) \u00e4r ett f\u00e4rgband f\u00f6r utskrift av plastkort med skarpa f\u00e4rger, tydlig text och bra detalj\u00e5tergivning. Bandtypen<\/p>","protected":false},"featured_media":156346,"template":"","meta":{"_acf_changed":false},"product_brand":[],"product_cat":[4859],"product_tag":[4863],"class_list":{"0":"post-156347","1":"product","2":"type-product","3":"status-publish","4":"has-post-thumbnail","6":"product_cat-primacy-2","7":"product_tag-pf","8":"pa_brands-evolis","9":"tm-no-options","11":"first","12":"instock","13":"sale","14":"taxable","15":"shipping-taxable","16":"purchasable","17":"product-type-simple"},"acf":[],"_links":{"self":[{"href":"https:\/\/secureus.se\/de\/wp-json\/wp\/v2\/product\/156347","targetHints":{"allow":["GET"]}}],"collection":[{"href":"https:\/\/secureus.se\/de\/wp-json\/wp\/v2\/product"}],"about":[{"href":"https:\/\/secureus.se\/de\/wp-json\/wp\/v2\/types\/product"}],"wp:featuredmedia":[{"embeddable":true,"href":"https:\/\/secureus.se\/de\/wp-json\/wp\/v2\/media\/156346"}],"wp:attachment":[{"href":"https:\/\/secureus.se\/de\/wp-json\/wp\/v2\/media?parent=156347"}],"wp:term":[{"taxonomy":"product_brand","embeddable":true,"href":"https:\/\/secureus.se\/de\/wp-json\/wp\/v2\/product_brand?post=156347"},{"taxonomy":"product_cat","embeddable":true,"href":"https:\/\/secureus.se\/de\/wp-json\/wp\/v2\/product_cat?post=156347"},{"taxonomy":"product_tag","embeddable":true,"href":"https:\/\/secureus.se\/de\/wp-json\/wp\/v2\/product_tag?post=156347"}],"curies":[{"name":"wp","href":"https:\/\/api.w.org\/{rel}","templated":true}]}}