{"id":156353,"date":"2025-09-11T15:41:39","date_gmt":"2025-09-11T13:41:39","guid":{"rendered":"https:\/\/secureus.se\/evolis-rt4f010eaa-ymck-colour-ribbon-500-prints\/"},"modified":"2026-04-23T12:37:00","modified_gmt":"2026-04-23T10:37:00","slug":"evolis-rt4f010eaa-ymck-colour-ribbon-500-prints","status":"publish","type":"product","link":"https:\/\/secureus.se\/de\/evolis-rt4f010eaa-ymck-colour-ribbon-500-prints\/","title":{"rendered":"Evolis YMCK Farbband \u2013 RT4F010EAA (500 Ausdrucke)"},"content":{"rendered":"<h1>Schleife<br \/>\n  Evolis YMCK &#8211; RT4F010EAA (500 utskrifter)<\/h1>\n<p>F\u00e4rgband Evolis YMCK &#8211; RT4F010EAA (500 utskrifter) \u00e4r ett f\u00e4rgband<br \/>\n  zum Bedrucken von Plastikkarten mit kr\u00e4ftigen Farben, klarem Text und guter Qualit\u00e4t<br \/>\n  Detailgetreue Wiedergabe. Das YMCK-Farbband bietet die richtige Kombination von Farbfeldern f\u00fcr<br \/>\n  professioneller Kartendruck.<\/p>\n<p>Geeignet f\u00fcr Ausweise, Zugangskarten, Mitgliedskarten und andere<br \/>\n  Plastikkarten, bei denen hohe Druckqualit\u00e4t und Zuverl\u00e4ssigkeit wichtig sind.<\/p>\n<ul>\n<li>Kapazit\u00e4t: bis zu 500 Ausdrucke<\/li>\n<li>Bandtyp: YMCK<\/li>\n<li>Artikelnummer: RT4F010EAA<\/li>\n<\/ul>\n<p><strong>Kompatibel mit Evolis<br \/>\n  Vorauszahlung.<\/strong><\/p>\n<p><strong>Produktgewicht:<\/strong> 0,15 kg<\/p>","protected":false},"excerpt":{"rendered":"<p>F\u00e4rgband Evolis YMCK &#8211; RT4F010EAA (500 utskrifter) F\u00e4rgband Evolis YMCK &#8211; RT4F010EAA (500 utskrifter) \u00e4r ett f\u00e4rgband f\u00f6r utskrift av plastkort med skarpa f\u00e4rger, tydlig text och bra detalj\u00e5tergivning. Bandtypen<\/p>","protected":false},"featured_media":156352,"template":"","meta":{"_acf_changed":false},"product_brand":[],"product_cat":[4855],"product_tag":[4863],"class_list":{"0":"post-156353","1":"product","2":"type-product","3":"status-publish","4":"has-post-thumbnail","6":"product_cat-avansia","7":"product_tag-pf","8":"pa_brands-evolis","9":"tm-no-options","11":"first","12":"instock","13":"sale","14":"taxable","15":"shipping-taxable","16":"purchasable","17":"product-type-simple"},"acf":[],"_links":{"self":[{"href":"https:\/\/secureus.se\/de\/wp-json\/wp\/v2\/product\/156353","targetHints":{"allow":["GET"]}}],"collection":[{"href":"https:\/\/secureus.se\/de\/wp-json\/wp\/v2\/product"}],"about":[{"href":"https:\/\/secureus.se\/de\/wp-json\/wp\/v2\/types\/product"}],"wp:featuredmedia":[{"embeddable":true,"href":"https:\/\/secureus.se\/de\/wp-json\/wp\/v2\/media\/156352"}],"wp:attachment":[{"href":"https:\/\/secureus.se\/de\/wp-json\/wp\/v2\/media?parent=156353"}],"wp:term":[{"taxonomy":"product_brand","embeddable":true,"href":"https:\/\/secureus.se\/de\/wp-json\/wp\/v2\/product_brand?post=156353"},{"taxonomy":"product_cat","embeddable":true,"href":"https:\/\/secureus.se\/de\/wp-json\/wp\/v2\/product_cat?post=156353"},{"taxonomy":"product_tag","embeddable":true,"href":"https:\/\/secureus.se\/de\/wp-json\/wp\/v2\/product_tag?post=156353"}],"curies":[{"name":"wp","href":"https:\/\/api.w.org\/{rel}","templated":true}]}}