{"id":156357,"date":"2025-09-11T15:41:36","date_gmt":"2025-09-11T13:41:36","guid":{"rendered":"https:\/\/secureus.se\/evolis-lvr037naa-hologram-varnish-ribbon-1200-prints\/"},"modified":"2026-04-08T16:52:11","modified_gmt":"2026-04-08T14:52:11","slug":"evolis-lvr037naa-hologram-varnish-ribbon-1200-prints","status":"publish","type":"product","link":"https:\/\/secureus.se\/de\/evolis-lvr037naa-hologram-varnish-ribbon-1200-prints\/","title":{"rendered":"Evolis Farbband \u2013 LVR037NAA (1200 Ausdrucke)"},"content":{"rendered":"<h1>Malerband<br \/>\n  Evolis \u2013 LVR037NAA (1200 Ausdrucke)<\/h1>\n<p>Evolis-Farbband \u2013 LVR037NAA (1200 Ausdrucke) ist eine Overlay-Folie<br \/>\n  wodurch die Oberfl\u00e4che der Karte vor Kratzern, Feuchtigkeit und allt\u00e4glicher Abnutzung gesch\u00fctzt wird.<\/p>\n<p>Eine gute Wahl, wenn Sie die Lebensdauer Ihrer Karten verl\u00e4ngern und verbessern m\u00f6chten.<br \/>\n  Langlebigkeit und ein professionelleres Endergebnis erzielen.<\/p>\n<ul>\n<li>Kapazit\u00e4t: bis zu 1.200 Ausdrucke pro Rolle<\/li>\n<li>Bietet zus\u00e4tzliche visuelle Sicherheit durch holografischen Effekt<\/li>\n<li>Globus-Hologramm f\u00fcr besseren Schutz vor F\u00e4lschungen<\/li>\n<li>Artikelnummer: LVR037NAA<\/li>\n<\/ul>\n<p><strong>Kompatibel mit Evolis Primacy, Primacy 2 und<br \/>\n  Vorauszahlung.<\/strong><\/p>\n<p><strong>Produktgewicht:<\/strong> 0,20 kg<\/p>","protected":false},"excerpt":{"rendered":"<p>Lackband Evolis &#8211; LVR037NAA (1200 utskrifter) Lackband Evolis &#8211; LVR037NAA (1200 utskrifter) \u00e4r en overlayfilm som skyddar kortets yta mot repor, fukt och dagligt slitage. Ett bra val n\u00e4r du<\/p>","protected":false},"featured_media":156356,"template":"","meta":{"_acf_changed":false},"product_brand":[],"product_cat":[4855,4858,4859],"product_tag":[4863],"class_list":{"0":"post-156357","1":"product","2":"type-product","3":"status-publish","4":"has-post-thumbnail","6":"product_cat-avansia","7":"product_cat-primacy","8":"product_cat-primacy-2","9":"product_tag-pf","10":"pa_brands-evolis","11":"tm-no-options","13":"first","14":"instock","15":"sale","16":"taxable","17":"shipping-taxable","18":"purchasable","19":"product-type-simple"},"acf":[],"_links":{"self":[{"href":"https:\/\/secureus.se\/de\/wp-json\/wp\/v2\/product\/156357","targetHints":{"allow":["GET"]}}],"collection":[{"href":"https:\/\/secureus.se\/de\/wp-json\/wp\/v2\/product"}],"about":[{"href":"https:\/\/secureus.se\/de\/wp-json\/wp\/v2\/types\/product"}],"wp:featuredmedia":[{"embeddable":true,"href":"https:\/\/secureus.se\/de\/wp-json\/wp\/v2\/media\/156356"}],"wp:attachment":[{"href":"https:\/\/secureus.se\/de\/wp-json\/wp\/v2\/media?parent=156357"}],"wp:term":[{"taxonomy":"product_brand","embeddable":true,"href":"https:\/\/secureus.se\/de\/wp-json\/wp\/v2\/product_brand?post=156357"},{"taxonomy":"product_cat","embeddable":true,"href":"https:\/\/secureus.se\/de\/wp-json\/wp\/v2\/product_cat?post=156357"},{"taxonomy":"product_tag","embeddable":true,"href":"https:\/\/secureus.se\/de\/wp-json\/wp\/v2\/product_tag?post=156357"}],"curies":[{"name":"wp","href":"https:\/\/api.w.org\/{rel}","templated":true}]}}