{"id":156361,"date":"2025-09-11T15:41:26","date_gmt":"2025-09-11T13:41:26","guid":{"rendered":"https:\/\/secureus.se\/evolis-rct216naaa-metallic-gold-monochrome-ribbon-1000-prints\/"},"modified":"2026-04-08T16:59:28","modified_gmt":"2026-04-08T14:59:28","slug":"evolis-rct216naaa-metallic-gold-monochrome-ribbon-1000-prints","status":"publish","type":"product","link":"https:\/\/secureus.se\/de\/evolis-rct216naaa-metallic-gold-monochrome-ribbon-1000-prints\/","title":{"rendered":"Evolis-Farbband \u2013 RCT216NAAA, Gold monochrom (1000 Ausdrucke)"},"content":{"rendered":"<h1>Schleife<br \/>\n  Evolis \u2013 RCT216NAAA, Gold monochrom (1000 Ausdrucke)<\/h1>\n<p>Evolis-Farbband \u2013 RCT216NAAA, Gold monochrom (1000 Ausdrucke) ist<br \/>\n  ein Originalzubeh\u00f6r f\u00fcr Kartendrucker, das f\u00fcr zuverl\u00e4ssige und<br \/>\n  professionelle Kartenproduktion.<\/p>\n<ul>\n<li>Kapazit\u00e4t: bis zu 1.000 Ausdrucke<\/li>\n<li>Artikelnummer: RCT216NAAA<\/li>\n<\/ul>\n<p><strong>Kompatibel mit Evolis Primacy 2 und Zenius 2 Karten<br \/>\n  Nur f\u00fcr Drucker.<\/strong><\/p>\n<p><strong>Produktgewicht:<\/strong> 0,20 kg<\/p>","protected":false},"excerpt":{"rendered":"<p>F\u00e4rgband Evolis &#8211; RCT216NAAA, guld monokrom (1000 utskrifter) F\u00e4rgband Evolis &#8211; RCT216NAAA, guld monokrom (1000 utskrifter) \u00e4r ett originaltillbeh\u00f6r f\u00f6r kortskrivare som \u00e4r anpassat f\u00f6r p\u00e5litlig och professionell kortproduktion. Kapacitet:<\/p>","protected":false},"featured_media":156359,"template":"","meta":{"_acf_changed":false},"product_brand":[],"product_cat":[4859],"product_tag":[4863],"class_list":{"0":"post-156361","1":"product","2":"type-product","3":"status-publish","4":"has-post-thumbnail","6":"product_cat-primacy-2","7":"product_tag-pf","8":"pa_brands-evolis","9":"tm-no-options","11":"first","12":"instock","13":"sale","14":"taxable","15":"shipping-taxable","16":"purchasable","17":"product-type-simple"},"acf":[],"_links":{"self":[{"href":"https:\/\/secureus.se\/de\/wp-json\/wp\/v2\/product\/156361","targetHints":{"allow":["GET"]}}],"collection":[{"href":"https:\/\/secureus.se\/de\/wp-json\/wp\/v2\/product"}],"about":[{"href":"https:\/\/secureus.se\/de\/wp-json\/wp\/v2\/types\/product"}],"wp:featuredmedia":[{"embeddable":true,"href":"https:\/\/secureus.se\/de\/wp-json\/wp\/v2\/media\/156359"}],"wp:attachment":[{"href":"https:\/\/secureus.se\/de\/wp-json\/wp\/v2\/media?parent=156361"}],"wp:term":[{"taxonomy":"product_brand","embeddable":true,"href":"https:\/\/secureus.se\/de\/wp-json\/wp\/v2\/product_brand?post=156361"},{"taxonomy":"product_cat","embeddable":true,"href":"https:\/\/secureus.se\/de\/wp-json\/wp\/v2\/product_cat?post=156361"},{"taxonomy":"product_tag","embeddable":true,"href":"https:\/\/secureus.se\/de\/wp-json\/wp\/v2\/product_tag?post=156361"}],"curies":[{"name":"wp","href":"https:\/\/api.w.org\/{rel}","templated":true}]}}