{"id":156376,"date":"2025-09-11T15:41:37","date_gmt":"2025-09-11T13:41:37","guid":{"rendered":"https:\/\/secureus.se\/evolis-r2013-red-monochrome-ribbon-1000-prints\/"},"modified":"2026-04-08T16:51:30","modified_gmt":"2026-04-08T14:51:30","slug":"evolis-r2013-red-monochrome-ribbon-1000-prints","status":"publish","type":"product","link":"https:\/\/secureus.se\/de\/evolis-r2013-red-monochrome-ribbon-1000-prints\/","title":{"rendered":"Evolis-Band \u2013 R2013, rot einfarbig (1000 Drucke)"},"content":{"rendered":"<h1>Schleife<br \/>\n  Evolis &#8211; R2013, r\u00f6d monokrom (1000 utskrifter)<\/h1>\n<p>F\u00e4rgband Evolis &#8211; R2013, r\u00f6d monokrom (1000 utskrifter) \u00e4r ett<br \/>\n  Originales Kartendruckerzubeh\u00f6r, das f\u00fcr zuverl\u00e4ssigen Betrieb entwickelt wurde<br \/>\n  professionelle Kartenproduktion.<\/p>\n<ul>\n<li>Kapazit\u00e4t: bis zu 1.000 Ausdrucke<\/li>\n<li>Artikelnummer: R2013<\/li>\n<\/ul>\n<p><strong>Produktgewicht:<\/strong> 0,10 kg<\/p>","protected":false},"excerpt":{"rendered":"<p>F\u00e4rgband Evolis &#8211; R2013, r\u00f6d monokrom (1000 utskrifter) F\u00e4rgband Evolis &#8211; R2013, r\u00f6d monokrom (1000 utskrifter) \u00e4r ett originaltillbeh\u00f6r f\u00f6r kortskrivare som \u00e4r anpassat f\u00f6r p\u00e5litlig och professionell kortproduktion. Kapacitet:<\/p>","protected":false},"featured_media":156375,"template":"","meta":{"_acf_changed":false},"product_brand":[],"product_cat":[4857,4860],"product_tag":[4863],"class_list":{"0":"post-156376","1":"product","2":"type-product","3":"status-publish","4":"has-post-thumbnail","6":"product_cat-pebble","7":"product_cat-quantum","8":"product_tag-pf","9":"pa_brands-evolis","10":"tm-no-options","12":"first","13":"instock","14":"sale","15":"taxable","16":"shipping-taxable","17":"purchasable","18":"product-type-simple"},"acf":[],"_links":{"self":[{"href":"https:\/\/secureus.se\/de\/wp-json\/wp\/v2\/product\/156376","targetHints":{"allow":["GET"]}}],"collection":[{"href":"https:\/\/secureus.se\/de\/wp-json\/wp\/v2\/product"}],"about":[{"href":"https:\/\/secureus.se\/de\/wp-json\/wp\/v2\/types\/product"}],"wp:featuredmedia":[{"embeddable":true,"href":"https:\/\/secureus.se\/de\/wp-json\/wp\/v2\/media\/156375"}],"wp:attachment":[{"href":"https:\/\/secureus.se\/de\/wp-json\/wp\/v2\/media?parent=156376"}],"wp:term":[{"taxonomy":"product_brand","embeddable":true,"href":"https:\/\/secureus.se\/de\/wp-json\/wp\/v2\/product_brand?post=156376"},{"taxonomy":"product_cat","embeddable":true,"href":"https:\/\/secureus.se\/de\/wp-json\/wp\/v2\/product_cat?post=156376"},{"taxonomy":"product_tag","embeddable":true,"href":"https:\/\/secureus.se\/de\/wp-json\/wp\/v2\/product_tag?post=156376"}],"curies":[{"name":"wp","href":"https:\/\/api.w.org\/{rel}","templated":true}]}}