{"id":156404,"date":"2025-09-11T15:41:39","date_gmt":"2025-09-11T13:41:39","guid":{"rendered":"https:\/\/secureus.se\/evolis-rct017naa-metallic-silver-ribbon-1000-prints\/"},"modified":"2026-04-08T17:01:25","modified_gmt":"2026-04-08T15:01:25","slug":"evolis-rct017naa-metallic-silver-ribbon-1000-prints","status":"publish","type":"product","link":"https:\/\/secureus.se\/de\/evolis-rct017naa-metallic-silver-ribbon-1000-prints\/","title":{"rendered":"F\u00e4rgband Evolis &#8211; RCT017NAA, metallic silver (1000 utskrifter)"},"content":{"rendered":"<h1>Schleife<br \/>\n  Evolis &#8211; RCT017NAA, metallic silver (1000 utskrifter)<\/h1>\n<p>F\u00e4rgband Evolis &#8211; RCT017NAA, metallic silver (1000 utskrifter) \u00e4r<br \/>\n  ett originaltillbeh\u00f6r f\u00f6r kortskrivare som \u00e4r anpassat f\u00f6r p\u00e5litlig och professionell<br \/>\n  kortproduktion.<\/p>\n<ul>\n<li>Kapazit\u00e4t: bis zu 1.000 Ausdrucke<\/li>\n<li>Artikelnummer: RCT017NAA<\/li>\n<\/ul>\n<p><strong>Kompatibel med Evolis Primacy och Evolis<br \/>\n  Zenius.<\/strong><\/p>\n<p><strong>Produktgewicht:<\/strong> 0,02 kg<\/p>","protected":false},"excerpt":{"rendered":"<p>F\u00e4rgband Evolis &#8211; RCT017NAA, metallic silver (1000 utskrifter) F\u00e4rgband Evolis &#8211; RCT017NAA, metallic silver (1000 utskrifter) \u00e4r ett originaltillbeh\u00f6r f\u00f6r kortskrivare som \u00e4r anpassat f\u00f6r p\u00e5litlig och professionell kortproduktion. Kapacitet:<\/p>","protected":false},"featured_media":156401,"template":"","meta":{"_acf_changed":false},"product_brand":[],"product_cat":[4858,4862],"product_tag":[4863],"class_list":{"0":"post-156404","1":"product","2":"type-product","3":"status-publish","4":"has-post-thumbnail","6":"product_cat-primacy","7":"product_cat-zenius","8":"product_tag-pf","9":"pa_brands-evolis","10":"tm-no-options","12":"first","13":"instock","14":"sale","15":"taxable","16":"shipping-taxable","17":"purchasable","18":"product-type-simple"},"acf":[],"_links":{"self":[{"href":"https:\/\/secureus.se\/de\/wp-json\/wp\/v2\/product\/156404","targetHints":{"allow":["GET"]}}],"collection":[{"href":"https:\/\/secureus.se\/de\/wp-json\/wp\/v2\/product"}],"about":[{"href":"https:\/\/secureus.se\/de\/wp-json\/wp\/v2\/types\/product"}],"wp:featuredmedia":[{"embeddable":true,"href":"https:\/\/secureus.se\/de\/wp-json\/wp\/v2\/media\/156401"}],"wp:attachment":[{"href":"https:\/\/secureus.se\/de\/wp-json\/wp\/v2\/media?parent=156404"}],"wp:term":[{"taxonomy":"product_brand","embeddable":true,"href":"https:\/\/secureus.se\/de\/wp-json\/wp\/v2\/product_brand?post=156404"},{"taxonomy":"product_cat","embeddable":true,"href":"https:\/\/secureus.se\/de\/wp-json\/wp\/v2\/product_cat?post=156404"},{"taxonomy":"product_tag","embeddable":true,"href":"https:\/\/secureus.se\/de\/wp-json\/wp\/v2\/product_tag?post=156404"}],"curies":[{"name":"wp","href":"https:\/\/api.w.org\/{rel}","templated":true}]}}