{"id":156407,"date":"2025-09-11T15:41:27","date_gmt":"2025-09-11T13:41:27","guid":{"rendered":"https:\/\/secureus.se\/evolis-rct215naaa-white-monochrome-ribbon-1000-prints\/"},"modified":"2026-04-23T12:34:47","modified_gmt":"2026-04-23T10:34:47","slug":"evolis-rct215naaa-white-monochrome-ribbon-1000-prints","status":"publish","type":"product","link":"https:\/\/secureus.se\/de\/evolis-rct215naaa-white-monochrome-ribbon-1000-prints\/","title":{"rendered":"Evolis-Farbband \u2013 RCT215NAAA, wei\u00df monochrom (1000 Ausdrucke)"},"content":{"rendered":"<h1>Schleife<br \/>\n  Evolis - RCT215NAAA, Wei\u00df Monochrom (1000 Ausdrucke)<\/h1>\n<p>Evolis-Farbband \u2013 RCT215NAAA, wei\u00df monochrom (1000 Ausdrucke) ist<br \/>\n  ein wei\u00dfes, einfarbiges Farbband, geeignet f\u00fcr klares Drucken auf dunklem Untergrund<br \/>\n  oder individuell gestaltete Karten, wie z. B. Pr\u00e4sentationskarten und<br \/>\n  Etiketten.<\/p>\n<p>Geeignet f\u00fcr Ausweise, Zugangskarten, Mitgliedskarten und andere<br \/>\n  Plastikkarten, bei denen hohe Druckqualit\u00e4t und Zuverl\u00e4ssigkeit wichtig sind<br \/>\n  wichtig.<\/p>\n<ul>\n<li>Kapazit\u00e4t: bis zu 1.000 Ausdrucke<\/li>\n<li>Armbandtyp: Wei\u00df einfarbig<\/li>\n<li>Artikelnummer: RCT215NAAA<\/li>\n<\/ul>\n<p><strong>Kompatibel mit dem Evolis Primacy 2 Kartendrucker<br \/>\n  nur.<\/strong><\/p>\n<p><strong>Produktgewicht:<\/strong> 0,20 kg<\/p>","protected":false},"excerpt":{"rendered":"<p>F\u00e4rgband Evolis &#8211; RCT215NAAA, vit monokrom (1000 utskrifter) F\u00e4rgband Evolis &#8211; RCT215NAAA, vit monokrom (1000 utskrifter) \u00e4r ett vitt monokromt f\u00e4rgband som l\u00e4mpar sig f\u00f6r tydliga utskrifter p\u00e5 m\u00f6rka eller<\/p>","protected":false},"featured_media":156405,"template":"","meta":{"_acf_changed":false},"product_brand":[],"product_cat":[4859],"product_tag":[4863],"class_list":{"0":"post-156407","1":"product","2":"type-product","3":"status-publish","4":"has-post-thumbnail","6":"product_cat-primacy-2","7":"product_tag-pf","8":"pa_brands-evolis","9":"tm-no-options","11":"first","12":"instock","13":"sale","14":"taxable","15":"shipping-taxable","16":"purchasable","17":"product-type-simple"},"acf":[],"_links":{"self":[{"href":"https:\/\/secureus.se\/de\/wp-json\/wp\/v2\/product\/156407","targetHints":{"allow":["GET"]}}],"collection":[{"href":"https:\/\/secureus.se\/de\/wp-json\/wp\/v2\/product"}],"about":[{"href":"https:\/\/secureus.se\/de\/wp-json\/wp\/v2\/types\/product"}],"wp:featuredmedia":[{"embeddable":true,"href":"https:\/\/secureus.se\/de\/wp-json\/wp\/v2\/media\/156405"}],"wp:attachment":[{"href":"https:\/\/secureus.se\/de\/wp-json\/wp\/v2\/media?parent=156407"}],"wp:term":[{"taxonomy":"product_brand","embeddable":true,"href":"https:\/\/secureus.se\/de\/wp-json\/wp\/v2\/product_brand?post=156407"},{"taxonomy":"product_cat","embeddable":true,"href":"https:\/\/secureus.se\/de\/wp-json\/wp\/v2\/product_cat?post=156407"},{"taxonomy":"product_tag","embeddable":true,"href":"https:\/\/secureus.se\/de\/wp-json\/wp\/v2\/product_tag?post=156407"}],"curies":[{"name":"wp","href":"https:\/\/api.w.org\/{rel}","templated":true}]}}