{"id":156420,"date":"2025-09-11T15:41:27","date_gmt":"2025-09-11T13:41:27","guid":{"rendered":"https:\/\/secureus.se\/evolis-rct219naaa-blackflex-monochrome-ribbon-1000-prints\/"},"modified":"2026-04-08T16:58:11","modified_gmt":"2026-04-08T14:58:11","slug":"evolis-rct219naaa-blackflex-monochrome-ribbon-1000-prints","status":"publish","type":"product","link":"https:\/\/secureus.se\/de\/evolis-rct219naaa-blackflex-monochrome-ribbon-1000-prints\/","title":{"rendered":"Evolis-Farbband \u2013 RCT219NAAA, BlackFlex (1000 Ausdrucke)"},"content":{"rendered":"<h1>Schleife<br \/>\n  Evolis &#8211; RCT219NAAA, BlackFlex (1000 utskrifter)<\/h1>\n<p>F\u00e4rgband Evolis &#8211; RCT219NAAA, BlackFlex (1000 utskrifter) \u00e4r ett<br \/>\n  schwarzes, einfarbiges Band, geeignet f\u00fcr klaren Text, einfache Liniengrafiken und<br \/>\n  Lesbare Barcodes auf Plastikkarten.<\/p>\n<p>Geeignet f\u00fcr Ausweise, Zugangskarten, Mitgliedskarten und andere<br \/>\n  Plastikkarten, bei denen hohe Druckqualit\u00e4t und Zuverl\u00e4ssigkeit wichtig sind<br \/>\n  wichtig.<\/p>\n<ul>\n<li>Kapazit\u00e4t: bis zu 1.000 Ausdrucke<\/li>\n<li>Artikelnummer: RCT219NAAA<\/li>\n<\/ul>\n<p><strong>Kompatibel mit dem Evolis Primacy 2 Kartendrucker<br \/>\n  nur.<\/strong><\/p>\n<p><strong>Produktgewicht:<\/strong> 0,20 kg<\/p>","protected":false},"excerpt":{"rendered":"<p>F\u00e4rgband Evolis &#8211; RCT219NAAA, BlackFlex (1000 utskrifter) F\u00e4rgband Evolis &#8211; RCT219NAAA, BlackFlex (1000 utskrifter) \u00e4r ett svart monokromt f\u00e4rgband som passar f\u00f6r tydlig text, enkla linjegrafiker och l\u00e4sbara streckkoder p\u00e5<\/p>","protected":false},"featured_media":156419,"template":"","meta":{"_acf_changed":false},"product_brand":[],"product_cat":[4859],"product_tag":[4863],"class_list":{"0":"post-156420","1":"product","2":"type-product","3":"status-publish","4":"has-post-thumbnail","6":"product_cat-primacy-2","7":"product_tag-pf","8":"pa_brands-evolis","9":"tm-no-options","11":"first","12":"instock","13":"sale","14":"taxable","15":"shipping-taxable","16":"purchasable","17":"product-type-simple"},"acf":[],"_links":{"self":[{"href":"https:\/\/secureus.se\/de\/wp-json\/wp\/v2\/product\/156420","targetHints":{"allow":["GET"]}}],"collection":[{"href":"https:\/\/secureus.se\/de\/wp-json\/wp\/v2\/product"}],"about":[{"href":"https:\/\/secureus.se\/de\/wp-json\/wp\/v2\/types\/product"}],"wp:featuredmedia":[{"embeddable":true,"href":"https:\/\/secureus.se\/de\/wp-json\/wp\/v2\/media\/156419"}],"wp:attachment":[{"href":"https:\/\/secureus.se\/de\/wp-json\/wp\/v2\/media?parent=156420"}],"wp:term":[{"taxonomy":"product_brand","embeddable":true,"href":"https:\/\/secureus.se\/de\/wp-json\/wp\/v2\/product_brand?post=156420"},{"taxonomy":"product_cat","embeddable":true,"href":"https:\/\/secureus.se\/de\/wp-json\/wp\/v2\/product_cat?post=156420"},{"taxonomy":"product_tag","embeddable":true,"href":"https:\/\/secureus.se\/de\/wp-json\/wp\/v2\/product_tag?post=156420"}],"curies":[{"name":"wp","href":"https:\/\/api.w.org\/{rel}","templated":true}]}}