{"id":156431,"date":"2025-09-11T15:41:40","date_gmt":"2025-09-11T13:41:40","guid":{"rendered":"https:\/\/secureus.se\/evolis-rtcl009naa-retransfer-film-500-prints\/"},"modified":"2026-04-23T12:36:30","modified_gmt":"2026-04-23T10:36:30","slug":"evolis-rtcl009naa-retransfer-film-500-prints","status":"publish","type":"product","link":"https:\/\/secureus.se\/de\/evolis-rtcl009naa-retransfer-film-500-prints\/","title":{"rendered":"Retransferfilm Evolis \u2013 RTCL009NAA (500 Kopien)"},"content":{"rendered":"<h1>Retransferfilm<br \/>\n  Evolis - RTCL009NAA (500 Ausdrucke)<\/h1>\n<p>Der Retransferfilm Evolis \u2013 RTCL009NAA (500 Kopien) ist ein<br \/>\n  Retransferfolie wird verwendet, um Plastikkarten eine glatte, haltbare und<br \/>\n  Professionelle Oberfl\u00e4che. Das Motiv wird auf die Folie gedruckt und anschlie\u00dfend auf den Karton \u00fcbertragen.,<br \/>\n  das eine hohe Detailgenauigkeit und randlosen Druck erm\u00f6glicht.<\/p>\n<p>Eine gute Wahl, wenn Sie die Lebensdauer Ihrer Karten verl\u00e4ngern und verbessern m\u00f6chten.<br \/>\n  Langlebigkeit und ein professionelleres Endergebnis erzielen.<\/p>\n<ul>\n<li>Kapazit\u00e4t: bis zu 500 Ausdrucke pro Rolle<\/li>\n<li>Artikelnummer: RTCL009NAA<\/li>\n<\/ul>\n<p><strong>Kompatibel mit Evolis<br \/>\n  Vorauszahlung.<\/strong><\/p>\n<p><strong>Produktgewicht:<\/strong> 0,15 kg<\/p>","protected":false},"excerpt":{"rendered":"<p>Retransferfilm Evolis &#8211; RTCL009NAA (500 utskrifter) Retransferfilm Evolis &#8211; RTCL009NAA (500 utskrifter) \u00e4r en retransferfilm som anv\u00e4nds f\u00f6r att ge plastkort en j\u00e4mn, slitstark och professionell yta. Motivet skrivs p\u00e5<\/p>","protected":false},"featured_media":156428,"template":"","meta":{"_acf_changed":false},"product_brand":[],"product_cat":[4855],"product_tag":[4863],"class_list":{"0":"post-156431","1":"product","2":"type-product","3":"status-publish","4":"has-post-thumbnail","6":"product_cat-avansia","7":"product_tag-pf","8":"pa_brands-evolis","9":"tm-no-options","11":"first","12":"instock","13":"sale","14":"taxable","15":"shipping-taxable","16":"purchasable","17":"product-type-simple"},"acf":[],"_links":{"self":[{"href":"https:\/\/secureus.se\/de\/wp-json\/wp\/v2\/product\/156431","targetHints":{"allow":["GET"]}}],"collection":[{"href":"https:\/\/secureus.se\/de\/wp-json\/wp\/v2\/product"}],"about":[{"href":"https:\/\/secureus.se\/de\/wp-json\/wp\/v2\/types\/product"}],"wp:featuredmedia":[{"embeddable":true,"href":"https:\/\/secureus.se\/de\/wp-json\/wp\/v2\/media\/156428"}],"wp:attachment":[{"href":"https:\/\/secureus.se\/de\/wp-json\/wp\/v2\/media?parent=156431"}],"wp:term":[{"taxonomy":"product_brand","embeddable":true,"href":"https:\/\/secureus.se\/de\/wp-json\/wp\/v2\/product_brand?post=156431"},{"taxonomy":"product_cat","embeddable":true,"href":"https:\/\/secureus.se\/de\/wp-json\/wp\/v2\/product_cat?post=156431"},{"taxonomy":"product_tag","embeddable":true,"href":"https:\/\/secureus.se\/de\/wp-json\/wp\/v2\/product_tag?post=156431"}],"curies":[{"name":"wp","href":"https:\/\/api.w.org\/{rel}","templated":true}]}}