{"id":156443,"date":"2025-09-11T15:41:28","date_gmt":"2025-09-11T13:41:28","guid":{"rendered":"https:\/\/secureus.se\/evolis-rct223naaa-black-monochrome-ribbon-2000-prints\/"},"modified":"2026-04-08T16:57:52","modified_gmt":"2026-04-08T14:57:52","slug":"evolis-rct223naaa-black-monochrome-ribbon-2000-prints","status":"publish","type":"product","link":"https:\/\/secureus.se\/de\/evolis-rct223naaa-black-monochrome-ribbon-2000-prints\/","title":{"rendered":"Evolis-Farbband \u2013 RCT223NAAA, schwarz monochrom (2000 Ausdrucke)"},"content":{"rendered":"<h1>Schleife<br \/>\n  Evolis - RCT223NAAA, schwarz monochrom (2000 Ausdrucke)<\/h1>\n<p>Evolis-Farbband \u2013 RCT223NAAA, schwarz monochrom (2000 Ausdrucke) ist<br \/>\n  Ein schwarzes, einfarbiges Band, geeignet f\u00fcr klaren Text und einfache Liniengrafiken.<br \/>\n  und lesbare Barcodes auf Plastikkarten.<\/p>\n<p>Geeignet f\u00fcr Ausweise, Zugangskarten, Mitgliedskarten und andere<br \/>\n  Plastikkarten, bei denen hohe Druckqualit\u00e4t und Zuverl\u00e4ssigkeit wichtig sind<br \/>\n  wichtig.<\/p>\n<ul>\n<li>Kapazit\u00e4t: bis zu 2.000 Ausdrucke<\/li>\n<li>Armbandtyp: Schwarz einfarbig<\/li>\n<li>Artikelnummer: RCT223NAAA<\/li>\n<\/ul>\n<p><strong>Kompatibel mit Evolis Primacy 2 und Zenius 2 Karten<br \/>\n  Nur f\u00fcr Drucker.<\/strong><\/p>\n<p><strong>Produktgewicht:<\/strong> 0,20 kg<\/p>","protected":false},"excerpt":{"rendered":"<p>F\u00e4rgband Evolis &#8211; RCT223NAAA, svart monokrom (2000 utskrifter) F\u00e4rgband Evolis &#8211; RCT223NAAA, svart monokrom (2000 utskrifter) \u00e4r ett svart monokromt f\u00e4rgband som passar f\u00f6r tydlig text, enkla linjegrafiker och l\u00e4sbara<\/p>","protected":false},"featured_media":156442,"template":"","meta":{"_acf_changed":false},"product_brand":[],"product_cat":[4859],"product_tag":[4863],"class_list":{"0":"post-156443","1":"product","2":"type-product","3":"status-publish","4":"has-post-thumbnail","6":"product_cat-primacy-2","7":"product_tag-pf","8":"pa_brands-evolis","9":"tm-no-options","11":"first","12":"instock","13":"sale","14":"taxable","15":"shipping-taxable","16":"purchasable","17":"product-type-simple"},"acf":[],"_links":{"self":[{"href":"https:\/\/secureus.se\/de\/wp-json\/wp\/v2\/product\/156443","targetHints":{"allow":["GET"]}}],"collection":[{"href":"https:\/\/secureus.se\/de\/wp-json\/wp\/v2\/product"}],"about":[{"href":"https:\/\/secureus.se\/de\/wp-json\/wp\/v2\/types\/product"}],"wp:featuredmedia":[{"embeddable":true,"href":"https:\/\/secureus.se\/de\/wp-json\/wp\/v2\/media\/156442"}],"wp:attachment":[{"href":"https:\/\/secureus.se\/de\/wp-json\/wp\/v2\/media?parent=156443"}],"wp:term":[{"taxonomy":"product_brand","embeddable":true,"href":"https:\/\/secureus.se\/de\/wp-json\/wp\/v2\/product_brand?post=156443"},{"taxonomy":"product_cat","embeddable":true,"href":"https:\/\/secureus.se\/de\/wp-json\/wp\/v2\/product_cat?post=156443"},{"taxonomy":"product_tag","embeddable":true,"href":"https:\/\/secureus.se\/de\/wp-json\/wp\/v2\/product_tag?post=156443"}],"curies":[{"name":"wp","href":"https:\/\/api.w.org\/{rel}","templated":true}]}}