{"id":156473,"date":"2025-09-11T15:41:29","date_gmt":"2025-09-11T13:41:29","guid":{"rendered":"https:\/\/secureus.se\/evolis-n7h206naaa-easy4pro-ymcko-ko-half-panel-colour-ribbon-250-prints\/"},"modified":"2026-04-08T16:57:07","modified_gmt":"2026-04-08T14:57:07","slug":"evolis-n7h206naaa-easy4pro-ymcko-ko-half-panel-colour-ribbon-250-prints","status":"publish","type":"product","link":"https:\/\/secureus.se\/de\/evolis-n7h206naaa-easy4pro-ymcko-ko-half-panel-colour-ribbon-250-prints\/","title":{"rendered":"Ribbon Evolis Easy4Pro YMCKO-KO \u2013 N7H206NAAA, halbes Panel (250 Drucke)"},"content":{"rendered":"<h1>Schleife<br \/>\n  Evolis Easy4Pro YMCKO-KO \u2013 N7H206NAAA, Halbpanel (250<br \/>\n  Drucke)<\/h1>\n<p>Farbband Evolis Easy4Pro YMCKO-KO \u2013 N7H206NAAA, halbes Panel (250<br \/>\n  prints) ist ein Farbband zum Bedrucken von Plastikkarten mit kr\u00e4ftigen Farben.,<br \/>\n  Klarer Text und gute Detailwiedergabe. Das Farbband vom Typ YMCKO-KO liefert die korrekte<br \/>\n  Kombination aus Farbpaneelen und Schutzfolie f\u00fcr Profis<br \/>\n  Kartendruck.<\/p>\n<p>Geeignet f\u00fcr Ausweise, Zugangskarten, Mitgliedskarten und andere Plastikkarten<br \/>\n  wo hohe Druckqualit\u00e4t und Zuverl\u00e4ssigkeit wichtig sind.<\/p>\n<ul>\n<li>Kapazit\u00e4t: bis zu 250 Ausdrucke<\/li>\n<li>Bandtyp: YMCKO-KO<\/li>\n<li>Artikelnummer: N7H206NAAA<\/li>\n<\/ul>\n<p><strong>Kompatibel mit dem Evolis Primacy 2 Kartendrucker<br \/>\n  nur.<\/strong><\/p>\n<p><strong>Produktgewicht:<\/strong> 0,20 kg<\/p>","protected":false},"excerpt":{"rendered":"<p>F\u00e4rgband Evolis Easy4Pro YMCKO-KO &#8211; N7H206NAAA, halvpanel (250 utskrifter) F\u00e4rgband Evolis Easy4Pro YMCKO-KO &#8211; N7H206NAAA, halvpanel (250 utskrifter) \u00e4r ett f\u00e4rgband f\u00f6r utskrift av plastkort med skarpa f\u00e4rger, tydlig text<\/p>","protected":false},"featured_media":156472,"template":"","meta":{"_acf_changed":false},"product_brand":[],"product_cat":[4856,4859],"product_tag":[4863],"class_list":{"0":"post-156473","1":"product","2":"type-product","3":"status-publish","4":"has-post-thumbnail","6":"product_cat-easy4-pro","7":"product_cat-primacy-2","8":"product_tag-pf","9":"pa_brands-evolis","10":"tm-no-options","12":"first","13":"instock","14":"sale","15":"taxable","16":"shipping-taxable","17":"purchasable","18":"product-type-simple"},"acf":[],"_links":{"self":[{"href":"https:\/\/secureus.se\/de\/wp-json\/wp\/v2\/product\/156473","targetHints":{"allow":["GET"]}}],"collection":[{"href":"https:\/\/secureus.se\/de\/wp-json\/wp\/v2\/product"}],"about":[{"href":"https:\/\/secureus.se\/de\/wp-json\/wp\/v2\/types\/product"}],"wp:featuredmedia":[{"embeddable":true,"href":"https:\/\/secureus.se\/de\/wp-json\/wp\/v2\/media\/156472"}],"wp:attachment":[{"href":"https:\/\/secureus.se\/de\/wp-json\/wp\/v2\/media?parent=156473"}],"wp:term":[{"taxonomy":"product_brand","embeddable":true,"href":"https:\/\/secureus.se\/de\/wp-json\/wp\/v2\/product_brand?post=156473"},{"taxonomy":"product_cat","embeddable":true,"href":"https:\/\/secureus.se\/de\/wp-json\/wp\/v2\/product_cat?post=156473"},{"taxonomy":"product_tag","embeddable":true,"href":"https:\/\/secureus.se\/de\/wp-json\/wp\/v2\/product_tag?post=156473"}],"curies":[{"name":"wp","href":"https:\/\/api.w.org\/{rel}","templated":true}]}}