{"id":156554,"date":"2025-09-11T16:15:43","date_gmt":"2025-09-11T14:15:43","guid":{"rendered":"https:\/\/secureus.se\/magicard-prima-463-0-6mil-clear-patch-laminate-with-chip-patch-600-prints\/"},"modified":"2025-10-21T12:23:34","modified_gmt":"2025-10-21T10:23:34","slug":"magicard-prima-463-0-6mil-clear-patch-laminate-with-chip-patch-600-prints","status":"publish","type":"product","link":"https:\/\/secureus.se\/de\/magicard-prima-463-0-6mil-clear-patch-laminate-with-chip-patch-600-prints\/","title":{"rendered":"Magicard Prima 463 0,6mil Klarsichtlaminat mit Chip-Patch (600 Drucke)"},"content":{"rendered":"<p>Die transparente Laminatfolie Magicard Prima 463 bietet Ihren Kundenkarten zus\u00e4tzlichen Schutz und erh\u00f6ht die Haltbarkeit gegen Kratzer, Ausbleichen und allt\u00e4gliche Abnutzung. Mit einer St\u00e4rke von 0,6 mil verf\u00fcgt die Prima 463-Folie \u00fcber eine Aussparung f\u00fcr den RFID-Chip, sodass dieser auf den Smartcards Ihrer Kunden weiterhin einwandfrei funktioniert.<\/p>\n<ul>\n<li>600 Drucke pro Rolle<\/li>\n<li>0,6 mil transparentes Reparaturlaminat mit Chip-Reparaturplatte<\/li>\n<li>Herstellernummer \u2013 PRIMA463<\/li>\n<\/ul>\n<p><strong>Kompatibel mit dem Kartendrucker Magicard Prima 4.<\/strong><\/p>\n<p><strong><br \/>\nProduktgewicht:<br \/>\n0,29 kg<br \/>\n<\/strong><\/p>","protected":false},"excerpt":{"rendered":"<p>The Magicard Prima 463 clear patch laminate adds a layer of protection to your customer cards to increase\u00a0durability again scratching, fading and everyday abrasions. In 0.6 mil thickness, the Prima<\/p>","protected":false},"featured_media":156548,"template":"","meta":{"_acf_changed":false},"product_brand":[],"product_cat":[4838,3216],"product_tag":[4863],"class_list":{"0":"post-156554","1":"product","2":"type-product","3":"status-publish","4":"has-post-thumbnail","6":"product_cat-magicard-prima-band","7":"product_cat-magicard-fargband-retransfer","8":"product_tag-pf","9":"pa_brands-magicard","10":"tm-has-options","12":"first","13":"outofstock","14":"sale","15":"taxable","16":"shipping-taxable","17":"purchasable","18":"product-type-simple"},"acf":[],"_links":{"self":[{"href":"https:\/\/secureus.se\/de\/wp-json\/wp\/v2\/product\/156554","targetHints":{"allow":["GET"]}}],"collection":[{"href":"https:\/\/secureus.se\/de\/wp-json\/wp\/v2\/product"}],"about":[{"href":"https:\/\/secureus.se\/de\/wp-json\/wp\/v2\/types\/product"}],"wp:featuredmedia":[{"embeddable":true,"href":"https:\/\/secureus.se\/de\/wp-json\/wp\/v2\/media\/156548"}],"wp:attachment":[{"href":"https:\/\/secureus.se\/de\/wp-json\/wp\/v2\/media?parent=156554"}],"wp:term":[{"taxonomy":"product_brand","embeddable":true,"href":"https:\/\/secureus.se\/de\/wp-json\/wp\/v2\/product_brand?post=156554"},{"taxonomy":"product_cat","embeddable":true,"href":"https:\/\/secureus.se\/de\/wp-json\/wp\/v2\/product_cat?post=156554"},{"taxonomy":"product_tag","embeddable":true,"href":"https:\/\/secureus.se\/de\/wp-json\/wp\/v2\/product_tag?post=156554"}],"curies":[{"name":"wp","href":"https:\/\/api.w.org\/{rel}","templated":true}]}}