{"id":156616,"date":"2025-09-11T16:35:40","date_gmt":"2025-09-11T14:35:40","guid":{"rendered":"https:\/\/secureus.se\/fargo-dtc-550-standard-black-ribbon-086204-3000-images\/"},"modified":"2026-04-08T17:02:42","modified_gmt":"2026-04-08T15:02:42","slug":"fargo-dtc-550-standard-black-ribbon-086204-3000-images","status":"publish","type":"product","link":"https:\/\/secureus.se\/de\/fargo-dtc-550-standard-black-ribbon-086204-3000-images\/","title":{"rendered":"Fargo DTC 550 \u2013 550 Farbband (3000 Bilder)"},"content":{"rendered":"<h1>Schleife<br \/>\n  Fargo DTC 550 &#8211; 550 (3000 bilder)<\/h1>\n<p>F\u00e4rgband Fargo DTC 550 &#8211; 550 (3000 bilder) \u00e4r ett svart monokromt<br \/>\n  Farbb\u00e4nder, geeignet f\u00fcr klaren Text, einfache Liniengrafiken und lesbare<br \/>\n  Barcodes auf Plastikkarten.<\/p>\n<p>Geeignet f\u00fcr Ausweise, Zugangskarten, Mitgliedskarten und andere<br \/>\n  Plastikkarten, bei denen hohe Druckqualit\u00e4t und Zuverl\u00e4ssigkeit wichtig sind<br \/>\n  wichtig.<\/p>\n<ul>\n<li>Kapazit\u00e4t: bis zu 3.000 Ausdrucke<\/li>\n<li>Armbandtyp: Schwarz einfarbig<\/li>\n<li>Artikelnummer: 86204<\/li>\n<\/ul>\n<p><strong>Kompatibel mit Fargo<br \/>\n  DTC550.<\/strong><\/p>\n<p><strong>Produktgewicht:<\/strong> 0,01 kg<\/p>","protected":false},"excerpt":{"rendered":"<p>F\u00e4rgband Fargo DTC 550 &#8211; 550 (3000 bilder) F\u00e4rgband Fargo DTC 550 &#8211; 550 (3000 bilder) \u00e4r ett svart monokromt f\u00e4rgband som passar f\u00f6r tydlig text, enkla linjegrafiker och l\u00e4sbara<\/p>","protected":false},"featured_media":156615,"template":"","meta":{"_acf_changed":false},"product_brand":[],"product_cat":[4853],"product_tag":[4863],"class_list":{"0":"post-156616","1":"product","2":"type-product","3":"status-publish","4":"has-post-thumbnail","6":"product_cat-hdp8500-band","7":"product_tag-pf","8":"pa_brands-fargo","9":"tm-no-options","11":"first","12":"outofstock","13":"sale","14":"taxable","15":"shipping-taxable","16":"purchasable","17":"product-type-simple"},"acf":[],"_links":{"self":[{"href":"https:\/\/secureus.se\/de\/wp-json\/wp\/v2\/product\/156616","targetHints":{"allow":["GET"]}}],"collection":[{"href":"https:\/\/secureus.se\/de\/wp-json\/wp\/v2\/product"}],"about":[{"href":"https:\/\/secureus.se\/de\/wp-json\/wp\/v2\/types\/product"}],"wp:featuredmedia":[{"embeddable":true,"href":"https:\/\/secureus.se\/de\/wp-json\/wp\/v2\/media\/156615"}],"wp:attachment":[{"href":"https:\/\/secureus.se\/de\/wp-json\/wp\/v2\/media?parent=156616"}],"wp:term":[{"taxonomy":"product_brand","embeddable":true,"href":"https:\/\/secureus.se\/de\/wp-json\/wp\/v2\/product_brand?post=156616"},{"taxonomy":"product_cat","embeddable":true,"href":"https:\/\/secureus.se\/de\/wp-json\/wp\/v2\/product_cat?post=156616"},{"taxonomy":"product_tag","embeddable":true,"href":"https:\/\/secureus.se\/de\/wp-json\/wp\/v2\/product_tag?post=156616"}],"curies":[{"name":"wp","href":"https:\/\/api.w.org\/{rel}","templated":true}]}}