{"id":156622,"date":"2025-09-11T16:35:45","date_gmt":"2025-09-11T14:35:45","guid":{"rendered":"https:\/\/secureus.se\/fargo-45109-ymcfko-uv-ribbon-200-prints\/"},"modified":"2026-04-23T12:30:21","modified_gmt":"2026-04-23T10:30:21","slug":"fargo-45109-ymcfko-uv-ribbon-200-prints","status":"publish","type":"product","link":"https:\/\/secureus.se\/de\/fargo-45109-ymcfko-uv-ribbon-200-prints\/","title":{"rendered":"Fargo YMCFKO Band \u2013 45109 (200 Drucke)"},"content":{"rendered":"<h1>Schleife<br \/>\n  Fargo YMCFKO \u2013 45109 (200 Drucke)<\/h1>\n<p>Fargo YMCFKO \u2013 45109 (200 Drucke) Band ist ein Band f\u00fcr<br \/>\n  Bedrucken von Plastikkarten mit kr\u00e4ftigen Farben, klarem Text und guter Qualit\u00e4t<br \/>\n  Detailgetreue Wiedergabe. Das Farbband des Typs YMCFKO gew\u00e4hrleistet die korrekte Kombination von Farbfeldern und<br \/>\n  Schutzfolie f\u00fcr den professionellen Kartendruck.<\/p>\n<p>Geeignet f\u00fcr Ausweise, Zugangskarten, Mitgliedskarten und andere<br \/>\n  Plastikkarten, bei denen hohe Druckqualit\u00e4t und Zuverl\u00e4ssigkeit wichtig sind<br \/>\n  wichtig.<\/p>\n<ul>\n<li>Kapazit\u00e4t: bis zu 200 Ausdrucke<\/li>\n<li>Bandtyp: YMCFKO<\/li>\n<li>UV-best\u00e4ndiger Schutz<\/li>\n<li>Artikelnummer: 45109<\/li>\n<\/ul>\n<p><strong>Kompatibel mit Fargo DTC4000 und<br \/>\n  DTC4250e.<\/strong><\/p>\n<p><strong>Produktgewicht:<\/strong> 0,15 kg<\/p>","protected":false},"excerpt":{"rendered":"<p>F\u00e4rgband Fargo YMCFKO &#8211; 45109 (200 utskrifter) F\u00e4rgband Fargo YMCFKO &#8211; 45109 (200 utskrifter) \u00e4r ett f\u00e4rgband f\u00f6r utskrift av plastkort med skarpa f\u00e4rger, tydlig text och bra detalj\u00e5tergivning. Bandtypen<\/p>","protected":false},"featured_media":0,"template":"","meta":{"_acf_changed":false},"product_brand":[],"product_cat":[4844,4845],"product_tag":[4863],"class_list":{"0":"post-156622","1":"product","2":"type-product","3":"status-publish","5":"product_cat-dtc4000-band","6":"product_cat-dtc4250-band","7":"product_tag-pf","8":"pa_brands-fargo","9":"tm-no-options","11":"first","12":"outofstock","13":"sale","14":"taxable","15":"shipping-taxable","16":"purchasable","17":"product-type-simple"},"acf":[],"_links":{"self":[{"href":"https:\/\/secureus.se\/de\/wp-json\/wp\/v2\/product\/156622","targetHints":{"allow":["GET"]}}],"collection":[{"href":"https:\/\/secureus.se\/de\/wp-json\/wp\/v2\/product"}],"about":[{"href":"https:\/\/secureus.se\/de\/wp-json\/wp\/v2\/types\/product"}],"wp:attachment":[{"href":"https:\/\/secureus.se\/de\/wp-json\/wp\/v2\/media?parent=156622"}],"wp:term":[{"taxonomy":"product_brand","embeddable":true,"href":"https:\/\/secureus.se\/de\/wp-json\/wp\/v2\/product_brand?post=156622"},{"taxonomy":"product_cat","embeddable":true,"href":"https:\/\/secureus.se\/de\/wp-json\/wp\/v2\/product_cat?post=156622"},{"taxonomy":"product_tag","embeddable":true,"href":"https:\/\/secureus.se\/de\/wp-json\/wp\/v2\/product_tag?post=156622"}],"curies":[{"name":"wp","href":"https:\/\/api.w.org\/{rel}","templated":true}]}}