{"id":156638,"date":"2025-09-11T16:35:42","date_gmt":"2025-09-11T14:35:42","guid":{"rendered":"https:\/\/secureus.se\/fargo-84922-ymckk-colour-ribbon-600-prints\/"},"modified":"2026-03-26T10:00:28","modified_gmt":"2026-03-26T09:00:28","slug":"fargo-84922-ymckk-colour-ribbon-600-prints","status":"publish","type":"product","link":"https:\/\/secureus.se\/de\/fargo-84922-ymckk-colour-ribbon-600-prints\/","title":{"rendered":"Fargo 84922 YMCKK Farbband (600 Drucke)"},"content":{"rendered":"<p>Das Fargo 84922 YMCKK Vollfarbband erm\u00f6glicht bis zu 600 Ausdrucke in herausragender Qualit\u00e4t. Die Vollfarbfelder erzeugen brillante, hochaufl\u00f6sende Bilder, w\u00e4hrend die beiden schwarzen Harzfelder beidseitigen Druck von scharfem, klarem Text und pr\u00e4zisen Barcodes erm\u00f6glichen.<\/p>\n<ul>\n<li>600 Drucke pro Rolle<\/li>\n<li>Standardm\u00e4\u00dfiger transparenter Retransferfilm<\/li>\n<li>Herstellernummer \u2013 84922<\/li>\n<\/ul>\n<p><strong>Kompatibel mit dem Fargo HDP6600 Kartendrucker.<\/strong><\/p>\n<p>\n <strong><br \/>\n Produktgewicht:<br \/>\n 0,20 kg<br \/>\n <\/strong>\n <\/p>","protected":false},"excerpt":{"rendered":"<p>The Fargo 84922 YMCKK full-colour ribbon produces up to 600, outstanding quality prints. The full-colour panels create vibrant, high-resolution images while the two black resin panels allow dual-sided printing of<\/p>","protected":false},"featured_media":156637,"template":"","meta":{"_acf_changed":false},"product_brand":[],"product_cat":[4852],"product_tag":[4863],"class_list":{"0":"post-156638","1":"product","2":"type-product","3":"status-publish","4":"has-post-thumbnail","6":"product_cat-hdp6600-band","7":"product_tag-pf","8":"pa_brands-fargo","9":"tm-no-options","11":"first","12":"instock","13":"sale","14":"taxable","15":"shipping-taxable","16":"purchasable","17":"product-type-simple"},"acf":[],"_links":{"self":[{"href":"https:\/\/secureus.se\/de\/wp-json\/wp\/v2\/product\/156638","targetHints":{"allow":["GET"]}}],"collection":[{"href":"https:\/\/secureus.se\/de\/wp-json\/wp\/v2\/product"}],"about":[{"href":"https:\/\/secureus.se\/de\/wp-json\/wp\/v2\/types\/product"}],"wp:featuredmedia":[{"embeddable":true,"href":"https:\/\/secureus.se\/de\/wp-json\/wp\/v2\/media\/156637"}],"wp:attachment":[{"href":"https:\/\/secureus.se\/de\/wp-json\/wp\/v2\/media?parent=156638"}],"wp:term":[{"taxonomy":"product_brand","embeddable":true,"href":"https:\/\/secureus.se\/de\/wp-json\/wp\/v2\/product_brand?post=156638"},{"taxonomy":"product_cat","embeddable":true,"href":"https:\/\/secureus.se\/de\/wp-json\/wp\/v2\/product_cat?post=156638"},{"taxonomy":"product_tag","embeddable":true,"href":"https:\/\/secureus.se\/de\/wp-json\/wp\/v2\/product_tag?post=156638"}],"curies":[{"name":"wp","href":"https:\/\/api.w.org\/{rel}","templated":true}]}}