{"id":156651,"date":"2025-09-11T16:35:43","date_gmt":"2025-09-11T14:35:43","guid":{"rendered":"https:\/\/secureus.se\/fargo-45015-ymcko-eco-refill-ribbon-250-prints\/"},"modified":"2026-03-26T09:59:56","modified_gmt":"2026-03-26T08:59:56","slug":"fargo-45015-ymcko-eco-refill-ribbon-250-prints","status":"publish","type":"product","link":"https:\/\/secureus.se\/de\/fargo-45015-ymcko-eco-refill-ribbon-250-prints\/","title":{"rendered":"Fargo 45015 YMCKO Eco Nachf\u00fcllband (250 Ausdrucke)"},"content":{"rendered":"<p>Das Fargo 45015 YMCKO Eco Nachf\u00fcllband ist ein vollfarbiges YMCKO-Farbband, das in die wiederverwendbare Fargo 44261 Nachf\u00fcllkassette passt und so den Plastikm\u00fcll reduziert, ohne die Druckqualit\u00e4t zu beeintr\u00e4chtigen.<\/p>\n<ul>\n<li>250 einseitige Vollfarbdrucke pro Rolle<\/li>\n<li>YMCKO-Farbband (Gelb-, Magenta-, Cyan-, Schwarz- und Overlay-Panels)<\/li>\n<li>Kompatibel mit den Fargo-Kartendruckern DTC1000 und DTC1250e<\/li>\n<\/ul>\n<p>Herstellernummer: 45015<\/p>\n<p>\n <strong><br \/>\n Produktgewicht:<br \/>\n 0,20 kg<br \/>\n <\/strong>\n <\/p>","protected":false},"excerpt":{"rendered":"<p>The Fargo 45015 YMCKO Eco Refill Ribbon is a full-colour YMCKO ribbon designed to slot into the reusable Fargo 44261 Refill Cartridge, reducing single-use plastic waste without compromising on print<\/p>","protected":false},"featured_media":156648,"template":"","meta":{"_acf_changed":false},"product_brand":[],"product_cat":[4841],"product_tag":[4863],"class_list":{"0":"post-156651","1":"product","2":"type-product","3":"status-publish","4":"has-post-thumbnail","6":"product_cat-dtc1000-band","7":"product_tag-pf","8":"pa_brands-fargo","9":"tm-no-options","11":"first","12":"outofstock","13":"sale","14":"taxable","15":"shipping-taxable","16":"purchasable","17":"product-type-simple"},"acf":[],"_links":{"self":[{"href":"https:\/\/secureus.se\/de\/wp-json\/wp\/v2\/product\/156651","targetHints":{"allow":["GET"]}}],"collection":[{"href":"https:\/\/secureus.se\/de\/wp-json\/wp\/v2\/product"}],"about":[{"href":"https:\/\/secureus.se\/de\/wp-json\/wp\/v2\/types\/product"}],"wp:featuredmedia":[{"embeddable":true,"href":"https:\/\/secureus.se\/de\/wp-json\/wp\/v2\/media\/156648"}],"wp:attachment":[{"href":"https:\/\/secureus.se\/de\/wp-json\/wp\/v2\/media?parent=156651"}],"wp:term":[{"taxonomy":"product_brand","embeddable":true,"href":"https:\/\/secureus.se\/de\/wp-json\/wp\/v2\/product_brand?post=156651"},{"taxonomy":"product_cat","embeddable":true,"href":"https:\/\/secureus.se\/de\/wp-json\/wp\/v2\/product_cat?post=156651"},{"taxonomy":"product_tag","embeddable":true,"href":"https:\/\/secureus.se\/de\/wp-json\/wp\/v2\/product_tag?post=156651"}],"curies":[{"name":"wp","href":"https:\/\/api.w.org\/{rel}","templated":true}]}}