{"id":156653,"date":"2025-09-11T16:35:44","date_gmt":"2025-09-11T14:35:44","guid":{"rendered":"https:\/\/secureus.se\/fargo-45106-white-monochrome-ribbon-1000-prints\/"},"modified":"2026-04-23T12:31:42","modified_gmt":"2026-04-23T10:31:42","slug":"fargo-45106-white-monochrome-ribbon-1000-prints","status":"publish","type":"product","link":"https:\/\/secureus.se\/de\/fargo-45106-white-monochrome-ribbon-1000-prints\/","title":{"rendered":"Fargo Ribbon \u2013 45106, Wei\u00df Monochrom (1000 Drucke)"},"content":{"rendered":"<h1>Schleife<br \/>\n  Fargo - 45106, Wei\u00df-Monochrom (1000 Drucke)<\/h1>\n<p>Fargo Ribbon \u2013 45106, Wei\u00df Monochrom (1000 Drucke) ist ein wei\u00dfes<br \/>\n  Monochrom-Farbband, geeignet f\u00fcr klares Drucken auf dunklem oder<br \/>\n  individuell gestaltete Karten, wie z. B. Pr\u00e4sentationskarten und Etiketten.<\/p>\n<p>Geeignet f\u00fcr Ausweise, Zugangskarten, Mitgliedskarten und andere<br \/>\n  Plastikkarten, bei denen hohe Druckqualit\u00e4t und Zuverl\u00e4ssigkeit wichtig sind<br \/>\n  wichtig.<\/p>\n<ul>\n<li>Kapazit\u00e4t: bis zu 1.000 Ausdrucke<\/li>\n<li>Armbandtyp: Wei\u00df einfarbig<\/li>\n<li>Inklusive Reinigungsrolle<\/li>\n<li>Artikelnummer: 45106<\/li>\n<\/ul>\n<p><strong>Kompatibel mit Fargo DTC1000, DTC1250e, DTC4000,<br \/>\n  DTC4250e und C50.<\/strong><\/p>\n<p><strong>Produktgewicht:<\/strong> 0,02 kg<\/p>","protected":false},"excerpt":{"rendered":"<p>F\u00e4rgband Fargo &#8211; 45106, vit monokrom (1000 utskrifter) F\u00e4rgband Fargo &#8211; 45106, vit monokrom (1000 utskrifter) \u00e4r ett vitt monokromt f\u00e4rgband som l\u00e4mpar sig f\u00f6r tydliga utskrifter p\u00e5 m\u00f6rka eller<\/p>","protected":false},"featured_media":156652,"template":"","meta":{"_acf_changed":false},"product_brand":[],"product_cat":[4849,4841,4842,4844,4845],"product_tag":[4863],"class_list":{"0":"post-156653","1":"product","2":"type-product","3":"status-publish","4":"has-post-thumbnail","6":"product_cat-c50-band","7":"product_cat-dtc1000-band","8":"product_cat-dtc1250-band","9":"product_cat-dtc4000-band","10":"product_cat-dtc4250-band","11":"product_tag-pf","12":"pa_brands-fargo","13":"tm-no-options","15":"first","16":"outofstock","17":"sale","18":"taxable","19":"shipping-taxable","20":"purchasable","21":"product-type-simple"},"acf":[],"_links":{"self":[{"href":"https:\/\/secureus.se\/de\/wp-json\/wp\/v2\/product\/156653","targetHints":{"allow":["GET"]}}],"collection":[{"href":"https:\/\/secureus.se\/de\/wp-json\/wp\/v2\/product"}],"about":[{"href":"https:\/\/secureus.se\/de\/wp-json\/wp\/v2\/types\/product"}],"wp:featuredmedia":[{"embeddable":true,"href":"https:\/\/secureus.se\/de\/wp-json\/wp\/v2\/media\/156652"}],"wp:attachment":[{"href":"https:\/\/secureus.se\/de\/wp-json\/wp\/v2\/media?parent=156653"}],"wp:term":[{"taxonomy":"product_brand","embeddable":true,"href":"https:\/\/secureus.se\/de\/wp-json\/wp\/v2\/product_brand?post=156653"},{"taxonomy":"product_cat","embeddable":true,"href":"https:\/\/secureus.se\/de\/wp-json\/wp\/v2\/product_cat?post=156653"},{"taxonomy":"product_tag","embeddable":true,"href":"https:\/\/secureus.se\/de\/wp-json\/wp\/v2\/product_tag?post=156653"}],"curies":[{"name":"wp","href":"https:\/\/api.w.org\/{rel}","templated":true}]}}