{"id":156663,"date":"2025-09-11T16:35:45","date_gmt":"2025-09-11T14:35:45","guid":{"rendered":"https:\/\/secureus.se\/fargo-82604-orbit-polyguard-overlaminate-250-prints\/"},"modified":"2026-03-26T09:59:15","modified_gmt":"2026-03-26T08:59:15","slug":"fargo-82604-orbit-polyguard-overlaminate-250-prints","status":"publish","type":"product","link":"https:\/\/secureus.se\/de\/fargo-82604-orbit-polyguard-overlaminate-250-prints\/","title":{"rendered":"Fargo 82604 Orbit Polyguard \u00dcberlaminat (250 Drucke)"},"content":{"rendered":"<p>Die Fargo 82604 ist eine 1,0 mil starke Polyguard-Schutzlaminierung, die die Lebensdauer von Plastikkarten verl\u00e4ngert. Die Schutzlaminierung bietet ein hochwertiges Sicherheitsmerkmal in Form eines holografischen Orbit-Designs, das nachweislich F\u00e4lschungen vorbeugt. Die Dicke von 1,0 mil sch\u00fctzt die Karten zudem vor allt\u00e4glicher Abnutzung.<\/p>\n<ul>\n<li>\n<p>250 Drucke<\/p>\n<\/li>\n<li>\n<p>Orbit-Design-\u00dcberlaminat<\/p>\n<\/li>\n<li>\n<p>Kompatibel mit den Fargo-Kartendruckern DTC4500, DTC4500e und HDP5000<\/p>\n<\/li>\n<\/ul>\n<p>\n <strong><br \/>\n Produktgewicht:<br \/>\n 0,50 kg<br \/>\n <\/strong>\n <\/p>","protected":false},"excerpt":{"rendered":"<p>The Fargo 82604 is a 1.0 mil polyguard overlaminate that helps to enhance the life of a plastic card. The overlaminate provides a high-quality security feature in the form of<\/p>","protected":false},"featured_media":156661,"template":"","meta":{"_acf_changed":false},"product_brand":[],"product_cat":[4846,4850,4851],"product_tag":[4863],"class_list":{"0":"post-156663","1":"product","2":"type-product","3":"status-publish","4":"has-post-thumbnail","6":"product_cat-dtc4500-band","7":"product_cat-hdp5000-band","8":"product_cat-hdp5000e-band","9":"product_tag-pf","10":"pa_brands-fargo","11":"tm-no-options","13":"first","14":"instock","15":"sale","16":"taxable","17":"shipping-taxable","18":"purchasable","19":"product-type-simple"},"acf":[],"_links":{"self":[{"href":"https:\/\/secureus.se\/de\/wp-json\/wp\/v2\/product\/156663","targetHints":{"allow":["GET"]}}],"collection":[{"href":"https:\/\/secureus.se\/de\/wp-json\/wp\/v2\/product"}],"about":[{"href":"https:\/\/secureus.se\/de\/wp-json\/wp\/v2\/types\/product"}],"wp:featuredmedia":[{"embeddable":true,"href":"https:\/\/secureus.se\/de\/wp-json\/wp\/v2\/media\/156661"}],"wp:attachment":[{"href":"https:\/\/secureus.se\/de\/wp-json\/wp\/v2\/media?parent=156663"}],"wp:term":[{"taxonomy":"product_brand","embeddable":true,"href":"https:\/\/secureus.se\/de\/wp-json\/wp\/v2\/product_brand?post=156663"},{"taxonomy":"product_cat","embeddable":true,"href":"https:\/\/secureus.se\/de\/wp-json\/wp\/v2\/product_cat?post=156663"},{"taxonomy":"product_tag","embeddable":true,"href":"https:\/\/secureus.se\/de\/wp-json\/wp\/v2\/product_tag?post=156663"}],"curies":[{"name":"wp","href":"https:\/\/api.w.org\/{rel}","templated":true}]}}