{"id":158134,"date":"2025-06-10T11:33:18","date_gmt":"2025-06-10T09:33:18","guid":{"rendered":"https:\/\/secureus.se\/ajax-internal-battery-nb-7-2v-95ah-batteripack-for-hub-bp\/"},"modified":"2026-03-09T17:36:04","modified_gmt":"2026-03-09T16:36:04","slug":"ajax-internal-battery-nb-7-2v-95ah-batteripack-for-hub-bp","status":"publish","type":"product","link":"https:\/\/secureus.se\/de\/ajax-internal-battery-nb-7-2v-95ah-batteripack-for-hub-bp\/","title":{"rendered":"Ajax Interner Akku NB (7,2 V\/95 Ah) \u2013 Akkupack f\u00fcr Hub BP"},"content":{"rendered":"<p data-start=\"409\" data-end=\"785\"><strong data-start=\"409\" data-end=\"449\">Ajax Interner Akku NB (7,2 V\/95 Ah)<\/strong> ist ein Hochleistungsakku, der speziell f\u00fcr die Verwendung mit dem Ajax Hub BP entwickelt wurde. Der Akku ist nicht wiederaufladbar und wird direkt im Nabengeh\u00e4use montiert. Im Energiesparmodus kann das System bis zu [Anzahl] Stunden betrieben werden. <strong data-start=\"668\" data-end=\"682\">17 Monate<\/strong> ohne externe Stromversorgung \u2013 perfekt f\u00fcr Installationen, bei denen ein zuverl\u00e4ssiger Batteriebetrieb unerl\u00e4sslich ist.<\/p>\n<p data-start=\"787\" data-end=\"1091\">Die Batterie besteht aus <strong data-start=\"812\" data-end=\"843\">10 St\u00fcck LTC ER34615-LD Zellen<\/strong> und bietet auch unter rauen Bedingungen einen stabilen Betrieb. Es h\u00e4lt die Leerlaufspannung unabh\u00e4ngig von der Restkapazit\u00e4t konstant, weist eine extrem niedrige Selbstentladung von weniger als 1 % pro Jahr auf und ist bis zu 10 Jahre bei Raumtemperatur lagerf\u00e4hig.<\/p>\n<p data-start=\"1093\" data-end=\"1108\"><strong data-start=\"1093\" data-end=\"1108\">Eigenschaften:<\/strong><\/p>\n<ul data-start=\"1109\" data-end=\"1443\">\n<li data-start=\"1109\" data-end=\"1127\">\n<p data-start=\"1111\" data-end=\"1127\">Spannung: 7,2 V<\/p>\n<\/li>\n<li data-start=\"1128\" data-end=\"1147\">\n<p data-start=\"1130\" data-end=\"1147\">Kapazit\u00e4t: 95 Ah<\/p>\n<\/li>\n<li data-start=\"1148\" data-end=\"1205\">\n<p data-start=\"1150\" data-end=\"1205\">Betriebsdauer: bis zu 17 Monate im Batteriesparmodus<\/p>\n<\/li>\n<li data-start=\"1206\" data-end=\"1246\">\n<p data-start=\"1208\" data-end=\"1246\">Temperaturbereich: -10 \u00b0C bis +40 \u00b0C<\/p>\n<\/li>\n<li data-start=\"1247\" data-end=\"1333\">\n<p data-start=\"1249\" data-end=\"1333\">Lagerf\u00e4higkeit: bis zu 10 Jahre (bis zu 6 Monate bei +30 \u00b0C ohne Beeintr\u00e4chtigung der Funktion)<\/p>\n<\/li>\n<li data-start=\"1334\" data-end=\"1387\">\n<p data-start=\"1336\" data-end=\"1387\">Montage: Passt direkt in das Ajax Hub BP-Geh\u00e4use<\/p>\n<\/li>\n<li data-start=\"1388\" data-end=\"1422\">\n<p data-start=\"1390\" data-end=\"1422\">Batterietyp: 10x LTC ER34615-LD<\/p>\n<\/li>\n<li data-start=\"1423\" data-end=\"1443\">\n<p data-start=\"1425\" data-end=\"1443\">Nicht wiederaufladbar<\/p>\n<\/li>\n<\/ul>\n<p data-start=\"1445\" data-end=\"1568\">Dies ist die perfekte L\u00f6sung f\u00fcr alle, die f\u00fcr ihren Ajax Hub BP einen langen und stabilen Akkubetrieb ben\u00f6tigen \u2013 ohne Kompromisse.<\/p>","protected":false},"excerpt":{"rendered":"<p>Interner Akku f\u00fcr Ajax Hub BP (7,2 V\/95 Ah). Nicht wiederaufladbar. Bietet bis zu 17 Monate Betriebsdauer im Energiesparmodus. Besteht aus 10 LTC ER34615-LD-Batterien.<\/p>","protected":false},"featured_media":158133,"template":"","meta":{"_acf_changed":false},"product_brand":[],"product_cat":[3171,3128],"product_tag":[4863],"class_list":{"0":"post-158134","1":"product","2":"type-product","3":"status-publish","4":"has-post-thumbnail","6":"product_cat-psu-stromforsorjning","7":"product_cat-ajax-reservdelar-fasten","8":"product_tag-pf","9":"product_shipping_class-tunga-paket","10":"pa_brands-ajax-systems","11":"tm-no-options","13":"first","14":"instock","15":"sale","16":"taxable","17":"shipping-taxable","18":"purchasable","19":"product-type-simple"},"acf":[],"_links":{"self":[{"href":"https:\/\/secureus.se\/de\/wp-json\/wp\/v2\/product\/158134","targetHints":{"allow":["GET"]}}],"collection":[{"href":"https:\/\/secureus.se\/de\/wp-json\/wp\/v2\/product"}],"about":[{"href":"https:\/\/secureus.se\/de\/wp-json\/wp\/v2\/types\/product"}],"wp:featuredmedia":[{"embeddable":true,"href":"https:\/\/secureus.se\/de\/wp-json\/wp\/v2\/media\/158133"}],"wp:attachment":[{"href":"https:\/\/secureus.se\/de\/wp-json\/wp\/v2\/media?parent=158134"}],"wp:term":[{"taxonomy":"product_brand","embeddable":true,"href":"https:\/\/secureus.se\/de\/wp-json\/wp\/v2\/product_brand?post=158134"},{"taxonomy":"product_cat","embeddable":true,"href":"https:\/\/secureus.se\/de\/wp-json\/wp\/v2\/product_cat?post=158134"},{"taxonomy":"product_tag","embeddable":true,"href":"https:\/\/secureus.se\/de\/wp-json\/wp\/v2\/product_tag?post=158134"}],"curies":[{"name":"wp","href":"https:\/\/api.w.org\/{rel}","templated":true}]}}