{"id":158212,"date":"2025-09-18T11:33:38","date_gmt":"2025-09-18T09:33:38","guid":{"rendered":"https:\/\/secureus.se\/?post_type=product&#038;p=158212"},"modified":"2026-04-04T13:44:53","modified_gmt":"2026-04-04T11:44:53","slug":"slutbleck-0046-gul","status":"publish","type":"product","link":"https:\/\/secureus.se\/de\/slutbleck-0046-gul\/","title":{"rendered":"Endplatte 0046 Gelb"},"content":{"rendered":"","protected":false},"excerpt":{"rendered":"<p>ABLOY 0046 ist eine Schlie\u00dfplatte f\u00fcr Rollenschl\u00f6sser. Sie passt unter anderem in das Schlossgeh\u00e4use 4238.<\/p>\n<p><b>Eigenschaften:<\/b><\/p>\n<ul>\n<li>Breite: 31 mm<\/li>\n<li>H\u00f6he: 100mm<\/li>\n<li>Zungengr\u00f6\u00dfe: 12 mm (bis zum Beginn der Biegung)<\/li>\n<\/ul>","protected":false},"featured_media":158214,"template":"","meta":{"_acf_changed":false},"product_brand":[],"product_cat":[2969,4891],"product_tag":[],"class_list":{"0":"post-158212","1":"product","2":"type-product","3":"status-publish","4":"has-post-thumbnail","6":"product_cat-innerdorrlas","7":"product_cat-slutbleck-och-tillbehor","8":"product_shipping_class-postnord-varubrev","9":"pa_brands-abloy","10":"tm-no-options","12":"first","13":"instock","14":"sale","15":"taxable","16":"shipping-taxable","17":"purchasable","18":"product-type-simple"},"acf":[],"_links":{"self":[{"href":"https:\/\/secureus.se\/de\/wp-json\/wp\/v2\/product\/158212","targetHints":{"allow":["GET"]}}],"collection":[{"href":"https:\/\/secureus.se\/de\/wp-json\/wp\/v2\/product"}],"about":[{"href":"https:\/\/secureus.se\/de\/wp-json\/wp\/v2\/types\/product"}],"wp:featuredmedia":[{"embeddable":true,"href":"https:\/\/secureus.se\/de\/wp-json\/wp\/v2\/media\/158214"}],"wp:attachment":[{"href":"https:\/\/secureus.se\/de\/wp-json\/wp\/v2\/media?parent=158212"}],"wp:term":[{"taxonomy":"product_brand","embeddable":true,"href":"https:\/\/secureus.se\/de\/wp-json\/wp\/v2\/product_brand?post=158212"},{"taxonomy":"product_cat","embeddable":true,"href":"https:\/\/secureus.se\/de\/wp-json\/wp\/v2\/product_cat?post=158212"},{"taxonomy":"product_tag","embeddable":true,"href":"https:\/\/secureus.se\/de\/wp-json\/wp\/v2\/product_tag?post=158212"}],"curies":[{"name":"wp","href":"https:\/\/api.w.org\/{rel}","templated":true}]}}