{"id":158316,"date":"2025-09-22T12:48:32","date_gmt":"2025-09-22T10:48:32","guid":{"rendered":"https:\/\/secureus.se\/tidsrela-6-30v-programmerbar\/"},"modified":"2026-03-13T18:51:37","modified_gmt":"2026-03-13T17:51:37","slug":"tidsrela-6-30v-programmerbar","status":"publish","type":"product","link":"https:\/\/secureus.se\/de\/tidsrela-6-30v-programmerbar\/","title":{"rendered":"Zeitrelais 6\u201330 V, programmierbar 0,01 s\u20139999 Minuten \u2013 LCD-Anzeige, Pro-Serie"},"content":{"rendered":"<h1>Zeitrelais 6-30V programmierbar mit LCD-Anzeige<\/h1>\n<p>Dieses fortschrittliche Zeitrelaismodul von Sinilink ist ideal f\u00fcr Automatisierungsprojekte, bei denen eine pr\u00e4zise Zeitsteuerung erforderlich ist.<\/p>\n<p>Es ist mit einem \u00fcbersichtlichen LCD-Display, breiter Spannungskompatibilit\u00e4t und Unterst\u00fctzung f\u00fcr mehrere Betriebsmodi sowie zyklische Funktionen ausgestattet.<\/p>\n<h3 data-start=\"428\" data-end=\"447\"><strong data-start=\"432\" data-end=\"447\">Eigenschaften:<\/strong><\/h3>\n<ol data-start=\"449\" data-end=\"1101\">\n<li data-start=\"449\" data-end=\"525\">\n<p data-start=\"452\" data-end=\"525\">Das LCD-Display zeigt deutlich den aktuellen Betriebszustand und die eingestellten Parameter an.<\/p>\n<\/li>\n<li data-start=\"526\" data-end=\"598\">\n<p data-start=\"529\" data-end=\"598\">Unterst\u00fctzung f\u00fcr High- und Low-Pegel-Triggerung sowie Steuerung \u00fcber Schalter.<\/p>\n<\/li>\n<li data-start=\"599\" data-end=\"668\">\n<p data-start=\"602\" data-end=\"668\">Breiter Eingangsspannungsbereich: 6\u201330 V, unterst\u00fctzt auch 5 V \u00fcber Micro-USB.<\/p>\n<\/li>\n<li data-start=\"669\" data-end=\"728\">\n<p data-start=\"672\" data-end=\"728\">Unterst\u00fctzung der UART-Daten\u00fcbertragung und Parametereinstellung.<\/p>\n<\/li>\n<li data-start=\"729\" data-end=\"791\">\n<p data-start=\"732\" data-end=\"791\">Not-Aus mit STOP-Taste und Schutz vor Verpolung.<\/p>\n<\/li>\n<li data-start=\"792\" data-end=\"890\">\n<p data-start=\"795\" data-end=\"890\">Energiesparmodus: Wenn innerhalb von 5 Minuten keine Taste gedr\u00fcckt wird, schaltet sich die Hintergrundbeleuchtung automatisch aus.<\/p>\n<\/li>\n<li data-start=\"891\" data-end=\"954\">\n<p data-start=\"894\" data-end=\"954\">Unabh\u00e4ngige OP-, CL- und LOP-Parameter k\u00f6nnen separat gespeichert werden.<\/p>\n<\/li>\n<li data-start=\"955\" data-end=\"1015\">\n<p data-start=\"958\" data-end=\"1015\">Alle Einstellungen werden im Falle eines Stromausfalls automatisch gespeichert.<\/p>\n<\/li>\n<li data-start=\"1016\" data-end=\"1101\">\n<p data-start=\"1019\" data-end=\"1101\">Industrielle Bauweise mit Optokoppler-Isolation f\u00fcr erh\u00f6hte St\u00f6rfestigkeit.<\/p>\n<\/li>\n<\/ol>\n<h3 data-start=\"1108\" data-end=\"1132\"><strong data-start=\"1112\" data-end=\"1132\">Spezifikationen:<\/strong><\/h3>\n<ul data-start=\"1134\" data-end=\"1539\">\n<li data-start=\"1134\" data-end=\"1163\">\n<p data-start=\"1136\" data-end=\"1163\"><strong data-start=\"1136\" data-end=\"1155\">Betriebsspannung:<\/strong> 6\u201330 V<\/p>\n<\/li>\n<li data-start=\"1164\" data-end=\"1214\">\n<p data-start=\"1166\" data-end=\"1214\"><strong data-start=\"1166\" data-end=\"1184\">Zeitintervall:<\/strong> 0,01 s\u20139999 min (einstellbar)<\/p>\n<\/li>\n<li data-start=\"1215\" data-end=\"1307\">\n<p data-start=\"1217\" data-end=\"1237\"><strong data-start=\"1217\" data-end=\"1235\">Triggersignal:<\/strong><\/p>\n<ul data-start=\"1240\" data-end=\"1307\">\n<li data-start=\"1240\" data-end=\"1261\">\n<p data-start=\"1242\" data-end=\"1261\">Hoher Pegel: 3,0\u201324 V<\/p>\n<\/li>\n<li data-start=\"1264\" data-end=\"1286\">\n<p data-start=\"1266\" data-end=\"1286\">Niedriges Niveau: 0,0\u20130,2 V<\/p>\n<\/li>\n<li data-start=\"1289\" data-end=\"1307\">\n<p data-start=\"1291\" data-end=\"1307\">Passiver Schalter<\/p>\n<\/li>\n<\/ul>\n<\/li>\n<li data-start=\"1308\" data-end=\"1375\">\n<p data-start=\"1310\" data-end=\"1333\"><strong data-start=\"1310\" data-end=\"1331\">Ausgangskapazit\u00e4t:<\/strong><\/p>\n<ul data-start=\"1336\" data-end=\"1375\">\n<li data-start=\"1336\" data-end=\"1375\">\n<p data-start=\"1338\" data-end=\"1375\">Bis zu 30 V 5 A Gleichstrom oder 220 V 5 A Wechselstrom<\/p>\n<\/li>\n<\/ul>\n<\/li>\n<li data-start=\"1376\" data-end=\"1400\">\n<p data-start=\"1378\" data-end=\"1400\"><strong data-start=\"1378\" data-end=\"1392\">Ruhestrom:<\/strong> 15mA<\/p>\n<\/li>\n<li data-start=\"1401\" data-end=\"1426\">\n<p data-start=\"1403\" data-end=\"1426\"><strong data-start=\"1403\" data-end=\"1418\">Betriebsstrom:<\/strong> 50 mA<\/p>\n<\/li>\n<li data-start=\"1427\" data-end=\"1467\">\n<p data-start=\"1429\" data-end=\"1467\"><strong data-start=\"1429\" data-end=\"1443\">Leben:<\/strong> Mehr als 100.000 Zyklen<\/p>\n<\/li>\n<li data-start=\"1468\" data-end=\"1508\">\n<p data-start=\"1470\" data-end=\"1508\"><strong data-start=\"1470\" data-end=\"1491\">Arbeitstemperatur:<\/strong> -40 bis +85 \u00b0C<\/p>\n<\/li>\n<li data-start=\"1509\" data-end=\"1539\">\n<p data-start=\"1511\" data-end=\"1539\"><strong data-start=\"1511\" data-end=\"1523\">Gr\u00f6\u00dfe:<\/strong> 88 \u00d7 38 \u00d7 19 mm<\/p>\n<\/li>\n<\/ul>\n<h3 data-start=\"1546\" data-end=\"1575\"><strong data-start=\"1550\" data-end=\"1575\">Auswahl des Zeitintervalls:<\/strong><\/h3>\n<p data-start=\"1577\" data-end=\"1608\">Auf dem OP\/CL-Einstellungsbildschirm:<\/p>\n<ul data-start=\"1609\" data-end=\"1733\">\n<li data-start=\"1609\" data-end=\"1637\">\n<p data-start=\"1611\" data-end=\"1637\"><code data-start=\"1611\" data-end=\"1617\">XXXX<\/code> = 1\u20139999 Sekunden<\/p>\n<\/li>\n<li data-start=\"1638\" data-end=\"1670\">\n<p data-start=\"1640\" data-end=\"1670\"><code data-start=\"1640\" data-end=\"1647\">XXX.X<\/code> = 0,1\u2013999,9 Sekunden<\/p>\n<\/li>\n<li data-start=\"1671\" data-end=\"1704\">\n<p data-start=\"1673\" data-end=\"1704\"><code data-start=\"1673\" data-end=\"1680\">XX.XX<\/code> = 0,01\u201399,99 Sekunden<\/p>\n<\/li>\n<li data-start=\"1705\" data-end=\"1733\">\n<p data-start=\"1707\" data-end=\"1733\"><code data-start=\"1707\" data-end=\"1716\">XXXX<\/code> = 1\u20139999 Minuten<\/p>\n<\/li>\n<\/ul>\n<h3 data-start=\"1740\" data-end=\"1769\"><strong data-start=\"1744\" data-end=\"1769\">Parametereinstellung:<\/strong><\/h3>\n<ul data-start=\"1771\" data-end=\"1889\">\n<li data-start=\"1771\" data-end=\"1797\">\n<p data-start=\"1773\" data-end=\"1797\"><strong data-start=\"1773\" data-end=\"1780\">OP:<\/strong> Einschaltzeit<\/p>\n<\/li>\n<li data-start=\"1798\" data-end=\"1824\">\n<p data-start=\"1800\" data-end=\"1824\"><strong data-start=\"1800\" data-end=\"1807\">CL:<\/strong> Abschaltzeit<\/p>\n<\/li>\n<li data-start=\"1825\" data-end=\"1889\">\n<p data-start=\"1827\" data-end=\"1889\"><strong data-start=\"1827\" data-end=\"1835\">LAUFEN:<\/strong> Anzahl der Zyklen (1\u20139999 oder \u201e\u2014-\u201c f\u00fcr eine Endlosschleife)<\/p>\n<\/li>\n<\/ul>\n<p data-start=\"1891\" data-end=\"1905\">Zum \u00c4ndern:<\/p>\n<ol data-start=\"1906\" data-end=\"2236\">\n<li data-start=\"1906\" data-end=\"1956\">\n<p data-start=\"1909\" data-end=\"1956\">Halten <strong data-start=\"1917\" data-end=\"1924\">SATZ<\/strong> um die Einstellungen aufzurufen<\/p>\n<\/li>\n<li data-start=\"1957\" data-end=\"1989\">\n<p data-start=\"1960\" data-end=\"1989\">Arbeitsmodus mit AUF\/AB ausw\u00e4hlen<\/p>\n<\/li>\n<li data-start=\"1990\" data-end=\"2057\">\n<p data-start=\"1993\" data-end=\"2057\">Mit SET best\u00e4tigen, um zu den Parametereinstellungen zu gelangen.<\/p>\n<\/li>\n<li data-start=\"2058\" data-end=\"2121\">\n<p data-start=\"2061\" data-end=\"2121\">Passen Sie jeden Parameter durch kurzes\/langes Dr\u00fccken der AUF-\/AB-Taste an.<\/p>\n<\/li>\n<li data-start=\"2122\" data-end=\"2186\">\n<p data-start=\"2125\" data-end=\"2186\">Dr\u00fccken <strong data-start=\"2134\" data-end=\"2142\">STOPPEN<\/strong> zwischen Sekunden und Minuten umschalten<\/p>\n<\/li>\n<li data-start=\"2187\" data-end=\"2236\">\n<p data-start=\"2190\" data-end=\"2236\">Dr\u00fccken und halten <strong data-start=\"2205\" data-end=\"2212\">SATZ<\/strong> um zu sparen und zu verlassen<\/p>\n<\/li>\n<\/ol>\n<h3 data-start=\"2243\" data-end=\"2263\"><strong data-start=\"2247\" data-end=\"2263\">Betriebsarten:<\/strong><\/h3>\n<ul data-start=\"2265\" data-end=\"2716\">\n<li data-start=\"2265\" data-end=\"2308\">\n<p data-start=\"2267\" data-end=\"2308\"><strong data-start=\"2267\" data-end=\"2274\">P1:<\/strong> Ausl\u00f6ser \u2192 Relais ein (OP-Zeit) \u2192 aus<\/p>\n<\/li>\n<li data-start=\"2309\" data-end=\"2374\">\n<p data-start=\"2311\" data-end=\"2374\"><strong data-start=\"2311\" data-end=\"2318\">P2:<\/strong> Ausl\u00f6ser \u2192 Weiterleitung an (OP) \u2192 Ausl\u00f6ser w\u00e4hrend OP \u2192 Neuberechnung<\/p>\n<\/li>\n<li data-start=\"2375\" data-end=\"2430\">\n<p data-start=\"2377\" data-end=\"2430\"><strong data-start=\"2377\" data-end=\"2384\">P3:<\/strong> Ausl\u00f6ser \u2192 Relais auf (OP) \u2192 neuer Ausl\u00f6ser \u2192 zur\u00fccksetzen<\/p>\n<\/li>\n<li data-start=\"2431\" data-end=\"2488\">\n<p data-start=\"2433\" data-end=\"2488\"><strong data-start=\"2433\" data-end=\"2440\">P4:<\/strong> Ausl\u00f6ser \u2192 Warten auf OP \u2192 Relais ein \u2192 OP bereit \u2192 aus<\/p>\n<\/li>\n<li data-start=\"2489\" data-end=\"2561\">\n<p data-start=\"2491\" data-end=\"2561\"><strong data-start=\"2491\" data-end=\"2498\">P5:<\/strong> Ausl\u00f6ser \u2192 OP ein \u2192 CL aus \u2192 Zyklus startet (Anzahl definierbar)<\/p>\n<\/li>\n<li data-start=\"2562\" data-end=\"2613\">\n<p data-start=\"2564\" data-end=\"2613\"><strong data-start=\"2564\" data-end=\"2571\">P6:<\/strong> Automatischer Zyklus ohne Ausl\u00f6ser (OP + CL)<\/p>\n<\/li>\n<li data-start=\"2614\" data-end=\"2716\">\n<p data-start=\"2616\" data-end=\"2716\"><strong data-start=\"2616\" data-end=\"2623\">P7:<\/strong> Das Relais bleibt aktiv, solange ein Signal anliegt. Im Falle einer Unterbrechung startet der OP-Timer und das Relais wird abgeschaltet.<\/p>\n<\/li>\n<\/ul>\n<h3 data-start=\"2723\" data-end=\"2754\"><strong data-start=\"2727\" data-end=\"2754\">Zus\u00e4tzliche Funktionen:<\/strong><\/h3>\n<ul data-start=\"2756\" data-end=\"3075\">\n<li data-start=\"2756\" data-end=\"2850\">\n<p data-start=\"2758\" data-end=\"2850\"><strong data-start=\"2758\" data-end=\"2783\">Automatischer Schlafmodus:<\/strong> Schaltet den LCD-Hintergrund nach 5 Minuten aus (kann aktiviert\/deaktiviert werden).<\/p>\n<\/li>\n<li data-start=\"2851\" data-end=\"2920\">\n<p data-start=\"2853\" data-end=\"2920\"><strong data-start=\"2853\" data-end=\"2877\">Relaisfunktion EIN\/AUS:<\/strong> STOP-Schalter, wenn das Relais auf Bedingungen reagieren soll<\/p>\n<\/li>\n<li data-start=\"2921\" data-end=\"2989\">\n<p data-start=\"2923\" data-end=\"2989\"><strong data-start=\"2923\" data-end=\"2947\">Parameterpr\u00fcfung:<\/strong> Kurzes Dr\u00fccken auf SET zeigt die aktuellen Werte an<\/p>\n<\/li>\n<li data-start=\"2990\" data-end=\"3075\">\n<p data-start=\"2992\" data-end=\"3075\"><strong data-start=\"2992\" data-end=\"3012\">Bildschirmumschaltung:<\/strong> Im Modus P5\/P6 kann die Anzeige zwischen Zeit und Anzahl der Zyklen umschalten.<\/p>\n<\/li>\n<\/ul>\n<p data-start=\"1765\" data-end=\"1813\">","protected":false},"excerpt":{"rendered":"<p>Zeitrelaismodul mit LCD-Anzeige, einstellbarer Verz\u00f6gerung (0,01 s \u2013 9999 min) und Unterst\u00fctzung f\u00fcr mehrere Triggermodi.<\/p>\n<p>Perfekt geeignet f\u00fcr Automatisierung, zyklische Steuerung und pr\u00e4zises Zeitmanagement.<\/p>","protected":false},"featured_media":158313,"template":"","meta":{"_acf_changed":false},"product_brand":[],"product_cat":[1548,4154],"product_tag":[],"class_list":{"0":"post-158316","1":"product","2":"type-product","3":"status-publish","4":"has-post-thumbnail","6":"product_cat-relaer-elektronik","7":"product_cat-tidrela","8":"product_shipping_class-postnord-varubrev","9":"pa_brands-stonehouse-security","10":"tm-no-options","12":"first","13":"instock","14":"sale","15":"taxable","16":"shipping-taxable","17":"purchasable","18":"product-type-simple"},"acf":[],"_links":{"self":[{"href":"https:\/\/secureus.se\/de\/wp-json\/wp\/v2\/product\/158316","targetHints":{"allow":["GET"]}}],"collection":[{"href":"https:\/\/secureus.se\/de\/wp-json\/wp\/v2\/product"}],"about":[{"href":"https:\/\/secureus.se\/de\/wp-json\/wp\/v2\/types\/product"}],"wp:featuredmedia":[{"embeddable":true,"href":"https:\/\/secureus.se\/de\/wp-json\/wp\/v2\/media\/158313"}],"wp:attachment":[{"href":"https:\/\/secureus.se\/de\/wp-json\/wp\/v2\/media?parent=158316"}],"wp:term":[{"taxonomy":"product_brand","embeddable":true,"href":"https:\/\/secureus.se\/de\/wp-json\/wp\/v2\/product_brand?post=158316"},{"taxonomy":"product_cat","embeddable":true,"href":"https:\/\/secureus.se\/de\/wp-json\/wp\/v2\/product_cat?post=158316"},{"taxonomy":"product_tag","embeddable":true,"href":"https:\/\/secureus.se\/de\/wp-json\/wp\/v2\/product_tag?post=158316"}],"curies":[{"name":"wp","href":"https:\/\/api.w.org\/{rel}","templated":true}]}}