{"id":158320,"date":"2025-09-22T12:46:45","date_gmt":"2025-09-22T10:46:45","guid":{"rendered":"https:\/\/secureus.se\/rela-24v-4-kanals-med-hog-lag-nivastyrning\/"},"modified":"2026-04-01T16:17:40","modified_gmt":"2026-04-01T14:17:40","slug":"rela-24v-4-kanals-med-hog-lag-nivastyrning","status":"publish","type":"product","link":"https:\/\/secureus.se\/de\/rela-24v-4-kanals-med-hog-lag-nivastyrning\/","title":{"rendered":"24-V-Relais, 4-Kanal, mit Hoch-\/Niedrigpegelsteuerung, Pro-Serie"},"content":{"rendered":"<h1>24-V-Relais mit 4 Kan\u00e4len und Hoch-\/Niedrigpegelsteuerung<\/h1>\n<p><span style=\"text-decoration: underline\"><strong>Perfekt geeignet f\u00fcr Alarm- und Telekommunikationsinstallationen.<\/strong><\/span><\/p>\n<ol data-start=\"579\" data-end=\"1159\">\n<li data-start=\"579\" data-end=\"686\">\n<p data-start=\"582\" data-end=\"615\">Ausgestattet mit einem hochwertigen Originalrelais<\/p>\n<ul data-start=\"619\" data-end=\"686\">\n<li data-start=\"619\" data-end=\"686\">\n<p data-start=\"621\" data-end=\"686\">Maximale Belastung: Wechselstrom 250 V\/10 A, Gleichstrom 30 V\/10 A (normalerweise offener Kontakt)<\/p>\n<\/li>\n<\/ul>\n<\/li>\n<li data-start=\"687\" data-end=\"788\">\n<p data-start=\"690\" data-end=\"757\">Doppelte Optokoppler-Isolation f\u00fcr hohe Sicherheit und stabile Leistung<\/p>\n<ul data-start=\"761\" data-end=\"788\">\n<li data-start=\"761\" data-end=\"788\">\n<p data-start=\"763\" data-end=\"788\">Triggerstrom: nur 5 mA<\/p>\n<\/li>\n<\/ul>\n<\/li>\n<li data-start=\"789\" data-end=\"812\">\n<p data-start=\"792\" data-end=\"812\">Arbetssp\u00e4nning: 24V<\/p>\n<\/li>\n<li data-start=\"813\" data-end=\"897\">\n<p data-start=\"816\" data-end=\"897\">Jeder Kanal kann so konfiguriert werden, dass er durch einen hohen oder niedrigen Pegel (mittels Jumper) ausgel\u00f6st wird.<\/p>\n<\/li>\n<li data-start=\"898\" data-end=\"979\">\n<p data-start=\"901\" data-end=\"979\">Fehlertolerantes Design \u2013 bei Unterbrechung der Steuerleitung wird das Relais nicht versehentlich aktiviert.<\/p>\n<\/li>\n<li data-start=\"980\" data-end=\"1073\">\n<p data-start=\"983\" data-end=\"1001\">LED-Anzeigen:<\/p>\n<ul data-start=\"1005\" data-end=\"1073\">\n<li data-start=\"1005\" data-end=\"1029\">\n<p data-start=\"1007\" data-end=\"1029\">Gr\u00fcn: Betriebsanzeige<\/p>\n<\/li>\n<li data-start=\"1033\" data-end=\"1073\">\n<p data-start=\"1035\" data-end=\"1073\">Rot: Relaisstatus f\u00fcr jeden Kanal<\/p>\n<\/li>\n<\/ul>\n<\/li>\n<li data-start=\"1074\" data-end=\"1159\">\n<p data-start=\"1077\" data-end=\"1159\">Benutzerfreundliches Layout \u2013 alle Anschl\u00fcsse sind \u00fcber \u00fcbersichtliche Schraubklemmen zug\u00e4nglich.<\/p>\n<\/li>\n<\/ol>\n<p data-start=\"1161\" data-end=\"1172\"><strong>Schnittstelle:<\/strong><\/p>\n<p data-start=\"1174\" data-end=\"1192\">Stromanschluss:<\/p>\n<ul data-start=\"1193\" data-end=\"1291\">\n<li data-start=\"1193\" data-end=\"1242\">\n<p data-start=\"1195\" data-end=\"1242\">DC+: Wird an den Pluspol des Netzteils angeschlossen<\/p>\n<\/li>\n<li data-start=\"1243\" data-end=\"1291\">\n<p data-start=\"1245\" data-end=\"1291\">DC-: Wird an den Minuspol des Netzteils angeschlossen<\/p>\n<\/li>\n<\/ul>\n<p data-start=\"1293\" data-end=\"1308\"><strong>Steuersignale:<\/strong><\/p>\n<ul data-start=\"1309\" data-end=\"1384\">\n<li data-start=\"1309\" data-end=\"1384\">\n<p data-start=\"1311\" data-end=\"1384\">IN1, IN2: Steuert das jeweilige Relais in Abh\u00e4ngigkeit vom eingestellten Ausl\u00f6sepegel (hoch\/niedrig).<\/p>\n<\/li>\n<\/ul>\n<p data-start=\"1386\" data-end=\"1399\"><strong>Relaisausgang:<\/strong><\/p>\n<ul data-start=\"1400\" data-end=\"1621\">\n<li data-start=\"1400\" data-end=\"1493\">\n<p data-start=\"1402\" data-end=\"1493\">NO1, NO2 (Normalerweise offen): Normalerweise offener Kontakt \u2013 im Ruhezustand ge\u00f6ffnet, bei Aktivierung geschlossen.<\/p>\n<\/li>\n<li data-start=\"1494\" data-end=\"1526\">\n<p data-start=\"1496\" data-end=\"1526\">COM1, COM2: Gemeinsamer Anschluss<\/p>\n<\/li>\n<li data-start=\"1527\" data-end=\"1621\">\n<p data-start=\"1529\" data-end=\"1621\">NC1, NC2 (Normalerweise geschlossen): Normalerweise geschlossener Kontakt \u2013 in Ruhestellung geschlossen, bei Aktivierung ge\u00f6ffnet.<\/p>\n<\/li>\n<\/ul>\n<p data-start=\"1623\" data-end=\"1644\"><strong>Auswahl der Ausl\u00f6sestufe:<\/strong><\/p>\n<ul data-start=\"1645\" data-end=\"1813\">\n<li data-start=\"1645\" data-end=\"1698\">\n<p data-start=\"1647\" data-end=\"1698\">S1, S2: Jumper-Auswahl f\u00fcr den Triggerpegel an Relais 1 und 2<\/p>\n<\/li>\n<li data-start=\"1699\" data-end=\"1762\">\n<p data-start=\"1701\" data-end=\"1762\">Wenn COM am Jumper mit Low-Pegel verbunden ist \u2192 Low-Pegel-Triggerung<\/p>\n<\/li>\n<li data-start=\"1763\" data-end=\"1813\">\n<p data-start=\"1765\" data-end=\"1813\">Wenn COM mit hohem Pegel verbunden ist \u2192 Ausl\u00f6sung durch hohen Pegel<\/p>\n<\/li>\n<\/ul>\n<p><strong>Messen<\/strong>: 7,5 cm x 5 cm<\/p>","protected":false},"excerpt":{"rendered":"<p>Kompakt 2-kanals rel\u00e4modul med 24V driftsp\u00e4nning, st\u00f6d f\u00f6r h\u00f6g- och l\u00e5g-niv\u00e5triggning samt dubbel optokopplarisolering f\u00f6r stabil och s\u00e4ker styrning.<\/p>\n<p>Ausgestattet mit LED-Anzeigen und benutzerfreundlichen Schraubklemmen f\u00fcr eine einfache Installation.<\/p>\n<p>Perfekt geeignet f\u00fcr Alarm- und Telekommunikationsinstallationen.<\/p>\n<p><strong>Messen<\/strong>: 7,5 cm x 5 cm<\/p>","protected":false},"featured_media":158317,"template":"","meta":{"_acf_changed":false},"product_brand":[],"product_cat":[1548,4152],"product_tag":[],"class_list":{"0":"post-158320","1":"product","2":"type-product","3":"status-publish","4":"has-post-thumbnail","6":"product_cat-relaer-elektronik","7":"product_cat-rela-24-volt","8":"product_shipping_class-postnord-varubrev","9":"pa_brands-stonehouse-security","10":"tm-no-options","12":"first","13":"instock","14":"sale","15":"taxable","16":"shipping-taxable","17":"purchasable","18":"product-type-simple"},"acf":[],"_links":{"self":[{"href":"https:\/\/secureus.se\/de\/wp-json\/wp\/v2\/product\/158320","targetHints":{"allow":["GET"]}}],"collection":[{"href":"https:\/\/secureus.se\/de\/wp-json\/wp\/v2\/product"}],"about":[{"href":"https:\/\/secureus.se\/de\/wp-json\/wp\/v2\/types\/product"}],"wp:featuredmedia":[{"embeddable":true,"href":"https:\/\/secureus.se\/de\/wp-json\/wp\/v2\/media\/158317"}],"wp:attachment":[{"href":"https:\/\/secureus.se\/de\/wp-json\/wp\/v2\/media?parent=158320"}],"wp:term":[{"taxonomy":"product_brand","embeddable":true,"href":"https:\/\/secureus.se\/de\/wp-json\/wp\/v2\/product_brand?post=158320"},{"taxonomy":"product_cat","embeddable":true,"href":"https:\/\/secureus.se\/de\/wp-json\/wp\/v2\/product_cat?post=158320"},{"taxonomy":"product_tag","embeddable":true,"href":"https:\/\/secureus.se\/de\/wp-json\/wp\/v2\/product_tag?post=158320"}],"curies":[{"name":"wp","href":"https:\/\/api.w.org\/{rel}","templated":true}]}}