{"id":158370,"date":"2025-09-22T13:21:16","date_gmt":"2025-09-22T11:21:16","guid":{"rendered":"https:\/\/secureus.se\/?post_type=product&#038;p=158370"},"modified":"2026-03-12T13:01:17","modified_gmt":"2026-03-12T12:01:17","slug":"siren-spp-110-hog-ljudstyrka-for-bil-larm-eller-sakerhetssystem","status":"publish","type":"product","link":"https:\/\/secureus.se\/de\/siren-spp-110-hog-ljudstyrka-for-bil-larm-eller-sakerhetssystem\/","title":{"rendered":"Sirene SPP-110 \u2013 Hohe Lautst\u00e4rke f\u00fcr Auto-, Alarm- oder Sicherheitssysteme"},"content":{"rendered":"<h1>Sirene SPP-110 \u2013 Hohe Lautst\u00e4rke f\u00fcr Auto-, Alarm- oder Sicherheitssysteme<\/h1>\n<p data-start=\"178\" data-end=\"424\">Die Sirene SPP-110 dient zum Ausl\u00f6sen von Alarmen.<\/p>\n<p data-start=\"178\" data-end=\"424\">Das Ger\u00e4t ist f\u00fcr den Einsatz mit Brandmeldezentralen konzipiert, einschlie\u00dflich sowohl konventioneller Modelle (CSP-104, CSP-108, CSP-204, CSP-208) als auch der adressierbaren Zentrale ACSP-402.<\/p>\n<h4 data-start=\"426\" data-end=\"446\"><strong data-start=\"431\" data-end=\"446\">Merkmale:<\/strong><\/h4>\n<ul data-start=\"447\" data-end=\"624\">\n<li data-start=\"447\" data-end=\"506\">\n<p data-start=\"449\" data-end=\"506\">Akustisches Signal, erzeugt mit einem piezoelektrischen Wandler<\/p>\n<\/li>\n<li data-start=\"507\" data-end=\"540\">\n<p data-start=\"509\" data-end=\"540\">Auswahl aus 32 verschiedenen Klangtypen<\/p>\n<\/li>\n<li data-start=\"541\" data-end=\"564\">\n<p data-start=\"543\" data-end=\"564\">Einstellbare Lautst\u00e4rke<\/p>\n<\/li>\n<li data-start=\"565\" data-end=\"624\">\n<p data-start=\"567\" data-end=\"624\">Erh\u00e4ltlich in roter Ausf\u00fchrung (SPP-110) und wei\u00dfer Ausf\u00fchrung (SPP-110-W)<\/p>\n<\/li>\n<\/ul>\n<h4 data-start=\"626\" data-end=\"660\"><strong data-start=\"631\" data-end=\"660\">Technische Spezifikationen:<\/strong><\/h4>\n<ul data-start=\"661\" data-end=\"932\">\n<li data-start=\"661\" data-end=\"694\">\n<p data-start=\"663\" data-end=\"694\"><strong data-start=\"663\" data-end=\"681\">Betriebsspannung:<\/strong> 18\u201328 V DC<\/p>\n<\/li>\n<li data-start=\"695\" data-end=\"737\">\n<p data-start=\"697\" data-end=\"737\"><strong data-start=\"697\" data-end=\"729\">Stromverbrauch im Alarmmodus:<\/strong> 15mA<\/p>\n<\/li>\n<li data-start=\"738\" data-end=\"782\">\n<p data-start=\"740\" data-end=\"782\"><strong data-start=\"740\" data-end=\"761\">Arbeitstemperatur:<\/strong> -10 \u00b0C bis +55 \u00b0C<\/p>\n<\/li>\n<li data-start=\"783\" data-end=\"833\">\n<p data-start=\"785\" data-end=\"833\"><strong data-start=\"785\" data-end=\"811\">Maximale Luftfeuchtigkeit:<\/strong> 95 % (ohne Kondensation)<\/p>\n<\/li>\n<li data-start=\"834\" data-end=\"860\">\n<p data-start=\"836\" data-end=\"860\"><strong data-start=\"836\" data-end=\"852\">Schutzklasse:<\/strong> IP21C<\/p>\n<\/li>\n<li data-start=\"861\" data-end=\"882\">\n<p data-start=\"863\" data-end=\"882\"><strong data-start=\"863\" data-end=\"878\">Umweltklasse:<\/strong> A<\/p>\n<\/li>\n<li data-start=\"883\" data-end=\"914\">\n<p data-start=\"885\" data-end=\"914\"><strong data-start=\"885\" data-end=\"894\">Messen:<\/strong> 108 \u00d7 108 \u00d7 87 mm<\/p>\n<\/li>\n<li data-start=\"915\" data-end=\"932\">\n<p data-start=\"917\" data-end=\"932\"><strong data-start=\"917\" data-end=\"926\">Gewicht:<\/strong> 225 g<\/p>\n<\/li>\n<\/ul>\n<p>&nbsp;<\/p>","protected":false},"excerpt":{"rendered":"<p>Die Sirene SPP-110 ist eine piezoelektrische Alarmsirene f\u00fcr Brandmeldeanlagen mit 32 verschiedenen T\u00f6nen, einstellbarer Lautst\u00e4rke und geringem Stromverbrauch.<\/p>\n<p>Passt sowohl f\u00fcr herk\u00f6mmliche als auch f\u00fcr adressierbare Bedienfelder.<\/p>","protected":false},"featured_media":158368,"template":"","meta":{"_acf_changed":false},"product_brand":[],"product_cat":[1562,5097,1825],"product_tag":[2959,2269,2422,2420],"class_list":{"0":"post-158370","1":"product","2":"type-product","3":"status-publish","4":"has-post-thumbnail","6":"product_cat-larmdon-blixtljus","7":"product_cat-kombisiren-blixt-brand","8":"product_cat-sirener-brand","9":"product_tag-certifierad-en54","10":"product_tag-larmdon-brand-rod","11":"product_tag-rel-brand","12":"product_tag-rel-larmdonblixt","13":"product_shipping_class-postnord-varubrev","14":"pa_brands-satel","15":"tm-no-options","17":"first","18":"instock","19":"sale","20":"featured","21":"taxable","22":"shipping-taxable","23":"purchasable","24":"product-type-simple"},"acf":[],"_links":{"self":[{"href":"https:\/\/secureus.se\/de\/wp-json\/wp\/v2\/product\/158370","targetHints":{"allow":["GET"]}}],"collection":[{"href":"https:\/\/secureus.se\/de\/wp-json\/wp\/v2\/product"}],"about":[{"href":"https:\/\/secureus.se\/de\/wp-json\/wp\/v2\/types\/product"}],"wp:featuredmedia":[{"embeddable":true,"href":"https:\/\/secureus.se\/de\/wp-json\/wp\/v2\/media\/158368"}],"wp:attachment":[{"href":"https:\/\/secureus.se\/de\/wp-json\/wp\/v2\/media?parent=158370"}],"wp:term":[{"taxonomy":"product_brand","embeddable":true,"href":"https:\/\/secureus.se\/de\/wp-json\/wp\/v2\/product_brand?post=158370"},{"taxonomy":"product_cat","embeddable":true,"href":"https:\/\/secureus.se\/de\/wp-json\/wp\/v2\/product_cat?post=158370"},{"taxonomy":"product_tag","embeddable":true,"href":"https:\/\/secureus.se\/de\/wp-json\/wp\/v2\/product_tag?post=158370"}],"curies":[{"name":"wp","href":"https:\/\/api.w.org\/{rel}","templated":true}]}}