{"id":158404,"date":"2025-09-24T14:38:18","date_gmt":"2025-09-24T12:38:18","guid":{"rendered":"https:\/\/secureus.se\/?post_type=product&#038;p=158404"},"modified":"2026-04-08T16:10:42","modified_gmt":"2026-04-08T14:10:42","slug":"fargo-hdp5000e-retransfer-id-card-printer-enkelsidig","status":"publish","type":"product","link":"https:\/\/secureus.se\/de\/fargo-hdp5000e-retransfer-id-card-printer-enkelsidig\/","title":{"rendered":"Fargo HDP5000e Retransfer-ID-Kartendrucker (einseitig)"},"content":{"rendered":"<p>Die FARGO HDP5000e basiert auf sieben Generationen fortschrittlicher Retransfertechnologie und jahrzehntelanger Erfahrung und ist f\u00fcr anspruchsvolle Umgebungen konzipiert, in denen Zuverl\u00e4ssigkeit und Druckqualit\u00e4t unerl\u00e4sslich sind. Als Branchenf\u00fchrer im Retransferdruck seit \u00fcber 25 Jahren bietet die HDP5000e au\u00dfergew\u00f6hnliche Druckaufl\u00f6sung, un\u00fcbertroffene Langlebigkeit und minimale Ausfallzeiten und gew\u00e4hrleistet so einen reibungslosen Betrieb in der Kartenproduktion.<\/p>\n<ul>\n<li>Drucken Sie 133 vollfarbige Karten pro Stunde<\/li>\n<li>Un\u00fcbertroffene 4-j\u00e4hrige Herstellergarantie<\/li>\n<li>Einseitige und doppelseitige Modelle erh\u00e4ltlich<\/li>\n<\/ul>\n<p><strong><br \/>\nProduktgewicht:<br \/>\n8,00 kg<br \/>\n<\/strong><\/p>","protected":false},"excerpt":{"rendered":"<p>Built on seven generations of advanced retransfer technology and decades of expertise, the FARGO HDP5000e is engineered for high-demand environments where reliability and print quality are non-negotiable. As an industry<\/p>","protected":false},"featured_media":158399,"template":"","meta":{"_acf_changed":false},"product_brand":[],"product_cat":[3206],"product_tag":[],"class_list":{"0":"post-158404","1":"product","2":"type-product","3":"status-publish","4":"has-post-thumbnail","6":"product_cat-fargo","7":"pa_brands-fargo","8":"tm-no-options","10":"first","11":"instock","12":"sale","13":"taxable","14":"shipping-taxable","15":"purchasable","16":"product-type-simple"},"acf":[],"_links":{"self":[{"href":"https:\/\/secureus.se\/de\/wp-json\/wp\/v2\/product\/158404","targetHints":{"allow":["GET"]}}],"collection":[{"href":"https:\/\/secureus.se\/de\/wp-json\/wp\/v2\/product"}],"about":[{"href":"https:\/\/secureus.se\/de\/wp-json\/wp\/v2\/types\/product"}],"wp:featuredmedia":[{"embeddable":true,"href":"https:\/\/secureus.se\/de\/wp-json\/wp\/v2\/media\/158399"}],"wp:attachment":[{"href":"https:\/\/secureus.se\/de\/wp-json\/wp\/v2\/media?parent=158404"}],"wp:term":[{"taxonomy":"product_brand","embeddable":true,"href":"https:\/\/secureus.se\/de\/wp-json\/wp\/v2\/product_brand?post=158404"},{"taxonomy":"product_cat","embeddable":true,"href":"https:\/\/secureus.se\/de\/wp-json\/wp\/v2\/product_cat?post=158404"},{"taxonomy":"product_tag","embeddable":true,"href":"https:\/\/secureus.se\/de\/wp-json\/wp\/v2\/product_tag?post=158404"}],"curies":[{"name":"wp","href":"https:\/\/api.w.org\/{rel}","templated":true}]}}