{"id":158822,"date":"2025-10-02T10:45:51","date_gmt":"2025-10-02T08:45:51","guid":{"rendered":"https:\/\/secureus.se\/inomhussiren-12v-m19-volymkontroll-sabotagekontakt\/"},"modified":"2026-03-18T11:18:56","modified_gmt":"2026-03-18T10:18:56","slug":"inomhussiren-12v-m19-volymkontroll-sabotagekontakt","status":"publish","type":"product","link":"https:\/\/secureus.se\/de\/inomhussiren-12v-m19-volymkontroll-sabotagekontakt\/","title":{"rendered":"Innensirene 12V M19 Lautst\u00e4rkeregler Sabotageschalter"},"content":{"rendered":"<h1>Innensirene 12V M19 Lautst\u00e4rkeregler Sabotageschalter<\/h1>\n<p data-start=\"198\" data-end=\"591\">Diese leistungsstarke und zuverl\u00e4ssige Innensirene ist f\u00fcr den Einsatz in verschiedenen Alarmsystemen konzipiert.<\/p>\n<p data-start=\"198\" data-end=\"591\">Mit einem Schallpegel von bis zu <strong data-start=\"328\" data-end=\"340\">115 dB\/m<\/strong>Mit Lautst\u00e4rkeregelung und doppeltem Manipulationsschutz ist es eine ausgezeichnete Wahl f\u00fcr Installationen, die Sicherheit, Flexibilit\u00e4t und zuverl\u00e4ssige Audiosignalisierung erfordern.<\/p>\n<p data-start=\"198\" data-end=\"591\">Das schlichte, wei\u00dfe Design aus robustem ABS-Kunststoff sorgt daf\u00fcr, dass sich die Sirene unauff\u00e4llig in moderne Innenr\u00e4ume einf\u00fcgt.<\/p>\n<h4 data-start=\"593\" data-end=\"613\"><strong data-start=\"598\" data-end=\"613\">Merkmale:<\/strong><\/h4>\n<ul data-start=\"615\" data-end=\"1505\">\n<li data-start=\"615\" data-end=\"747\">\n<p data-start=\"617\" data-end=\"747\"><strong data-start=\"617\" data-end=\"635\">Hohes Volumen<\/strong>: Erzeugt bis zu 115 dB in einem Meter Entfernung \u2013 ausreichend, um effektiv vor einem Eindringen oder einem Brand zu warnen.<\/p>\n<\/li>\n<li data-start=\"748\" data-end=\"895\">\n<p data-start=\"750\" data-end=\"895\"><strong data-start=\"750\" data-end=\"774\">Doppeltriggersignal<\/strong>Die Sirene kann aktiviert werden \u00fcber <strong data-start=\"802\" data-end=\"834\">zwei separate Trigger-Eing\u00e4nge<\/strong>Dies bietet Flexibilit\u00e4t beim Anschluss an verschiedene Alarmsysteme.<\/p>\n<\/li>\n<li data-start=\"896\" data-end=\"1000\">\n<p data-start=\"898\" data-end=\"1000\"><strong data-start=\"898\" data-end=\"915\">Zwei Klangmodi<\/strong>Je nach Anwendung und Vorliebe k\u00f6nnen Sie zwischen zwei verschiedenen Alarmsignalen (Melodie) w\u00e4hlen.<\/p>\n<\/li>\n<li data-start=\"1001\" data-end=\"1109\">\n<p data-start=\"1003\" data-end=\"1109\"><strong data-start=\"1003\" data-end=\"1020\">Lautst\u00e4rkeregelung<\/strong>: Einstellbare Lautst\u00e4rke zur Anpassung des Schallpegels an die Bed\u00fcrfnisse des Raumes oder die Anforderungen des Benutzers.<\/p>\n<\/li>\n<li data-start=\"1110\" data-end=\"1236\">\n<p data-start=\"1112\" data-end=\"1236\"><strong data-start=\"1112\" data-end=\"1129\">Manipulationsschutz<\/strong>Ausgestattet mit doppeltem Schutz \u2013 reagiert sowohl auf Versuche, das Geh\u00e4use zu \u00f6ffnen, als auch auf das Abnehmen von der Wand.<\/p>\n<\/li>\n<li data-start=\"1237\" data-end=\"1376\">\n<p data-start=\"1239\" data-end=\"1376\"><strong data-start=\"1239\" data-end=\"1274\">Moderne und langlebige Konstruktion<\/strong>Hergestellt aus flammhemmendem und schlagfestem ABS-Kunststoff, ausgelegt f\u00fcr lange Lebensdauer und zuverl\u00e4ssigen Betrieb.<\/p>\n<\/li>\n<li data-start=\"1377\" data-end=\"1505\">\n<p data-start=\"1379\" data-end=\"1505\"><strong data-start=\"1379\" data-end=\"1408\">Universelle Kompatibilit\u00e4t<\/strong>L\u00e4sst sich problemlos an die meisten herk\u00f6mmlichen und adressierbaren Alarmsysteme anschlie\u00dfen, die 12V DC unterst\u00fctzen.<\/p>\n<\/li>\n<\/ul>\n<h4 data-start=\"1507\" data-end=\"1543\"><strong data-start=\"1512\" data-end=\"1543\">Typische Anwendungsgebiete:<\/strong><\/h4>\n<ul data-start=\"1545\" data-end=\"1698\">\n<li data-start=\"1545\" data-end=\"1554\">\n<p data-start=\"1547\" data-end=\"1554\">Hausalarm<\/p>\n<\/li>\n<li data-start=\"1555\" data-end=\"1588\">\n<p data-start=\"1557\" data-end=\"1588\">B\u00fcros und Gesch\u00e4ftsr\u00e4ume<\/p>\n<\/li>\n<li data-start=\"1589\" data-end=\"1616\">\n<p data-start=\"1591\" data-end=\"1616\">Gesch\u00e4fte und Lagerh\u00e4user<\/p>\n<\/li>\n<li data-start=\"1617\" data-end=\"1668\">\n<p data-start=\"1619\" data-end=\"1668\">Schulen, Gesundheitseinrichtungen und \u00f6ffentliche Geb\u00e4ude<\/p>\n<\/li>\n<li data-start=\"1669\" data-end=\"1698\">\n<p data-start=\"1671\" data-end=\"1698\">Feueralarm und Panikalarm<\/p>\n<\/li>\n<\/ul>\n<h4 data-start=\"1700\" data-end=\"1731\"><strong data-start=\"1705\" data-end=\"1731\">Technische Spezifikation:<\/strong><\/h4>\n<div class=\"_tableContainer_1rjym_1\">\n<div class=\"group _tableWrapper_1rjym_13 flex w-fit flex-col-reverse\">\n<table class=\"w-fit min-w-(--thread-content-width)\" data-start=\"1733\" data-end=\"2706\">\n<thead data-start=\"1733\" data-end=\"1797\">\n<tr data-start=\"1733\" data-end=\"1797\">\n<th data-start=\"1733\" data-end=\"1764\" data-col-size=\"sm\">Eigentum<\/th>\n<th data-start=\"1764\" data-end=\"1797\" data-col-size=\"sm\">Wert<\/th>\n<\/tr>\n<\/thead>\n<tbody data-start=\"1862\" data-end=\"2706\">\n<tr data-start=\"1862\" data-end=\"1926\">\n<td data-start=\"1862\" data-end=\"1892\" data-col-size=\"sm\"><strong data-start=\"1864\" data-end=\"1880\">Modellnummer<\/strong><\/td>\n<td data-start=\"1892\" data-end=\"1926\" data-col-size=\"sm\">M19<\/td>\n<\/tr>\n<tr data-start=\"1927\" data-end=\"1991\">\n<td data-start=\"1927\" data-end=\"1957\" data-col-size=\"sm\"><strong data-start=\"1929\" data-end=\"1945\">Sirenenart<\/strong><\/td>\n<td data-start=\"1957\" data-end=\"1991\" data-col-size=\"sm\">Innenraum, Akustik<\/td>\n<\/tr>\n<tr data-start=\"1992\" data-end=\"2056\">\n<td data-start=\"1992\" data-end=\"2022\" data-col-size=\"sm\"><strong data-start=\"1994\" data-end=\"2006\">Stromspannung<\/strong><\/td>\n<td data-start=\"2022\" data-end=\"2056\" data-col-size=\"sm\">12V Gleichstrom<\/td>\n<\/tr>\n<tr data-start=\"2057\" data-end=\"2121\">\n<td data-start=\"2057\" data-end=\"2087\" data-col-size=\"sm\"><strong data-start=\"2059\" data-end=\"2079\">Stromverbrauch<\/strong><\/td>\n<td data-start=\"2087\" data-end=\"2121\" data-col-size=\"sm\">0,15 A im Alarmfall<\/td>\n<\/tr>\n<tr data-start=\"2122\" data-end=\"2186\">\n<td data-start=\"2122\" data-end=\"2152\" data-col-size=\"sm\"><strong data-start=\"2124\" data-end=\"2136\">Schallpegel<\/strong><\/td>\n<td data-start=\"2152\" data-end=\"2186\" data-col-size=\"sm\">115 dB\/m<\/td>\n<\/tr>\n<tr data-start=\"2187\" data-end=\"2251\">\n<td data-start=\"2187\" data-end=\"2217\" data-col-size=\"sm\"><strong data-start=\"2189\" data-end=\"2200\">Klangauswahl<\/strong><\/td>\n<td data-start=\"2217\" data-end=\"2251\" data-col-size=\"sm\">2 Melodien<\/td>\n<\/tr>\n<tr data-start=\"2252\" data-end=\"2316\">\n<td data-start=\"2252\" data-end=\"2282\" data-col-size=\"sm\"><strong data-start=\"2254\" data-end=\"2262\">Malen<\/strong><\/td>\n<td data-start=\"2282\" data-end=\"2316\" data-col-size=\"sm\">Wei\u00df<\/td>\n<\/tr>\n<tr data-start=\"2317\" data-end=\"2381\">\n<td data-start=\"2317\" data-end=\"2347\" data-col-size=\"sm\"><strong data-start=\"2319\" data-end=\"2336\">Manipulationsschutz<\/strong><\/td>\n<td data-start=\"2347\" data-end=\"2381\" data-col-size=\"sm\">Ja, doppelt<\/td>\n<\/tr>\n<tr data-start=\"2382\" data-end=\"2446\">\n<td data-start=\"2382\" data-end=\"2412\" data-col-size=\"sm\"><strong data-start=\"2384\" data-end=\"2397\">Taschenlampe<\/strong><\/td>\n<td data-start=\"2412\" data-end=\"2446\" data-col-size=\"sm\">NEIN<\/td>\n<\/tr>\n<tr data-start=\"2447\" data-end=\"2511\">\n<td data-start=\"2447\" data-end=\"2477\" data-col-size=\"sm\"><strong data-start=\"2449\" data-end=\"2461\">Material<\/strong><\/td>\n<td data-start=\"2477\" data-end=\"2511\" data-col-size=\"sm\">ABS-Kunststoff<\/td>\n<\/tr>\n<tr data-start=\"2512\" data-end=\"2576\">\n<td data-start=\"2512\" data-end=\"2542\" data-col-size=\"sm\"><strong data-start=\"2514\" data-end=\"2527\">Montage<\/strong><\/td>\n<td data-start=\"2542\" data-end=\"2576\" data-col-size=\"sm\">Innenwandmontage<\/td>\n<\/tr>\n<tr data-start=\"2577\" data-end=\"2641\">\n<td data-start=\"2577\" data-end=\"2607\" data-col-size=\"sm\"><strong data-start=\"2579\" data-end=\"2598\">Trigger-Eing\u00e4nge<\/strong><\/td>\n<td data-start=\"2607\" data-end=\"2641\" data-col-size=\"sm\">2 Stk<\/td>\n<\/tr>\n<tr data-start=\"2642\" data-end=\"2706\">\n<td data-start=\"2642\" data-end=\"2672\" data-col-size=\"sm\"><strong data-start=\"2644\" data-end=\"2653\">Umfeld<\/strong><\/td>\n<td data-start=\"2672\" data-end=\"2706\" data-col-size=\"sm\">Nur f\u00fcr den Innenbereich geeignet<\/td>\n<\/tr>\n<\/tbody>\n<\/table>\n<\/div>\n<\/div>","protected":false},"excerpt":{"rendered":"<p>Effektive Innensirene aus wei\u00dfem ABS-Kunststoff mit einstellbarer Lautst\u00e4rke und doppelter Sabotageerkennung.<\/p>\n<p>Erzeugt einen Alarmton von bis zu 115 dB und unterst\u00fctzt zwei Triggersignale.<\/p>\n<p>Ideal f\u00fcr Alarmanlagen in Privathaushalten, B\u00fcros und \u00f6ffentlichen Einrichtungen.<\/p>\n<p>Betrieb mit 12V Gleichstrom.<\/p>","protected":false},"featured_media":158821,"template":"","meta":{"_acf_changed":false},"product_brand":[],"product_cat":[1562,5105],"product_tag":[2268],"class_list":{"0":"post-158822","1":"product","2":"type-product","3":"status-publish","4":"has-post-thumbnail","6":"product_cat-larmdon-blixtljus","7":"product_cat-larmsirener","8":"product_tag-larmdon-siren-inomhus","9":"pa_farg-vit","10":"tm-no-options","12":"first","13":"instock","14":"sale","15":"taxable","16":"shipping-taxable","17":"purchasable","18":"product-type-simple"},"acf":[],"_links":{"self":[{"href":"https:\/\/secureus.se\/de\/wp-json\/wp\/v2\/product\/158822","targetHints":{"allow":["GET"]}}],"collection":[{"href":"https:\/\/secureus.se\/de\/wp-json\/wp\/v2\/product"}],"about":[{"href":"https:\/\/secureus.se\/de\/wp-json\/wp\/v2\/types\/product"}],"wp:featuredmedia":[{"embeddable":true,"href":"https:\/\/secureus.se\/de\/wp-json\/wp\/v2\/media\/158821"}],"wp:attachment":[{"href":"https:\/\/secureus.se\/de\/wp-json\/wp\/v2\/media?parent=158822"}],"wp:term":[{"taxonomy":"product_brand","embeddable":true,"href":"https:\/\/secureus.se\/de\/wp-json\/wp\/v2\/product_brand?post=158822"},{"taxonomy":"product_cat","embeddable":true,"href":"https:\/\/secureus.se\/de\/wp-json\/wp\/v2\/product_cat?post=158822"},{"taxonomy":"product_tag","embeddable":true,"href":"https:\/\/secureus.se\/de\/wp-json\/wp\/v2\/product_tag?post=158822"}],"curies":[{"name":"wp","href":"https:\/\/api.w.org\/{rel}","templated":true}]}}