{"id":158856,"date":"2025-10-03T12:56:56","date_gmt":"2025-10-03T10:56:56","guid":{"rendered":"https:\/\/secureus.se\/?post_type=product&#038;p=158856"},"modified":"2025-10-03T15:00:10","modified_gmt":"2025-10-03T13:00:10","slug":"risco-lightsys-air-larmpaket-med-knappsats-svart","status":"publish","type":"product","link":"https:\/\/secureus.se\/de\/risco-lightsys-air-larmpaket-med-knappsats-svart\/","title":{"rendered":"RISCO LightSYS Air Alarm Pack mit Tastenfeld - Schwarz"},"content":{"rendered":"<h2 data-start=\"602\" data-end=\"656\"><strong data-start=\"602\" data-end=\"654\">RISCO LightSYS Air Alarm Pack mit Tastenfeld - Schwarz<\/strong><\/h2>\n<p data-start=\"658\" data-end=\"825\">Dieses Paket enth\u00e4lt <strong data-start=\"681\" data-end=\"710\">LightSYS Air Zentraleinheit<\/strong> und eins <strong data-start=\"718\" data-end=\"759\">Schwarzes drahtloses 2-Wege-Tastenfeld mit N\u00e4herungssensor<\/strong>und bietet Ihnen damit eine vollst\u00e4ndige Basisl\u00f6sung f\u00fcr Zuhause oder Ihr Unternehmen.<\/p>\n<p data-start=\"827\" data-end=\"1159\"><strong data-start=\"829\" data-end=\"851\">128 Funkzonen<\/strong> \u2013 f\u00fcr flexible Anpassung<br data-start=\"877\" data-end=\"880\" \/><strong data-start=\"882\" data-end=\"915\">Integrierte WLAN- und IP-Module<\/strong> \u2013 stabile Verbindung von Anfang an<br data-start=\"947\" data-end=\"950\" \/><strong data-start=\"952\" data-end=\"975\">Zertifizierung der Stufe 2<\/strong> \u2013 entspricht den europ\u00e4ischen Sicherheitsstandards<br data-start=\"1018\" data-end=\"1021\" \/><strong data-start=\"1023\" data-end=\"1088\">Unterst\u00fctzt bis zu 32 Partitionen, 3 Sirenen und 8 Tastenfelder.<\/strong><br data-start=\"1088\" data-end=\"1091\" \/><strong data-start=\"1093\" data-end=\"1120\">Benutzerfreundliche Steuerung<\/strong> \u2013 \u00fcber Tastatur oder iRISCO-App<\/p>\n<hr data-start=\"1161\" data-end=\"1164\" \/>\n<h3 data-start=\"1166\" data-end=\"1205\">\ud83d\udca1 <strong data-start=\"1173\" data-end=\"1203\">W\u00fcnschen Sie zus\u00e4tzliche Sicherheitsvorkehrungen?<\/strong><\/h3>\n<p data-start=\"1206\" data-end=\"1339\">Vervollst\u00e4ndigen Sie das Paket mit einem\/einer <strong data-start=\"1233\" data-end=\"1268\">4G-Modul f\u00fcr RISCO LightSYS Air<\/strong>.<br data-start=\"1269\" data-end=\"1272\" \/>Dadurch erhalten Sie eine sichere Verbindung, selbst wenn die Internetverbindung unterbrochen wird.<\/p>\n<p data-start=\"1341\" data-end=\"1382\">\ud83d\udc49 <a class=\"decorated-link\" href=\"https:\/\/secureus.se\/de\/4g-modul-for-risco-lightsys-air\/\" rel=\"noopener\" data-start=\"1344\" data-end=\"1380\">4G-Modul f\u00fcr RISCO LightSYS Air<\/a><\/p>","protected":false},"excerpt":{"rendered":"<p>Komplettes RISCO LightSYS Air-Alarmierungspaket mit Zentraleinheit und schwarzer Codetastatur. WiFi &amp; IP inbegriffen - M\u00f6glichkeit, ein 4G-Modul f\u00fcr maximale Zuverl\u00e4ssigkeit hinzuzuf\u00fcgen.<\/p>","protected":false},"featured_media":158866,"template":"","meta":{"_acf_changed":false},"product_brand":[],"product_cat":[3357,4880],"product_tag":[],"class_list":{"0":"post-158856","1":"product","2":"type-product","3":"status-publish","4":"has-post-thumbnail","6":"product_cat-larmpaket-risco-larm","7":"product_cat-lightsys-air-v6","8":"tm-no-options","10":"first","11":"outofstock","12":"sale","13":"taxable","14":"shipping-taxable","15":"purchasable","16":"product-type-woosb"},"acf":[],"_links":{"self":[{"href":"https:\/\/secureus.se\/de\/wp-json\/wp\/v2\/product\/158856","targetHints":{"allow":["GET"]}}],"collection":[{"href":"https:\/\/secureus.se\/de\/wp-json\/wp\/v2\/product"}],"about":[{"href":"https:\/\/secureus.se\/de\/wp-json\/wp\/v2\/types\/product"}],"wp:featuredmedia":[{"embeddable":true,"href":"https:\/\/secureus.se\/de\/wp-json\/wp\/v2\/media\/158866"}],"wp:attachment":[{"href":"https:\/\/secureus.se\/de\/wp-json\/wp\/v2\/media?parent=158856"}],"wp:term":[{"taxonomy":"product_brand","embeddable":true,"href":"https:\/\/secureus.se\/de\/wp-json\/wp\/v2\/product_brand?post=158856"},{"taxonomy":"product_cat","embeddable":true,"href":"https:\/\/secureus.se\/de\/wp-json\/wp\/v2\/product_cat?post=158856"},{"taxonomy":"product_tag","embeddable":true,"href":"https:\/\/secureus.se\/de\/wp-json\/wp\/v2\/product_tag?post=158856"}],"curies":[{"name":"wp","href":"https:\/\/api.w.org\/{rel}","templated":true}]}}