{"id":158960,"date":"2025-10-06T15:30:07","date_gmt":"2025-10-06T13:30:07","guid":{"rendered":"https:\/\/secureus.se\/?post_type=product&#038;p=158960"},"modified":"2026-04-02T15:31:21","modified_gmt":"2026-04-02T13:31:21","slug":"ekologisk-mifare-1k-rfid-tagg-vortex-eco-svart","status":"publish","type":"product","link":"https:\/\/secureus.se\/de\/ekologisk-mifare-1k-rfid-tagg-vortex-eco-svart\/","title":{"rendered":"\u00d6kologischer MIFARE 1K RFID-Tag Schwarz \u2013 Vortex Eco (100% Recyclingmaterial)"},"content":{"rendered":"<h3 data-start=\"729\" data-end=\"804\">Vortex Eco \u2013 Nachhaltiger RFID-Tag aus recyceltem 100%-Material<\/h3>\n<p data-start=\"806\" data-end=\"1107\"><strong data-start=\"806\" data-end=\"820\">Vortex Eco<\/strong> ist eine umweltfreundliche Version des beliebten Vortex-Etiketts, hergestellt aus <strong data-start=\"892\" data-end=\"920\">100% Recyclingmaterial<\/strong> \u2013 eine nachhaltige Wahl f\u00fcr Unternehmen und Umwelt.<br data-start=\"967\" data-end=\"970\" \/>Die schwarze Farbe ist eine nat\u00fcrliche Folge des recycelten Kunststoffs und zeigt deutlich, dass Nachhaltigkeit nicht auf Kosten der Qualit\u00e4t gehen muss.<\/p>\n<p data-start=\"1109\" data-end=\"1389\">Mit seinem <strong data-start=\"1117\" data-end=\"1144\">MIFARE 1K Chip-Technologie<\/strong> Und <strong data-start=\"1149\" data-end=\"1167\">Schutzart IP68<\/strong> Der Vortex Eco bietet die gleiche Leistung und Langlebigkeit wie das Originalmodell. Das umspritzte Geh\u00e4use sch\u00fctzt vor Feuchtigkeit, Staub und mechanischen St\u00f6\u00dfen und macht den Transponder ideal f\u00fcr den Einsatz in <strong data-start=\"1353\" data-end=\"1386\">anspruchsvolle industrielle Umgebungen<\/strong>.<\/p>\n<p data-start=\"1391\" data-end=\"1672\">Das Etikett funktioniert in beiden F\u00e4llen hervorragend. <strong data-start=\"1422\" data-end=\"1453\">Innen- und Au\u00dfenumgebungen<\/strong>und h\u00e4lt Temperaturen von <strong data-start=\"1484\" data-end=\"1504\">-25 \u00b0C bis +85 \u00b0C<\/strong>Dank des kompakten, ergonomischen Designs l\u00e4sst es sich leicht an einem Schl\u00fcsselring oder in einem Zutrittskontrollsystem mitf\u00fchren und h\u00e4lt gleichzeitig dem t\u00e4glichen Gebrauch stand, ohne an Funktionalit\u00e4t einzub\u00fc\u00dfen.<\/p>\n<hr data-start=\"1674\" data-end=\"1677\" \/>\n<h3 data-start=\"1679\" data-end=\"1708\">Hauptmerkmale<\/h3>\n<ul data-start=\"1709\" data-end=\"2125\">\n<li data-start=\"1709\" data-end=\"1770\">\n<p data-start=\"1711\" data-end=\"1770\">Hergestellt aus 100%-Recyclingmaterial \u2013 eine umweltfreundliche Wahl<\/p>\n<\/li>\n<li data-start=\"1771\" data-end=\"1818\">\n<p data-start=\"1773\" data-end=\"1818\">Robuste und wasserdichte Konstruktion (IP68)<\/p>\n<\/li>\n<li data-start=\"1819\" data-end=\"1865\">\n<p data-start=\"1821\" data-end=\"1865\">Ausgestattet mit MIFARE 1K Chip (HF 13,56 MHz)<\/p>\n<\/li>\n<li data-start=\"1866\" data-end=\"1905\">\n<p data-start=\"1868\" data-end=\"1905\">Kompatibel mit g\u00e4ngigen Zutrittskontrollsystemen<\/p>\n<\/li>\n<li data-start=\"1906\" data-end=\"1969\">\n<p data-start=\"1908\" data-end=\"1969\">H\u00e4lt rauen Umgebungsbedingungen stand, temperaturbest\u00e4ndig von -25 \u00b0C bis +85 \u00b0C<\/p>\n<\/li>\n<li data-start=\"1970\" data-end=\"2018\">\n<p data-start=\"1972\" data-end=\"2018\">Ergonomisches, schlankes Design f\u00fcr einfache Handhabung<\/p>\n<\/li>\n<li data-start=\"2019\" data-end=\"2066\">\n<p data-start=\"2021\" data-end=\"2066\">Schwarze Farbe \u2013 das Ergebnis von recyceltem Kunststoff<\/p>\n<\/li>\n<li data-start=\"2067\" data-end=\"2125\">\n<p data-start=\"2069\" data-end=\"2125\">Kann auf Anfrage per Lasergravur oder -druck gekennzeichnet werden.<\/p>\n<\/li>\n<\/ul>\n<hr data-start=\"2127\" data-end=\"2130\" \/>\n<h3 data-start=\"2132\" data-end=\"2162\">Technische Spezifikationen<\/h3>\n<div class=\"_tableContainer_1rjym_1\">\n<div class=\"group _tableWrapper_1rjym_13 flex w-fit flex-col-reverse\">\n<table class=\"w-fit min-w-(--thread-content-width)\" data-start=\"2164\" data-end=\"2666\">\n<thead data-start=\"2164\" data-end=\"2184\">\n<tr data-start=\"2164\" data-end=\"2184\">\n<th data-start=\"2164\" data-end=\"2175\" data-col-size=\"sm\">Eigentum<\/th>\n<th data-start=\"2175\" data-end=\"2184\" data-col-size=\"md\"><\/th>\n<\/tr>\n<\/thead>\n<tbody data-start=\"2207\" data-end=\"2666\">\n<tr data-start=\"2207\" data-end=\"2234\">\n<td data-start=\"2207\" data-end=\"2220\" data-col-size=\"sm\"><strong data-start=\"2209\" data-end=\"2219\">Modell<\/strong><\/td>\n<td data-start=\"2220\" data-end=\"2234\" data-col-size=\"md\">Vortex Eco<\/td>\n<\/tr>\n<tr data-start=\"2235\" data-end=\"2262\">\n<td data-start=\"2235\" data-end=\"2249\" data-col-size=\"sm\"><strong data-start=\"2237\" data-end=\"2248\">Chiptyp<\/strong><\/td>\n<td data-start=\"2249\" data-end=\"2262\" data-col-size=\"md\">MIFARE 1K<\/td>\n<\/tr>\n<tr data-start=\"2263\" data-end=\"2303\">\n<td data-start=\"2263\" data-end=\"2278\" data-col-size=\"sm\"><strong data-start=\"2265\" data-end=\"2277\">Material<\/strong><\/td>\n<td data-start=\"2278\" data-end=\"2303\" data-col-size=\"md\">100% recycelter Kunststoff<\/td>\n<\/tr>\n<tr data-start=\"2304\" data-end=\"2324\">\n<td data-start=\"2304\" data-end=\"2315\" data-col-size=\"sm\"><strong data-start=\"2306\" data-end=\"2314\">Malen<\/strong><\/td>\n<td data-start=\"2315\" data-end=\"2324\" data-col-size=\"md\">Schwarz<\/td>\n<\/tr>\n<tr data-start=\"2325\" data-end=\"2356\">\n<td data-start=\"2325\" data-end=\"2336\" data-col-size=\"sm\"><strong data-start=\"2327\" data-end=\"2335\">Messen<\/strong><\/td>\n<td data-start=\"2336\" data-end=\"2356\" data-col-size=\"md\">45 \u00d7 30 \u00d7 2,2 mm<\/td>\n<\/tr>\n<tr data-start=\"2357\" data-end=\"2390\">\n<td data-start=\"2357\" data-end=\"2372\" data-col-size=\"sm\"><strong data-start=\"2359\" data-end=\"2371\">Frequenz<\/strong><\/td>\n<td data-start=\"2372\" data-end=\"2390\" data-col-size=\"md\">13,56 MHz (HF)<\/td>\n<\/tr>\n<tr data-start=\"2391\" data-end=\"2425\">\n<td data-start=\"2391\" data-end=\"2407\" data-col-size=\"sm\"><strong data-start=\"2393\" data-end=\"2406\">Protokoll<\/strong><\/td>\n<td data-start=\"2407\" data-end=\"2425\" data-col-size=\"md\">ISO\/IEC 14443A<\/td>\n<\/tr>\n<tr data-start=\"2426\" data-end=\"2469\">\n<td data-start=\"2426\" data-end=\"2449\" data-col-size=\"sm\"><strong data-start=\"2428\" data-end=\"2448\">Betriebstemperatur<\/strong><\/td>\n<td data-start=\"2449\" data-end=\"2469\" data-col-size=\"md\">-25 \u00b0C bis +85 \u00b0C<\/td>\n<\/tr>\n<tr data-start=\"2470\" data-end=\"2519\">\n<td data-start=\"2470\" data-end=\"2489\" data-col-size=\"sm\"><strong data-start=\"2472\" data-end=\"2488\">IP-Schutzart<\/strong><\/td>\n<td data-start=\"2489\" data-end=\"2519\" data-col-size=\"md\">IP68 \u2013 staub- und wasserdicht<\/td>\n<\/tr>\n<tr data-start=\"2520\" data-end=\"2594\">\n<td data-start=\"2520\" data-end=\"2544\" data-col-size=\"sm\"><strong data-start=\"2522\" data-end=\"2543\">Einsatzgebiet<\/strong><\/td>\n<td data-start=\"2544\" data-end=\"2594\" data-col-size=\"md\">Zutrittskontrollsysteme, Alarmanlagen, Industrie, B\u00fcros, Au\u00dfenumgebungen<\/td>\n<\/tr>\n<tr data-start=\"2595\" data-end=\"2666\">\n<td data-start=\"2595\" data-end=\"2612\" data-col-size=\"sm\"><strong data-start=\"2597\" data-end=\"2611\">Anpassung<\/strong><\/td>\n<td data-start=\"2612\" data-end=\"2666\" data-col-size=\"md\">Lasergravur, Drucken<\/td>\n<\/tr>\n<\/tbody>\n<\/table>\n<\/div>\n<\/div>\n<hr data-start=\"2668\" data-end=\"2671\" \/>\n<h3 data-start=\"2673\" data-end=\"2699\">Umwelt und Nachhaltigkeit<\/h3>\n<p data-start=\"2700\" data-end=\"2940\">Vortex Eco wurde f\u00fcr Unternehmen entwickelt, die ihre Umweltbelastung reduzieren m\u00f6chten, ohne Kompromisse bei der Qualit\u00e4t einzugehen. Durch die Verwendung von 100%-Recyclingmaterial werden sowohl Abfall als auch CO\u2082-Emissionen reduziert \u2013 ein einfacher Beitrag zu einer nachhaltigeren Zukunft.<\/p>","protected":false},"excerpt":{"rendered":"<p>Umweltfreundlicher RFID-Tag aus recyceltem 100%-Material. Langlebig, wasserdicht (IP68) und mit MIFARE 1K-Chip ausgestattet. Ideal f\u00fcr den Innen- und Au\u00dfenbereich.<\/p>","protected":false},"featured_media":158958,"template":"","meta":{"_acf_changed":false},"product_brand":[],"product_cat":[4784,4884],"product_tag":[2434],"class_list":{"0":"post-158960","1":"product","2":"type-product","3":"status-publish","4":"has-post-thumbnail","6":"product_cat-mifare1k","7":"product_cat-vortex-eco-ekologiska-taggar","8":"product_tag-mifare-standard-blank-alpha","9":"pa_brands-stonehouse-security","10":"pa_chip-teknik-mifare1k","11":"pa_chip-teknik-mifare1k-ekologisk","12":"pa_farg-svart","13":"tm-no-options","15":"first","16":"instock","17":"sale","18":"taxable","19":"shipping-taxable","20":"purchasable","21":"product-type-simple"},"acf":[],"_links":{"self":[{"href":"https:\/\/secureus.se\/de\/wp-json\/wp\/v2\/product\/158960","targetHints":{"allow":["GET"]}}],"collection":[{"href":"https:\/\/secureus.se\/de\/wp-json\/wp\/v2\/product"}],"about":[{"href":"https:\/\/secureus.se\/de\/wp-json\/wp\/v2\/types\/product"}],"wp:featuredmedia":[{"embeddable":true,"href":"https:\/\/secureus.se\/de\/wp-json\/wp\/v2\/media\/158958"}],"wp:attachment":[{"href":"https:\/\/secureus.se\/de\/wp-json\/wp\/v2\/media?parent=158960"}],"wp:term":[{"taxonomy":"product_brand","embeddable":true,"href":"https:\/\/secureus.se\/de\/wp-json\/wp\/v2\/product_brand?post=158960"},{"taxonomy":"product_cat","embeddable":true,"href":"https:\/\/secureus.se\/de\/wp-json\/wp\/v2\/product_cat?post=158960"},{"taxonomy":"product_tag","embeddable":true,"href":"https:\/\/secureus.se\/de\/wp-json\/wp\/v2\/product_tag?post=158960"}],"curies":[{"name":"wp","href":"https:\/\/api.w.org\/{rel}","templated":true}]}}