{"id":159365,"date":"2025-10-21T14:54:51","date_gmt":"2025-10-21T12:54:51","guid":{"rendered":"https:\/\/secureus.se\/ajax-domecam-mini-8mp-2-8mm-lins-svart\/"},"modified":"2026-03-30T12:32:59","modified_gmt":"2026-03-30T10:32:59","slug":"ajax-domecam-mini-8mp-2-8mm-lins-svart","status":"publish","type":"product","link":"https:\/\/secureus.se\/de\/ajax-domecam-mini-8mp-2-8mm-lins-svart\/","title":{"rendered":"Ajax DomeCam Mini 8MP \u2013 2,8mm Objektiv Schwarz"},"content":{"rendered":"<h3><strong>Ajax DomeCam Mini 8MP<\/strong> ist eine leistungsstarke, hochaufl\u00f6sende \u00dcberwachungskamera, die fortschrittliche Technologie und Design kombiniert, um eine zuverl\u00e4ssige \u00dcberwachung sowohl im Innen- als auch im Au\u00dfenbereich zu erm\u00f6glichen.<\/h3>\n<p>Ausgestattet mit einer 8-MP-UHD-Kamera und einem 2,8-mm-Objektiv eignet sich diese Kamera perfekt f\u00fcr die \u00dcberwachung von Eing\u00e4ngen, H\u00f6fen und offenen Bereichen und stellt sicher, dass Sie kein wichtiges Ereignis verpassen.<\/p>\n<p>Eines der herausragendsten Features der Ajax DomeCam Mini ist die KI-basierte Objekterkennung.<\/p>\n<p>Mithilfe k\u00fcnstlicher Intelligenz erkennt die Kamera Personen, Fahrzeuge und Haustiere und reduziert so die Zahl der Fehlalarme.<\/p>\n<p>Dies macht es besonders effektiv in Umgebungen, in denen viel Bewegung herrscht, beispielsweise in H\u00f6fen, G\u00e4rten oder an Eing\u00e4ngen.<\/p>\n<p>Durch das Herausfiltern irrelevanter Bewegungen kann die Kamera eine Nachricht senden, wenn eine echte Sicherheitsbedrohung auftritt, wodurch die Sicherheit erh\u00f6ht und redundante Alarme reduziert werden.<\/p>\n<p>Die beeindruckende 8MP-Aufl\u00f6sung der Kamera (3840 x 2160) und die Unterst\u00fctzung von bis zu 20 Bildern pro Sekunde sorgen f\u00fcr kristallklare Bilder und einen detaillierten \u00dcberblick \u00fcber den \u00fcberwachten Bereich.<\/p>\n<p>Zusammen mit dem weiten Betrachtungswinkel von 110\u00b0 und dem 2,8-mm-Objektiv bietet die Kamera eine gro\u00dfe Abdeckung Ihres Bereichs und eignet sich ideal f\u00fcr die Erfassung von Details auch in gro\u00dfen offenen R\u00e4umen.<\/p>\n<p>Egal, ob Sie einen Eingang, einen Parkplatz oder einen gro\u00dfen Garten \u00fcberwachen, Sie k\u00f6nnen ein hochaufl\u00f6sendes Bild mit Details erwarten, mit denen Sie Personen, Fahrzeuge oder andere Objekte identifizieren k\u00f6nnen.<\/p>\n<p>Um sicherzustellen, dass die Kamera bei allen Lichtverh\u00e4ltnissen eine optimale Leistung erbringt, wurde die Ajax DomeCam Mini mit True WDR- und HDR-Technologie ausgestattet, die es ihr erm\u00f6glicht, auch anspruchsvolle Lichtverh\u00e4ltnisse wie helles Sonnenlicht oder tiefe Schatten zu bew\u00e4ltigen.<\/p>\n<p>Mit dieser Funktion erhalten Sie auch bei extremen Lichtverh\u00e4ltnissen stets ein ausgewogenes und klares Bild.<\/p>\n<p>Um die Bildqualit\u00e4t bei schlechten Lichtverh\u00e4ltnissen weiter zu verbessern, verf\u00fcgt die Kamera \u00fcber einen intelligenten IR-Strahler. Die IR-Beleuchtung reicht bis zu 15 Meter und passt die Helligkeit automatisch an die Umgebung an, um eine \u00dcberbelichtung zu verhindern und sicherzustellen, dass die Bilder auch im Dunkeln immer klar sind.<\/p>\n<p>Die Ajax DomeCam Mini unterst\u00fctzt auch Power over Ethernet (PoE), was die Installation einfach und reibungslos macht. Durch die Verwendung von PoE k\u00f6nnen Sie die Kamera mit einem einzigen Kabel sowohl mit Strom versorgen als auch mit Ihrem Netzwerk verbinden.<\/p>\n<p>Dadurch l\u00e4sst sich die Kamera sowohl in Wohn- als auch in Gewerbeimmobilien sowohl kosteng\u00fcnstig als auch praktisch installieren. Alternativ kann die Kamera auch mit einem 12V DC Netzteil angeschlossen werden.<\/p>\n<p>Die Kamera ist IP65-zertifiziert, wodurch sie wetterfest ist und sich sowohl f\u00fcr den Innen- als auch f\u00fcr den Au\u00dfenbereich eignet. Ob Regen, Schnee oder Sonnenschein, die Ajax DomeCam Mini funktioniert reibungslos und bietet Ihnen das ganze Jahr \u00fcber zuverl\u00e4ssige \u00dcberwachung.<\/p>\n<p>Die robuste Metallkonstruktion macht es au\u00dferdem vandalensicher und sch\u00fctzt es vor physischen Angriffen, wodurch es sich ideal f\u00fcr den Einsatz in gef\u00e4hrdeten Umgebungen eignet.<\/p>\n<p>Ein weiteres wichtiges Merkmal der Ajax DomeCam Mini ist ihr eingebautes Mikrofon. Diese Funktion erm\u00f6glicht die Aufnahme von Audio und Videomaterial, was der \u00dcberwachung eine zus\u00e4tzliche Dimension verleiht und dazu beitr\u00e4gt, ein vollst\u00e4ndigeres Bild des Geschehens in der Umgebung zu erstellen.<\/p>\n<p>Zur Speicherung unterst\u00fctzt die Kamera microSD-Karten mit bis zu 256 GB und bietet so lokalen Speicherplatz f\u00fcr Videoaufnahmen.<\/p>\n<p>Alternativ kann die Kamera zur zentralen Speicherung an einen NVR (Network Video Recorder) angeschlossen werden. Durch die Unterst\u00fctzung von Festplatten mit bis zu 16 TB k\u00f6nnen gro\u00dfe Videomengen f\u00fcr gr\u00f6\u00dfere \u00dcberwachungssysteme gespeichert werden.<\/p>\n<p>Um gr\u00f6\u00dftm\u00f6gliche Sicherheit und Privatsph\u00e4re zu gew\u00e4hrleisten, ist die Ajax DomeCam Mini mit mTLS-Verschl\u00fcsselung f\u00fcr Videostreams und Daten ausgestattet. Dies sch\u00fctzt die gesamte Kommunikation vor unbefugtem Zugriff und stellt sicher, dass alle Informationen sicher sind.<\/p>\n<p>Die Kamera ist au\u00dferdem mit der Ajax Go-App kompatibel, die einen einfachen Fernzugriff und die Steuerung der Kamerafunktionen erm\u00f6glicht.<\/p>\n<p>Mit der App k\u00f6nnen Sie Live-Videostreams ansehen, Screenshots machen, zuvor aufgenommenes Filmmaterial wiedergeben und Kameraeinstellungen anpassen \u2013 alles von Ihrem Smartphone oder Computer aus.<\/p>\n<p>Zusammenfassend l\u00e4sst sich sagen, dass die Ajax DomeCam Mini 8MP eine zuverl\u00e4ssige, hochaufl\u00f6sende und wetterfeste L\u00f6sung sowohl f\u00fcr die Innen- als auch f\u00fcr die Au\u00dfen\u00fcberwachung bietet.<\/p>\n<p>Mit Funktionen wie KI-basierter Objekterkennung, intelligenter IR-Beleuchtung, PoE-Unterst\u00fctzung und hochwertigem Video eignet es sich perfekt f\u00fcr die Gew\u00e4hrleistung der Sicherheit sowohl privater als auch gewerblicher Immobilien.<\/p>","protected":false},"excerpt":{"rendered":"<p>Ajax DomeCam Mini 8MP ist eine leistungsstarke und kompakte Sicherheitskamera, die sowohl drinnen als auch drau\u00dfen zuverl\u00e4ssige \u00dcberwachung bietet.<\/p>\n<p>Ausgestattet mit KI-basierter Objekterkennung und einem weiten Betrachtungswinkel von 110\u00b0 liefert die Kamera auch bei schlechten Lichtverh\u00e4ltnissen kristallklare 4K-Bilder.<\/p>\n<p>Es ist wetterfest mit der Schutzart IP65 und verf\u00fcgt \u00fcber eine intelligente IR-Beleuchtung f\u00fcr optimale Nachtwache.<\/p>\n<p>Perfekt f\u00fcr Privathaushalte, Unternehmen und \u00f6ffentliche Orte.<\/p>","protected":false},"featured_media":159364,"template":"","meta":{"_acf_changed":false},"product_brand":[],"product_cat":[4011],"product_tag":[4863],"class_list":{"0":"post-159365","1":"product","2":"type-product","3":"status-publish","4":"has-post-thumbnail","6":"product_cat-ajax-kameror","7":"product_tag-pf","8":"pa_brands-ajax-systems","9":"pa_farg-svart","10":"tm-no-options","12":"first","13":"instock","14":"sale","15":"taxable","16":"shipping-taxable","17":"purchasable","18":"product-type-simple"},"acf":[],"_links":{"self":[{"href":"https:\/\/secureus.se\/de\/wp-json\/wp\/v2\/product\/159365","targetHints":{"allow":["GET"]}}],"collection":[{"href":"https:\/\/secureus.se\/de\/wp-json\/wp\/v2\/product"}],"about":[{"href":"https:\/\/secureus.se\/de\/wp-json\/wp\/v2\/types\/product"}],"wp:featuredmedia":[{"embeddable":true,"href":"https:\/\/secureus.se\/de\/wp-json\/wp\/v2\/media\/159364"}],"wp:attachment":[{"href":"https:\/\/secureus.se\/de\/wp-json\/wp\/v2\/media?parent=159365"}],"wp:term":[{"taxonomy":"product_brand","embeddable":true,"href":"https:\/\/secureus.se\/de\/wp-json\/wp\/v2\/product_brand?post=159365"},{"taxonomy":"product_cat","embeddable":true,"href":"https:\/\/secureus.se\/de\/wp-json\/wp\/v2\/product_cat?post=159365"},{"taxonomy":"product_tag","embeddable":true,"href":"https:\/\/secureus.se\/de\/wp-json\/wp\/v2\/product_tag?post=159365"}],"curies":[{"name":"wp","href":"https:\/\/api.w.org\/{rel}","templated":true}]}}