{"id":159471,"date":"2025-10-24T12:19:38","date_gmt":"2025-10-24T10:19:38","guid":{"rendered":"https:\/\/secureus.se\/larmsandare-proline-4g-med-cloud-funktion\/"},"modified":"2026-04-15T17:26:56","modified_gmt":"2026-04-15T15:26:56","slug":"larmsandare-proline-4g-med-cloud","status":"publish","type":"product","link":"https:\/\/secureus.se\/de\/larmsandare-proline-4g-med-cloud\/","title":{"rendered":"Alarmsender ProLine 4G mit Cloud-Funktion"},"content":{"rendered":"<h1 data-start=\"901\" data-end=\"988\"><strong data-start=\"901\" data-end=\"988\">Alarmsender ProLine 4G Cloud \u2013 professioneller Alarmsender mit umfassender Kontrolle und Zuverl\u00e4ssigkeit<\/strong><\/h1>\n<p data-start=\"990\" data-end=\"1302\">Der Alarmsender ProLine 4G Cloud ist ein Alarmkommunikator der n\u00e4chsten Generation, der f\u00fcr eine sichere, flexible und intelligente Kommunikation \u00fcber GSM\/4G-Netze entwickelt wurde.<\/p>\n<p data-start=\"990\" data-end=\"1302\">Es simuliert eine vollst\u00e4ndige analoge Telefonleitung (48 V Leitungsspannung, 72 V Klingelsignal) und kann herk\u00f6mmliche PSTN-Anschl\u00fcsse f\u00fcr Alarmzentralen, Aufz\u00fcge oder Telefonzentralen ersetzen.<\/p>\n<p data-start=\"1304\" data-end=\"1651\"><strong data-start=\"1304\" data-end=\"1331\">Fortgeschrittene Kommunikation<\/strong><br data-start=\"1331\" data-end=\"1334\" \/>Das Ger\u00e4t empf\u00e4ngt Contact ID-Signale \u00fcber TIP\/RING und leitet diese \u00fcber LTE\/GPRS via SIA DC-09- oder Enigma-Protokoll an Alarmzentralen weiter.<\/p>\n<p data-start=\"1304\" data-end=\"1651\">Es kann au\u00dferdem Contact-ID-Ereignisse in SMS umwandeln und an bis zu 8 Empf\u00e4nger senden. Insgesamt lassen sich 250 Zonen und 250 Ereignisse mit individueller SMS-Benachrichtigung verwalten.<\/p>\n<p data-start=\"1653\" data-end=\"2016\"><strong data-start=\"1653\" data-end=\"1687\">Flexible Ein- und Ausg\u00e4nge<\/strong><\/p>\n<p data-start=\"1653\" data-end=\"2016\">Der ProLine 4G Cloud-Alarmsender verf\u00fcgt \u00fcber zwei programmierbare NO\/NC-Eing\u00e4nge und einen Relaisausgang, der per App, SMS oder kostenlosem Anruf gesteuert werden kann.<\/p>\n<p data-start=\"1653\" data-end=\"2016\">Der Ausgang kann monostabil (bis zu 65.000 Sekunden) oder bistabil sein und von bis zu 1.000 registrierten Nummern aus gesteuert werden. Das Ger\u00e4t kann mit zus\u00e4tzlichen Relaismodulen (1 oder 3 Ausg\u00e4nge) erweitert werden.<\/p>\n<p data-start=\"2018\" data-end=\"2349\"><strong data-start=\"2018\" data-end=\"2054\">Fernsteuerung und Cloud-Anbindung<\/strong><br data-start=\"2054\" data-end=\"2057\" \/>Die Programmierung erfolgt einfach per SMS, Bluetooth, USB oder WLAN mit der ProRead-Software.<\/p>\n<p data-start=\"2018\" data-end=\"2349\">Dank der Cloud-basierten Konfiguration k\u00f6nnen Benutzer das Ger\u00e4t fernsteuern, Ereignisse protokollieren und die Signalst\u00e4rke in Echtzeit \u00fcberwachen. Das Ger\u00e4t speichert bis zu 16.000 Ereignisse und misst st\u00fcndlich die GSM-Signalst\u00e4rke.<\/p>\n<p data-start=\"2351\" data-end=\"2551\"><strong data-start=\"2351\" data-end=\"2374\">Datensicherung und Sicherheit<\/strong><br data-start=\"2374\" data-end=\"2377\" \/>Mit der optionalen ProBattery kann das Ger\u00e4t bei einem Stromausfall bis zu 4 Stunden lang weiterbetrieben werden.<\/p>\n<p data-start=\"2351\" data-end=\"2551\">Es \u00fcberwacht au\u00dferdem den SIM-Karten-Status und kann Benachrichtigungen versenden, wenn das Ablaufdatum erreicht ist.<\/p>\n<p data-start=\"2553\" data-end=\"2577\"><strong data-start=\"2553\" data-end=\"2575\">Einsatzgebiete<\/strong><\/p>\n<ul data-start=\"2578\" data-end=\"2794\">\n<li data-start=\"2578\" data-end=\"2621\">\n<p data-start=\"2580\" data-end=\"2621\">Alarmzentralen und Sicherheitssysteme<\/p>\n<\/li>\n<li data-start=\"2622\" data-end=\"2652\">\n<p data-start=\"2624\" data-end=\"2652\">Aufzugsnotrufsystem und Telefonie<\/p>\n<\/li>\n<li data-start=\"2653\" data-end=\"2689\">\n<p data-start=\"2655\" data-end=\"2689\">Tor-, T\u00fcr- und Garagentorsteuerung<\/p>\n<\/li>\n<li data-start=\"2690\" data-end=\"2753\">\n<p data-start=\"2692\" data-end=\"2753\">Haus- und Geb\u00e4udeautomation (Beleuchtung, Heizung, L\u00fcftung)<\/p>\n<\/li>\n<li data-start=\"2754\" data-end=\"2794\">\n<p data-start=\"2756\" data-end=\"2794\">\u00dcberwachung des Stromnetzes und des Betriebszustands<\/p>\n<\/li>\n<\/ul>\n<hr data-start=\"2796\" data-end=\"2799\" \/>\n<h3 data-start=\"2801\" data-end=\"2833\"><strong data-start=\"2805\" data-end=\"2833\">Technische Spezifikationen f\u00fcr Alarmsender<\/strong><\/h3>\n<ul data-start=\"2834\" data-end=\"3537\">\n<li data-start=\"2834\" data-end=\"2879\">\n<p data-start=\"2836\" data-end=\"2879\"><strong data-start=\"2836\" data-end=\"2849\">Eingaben:<\/strong> 2 St\u00fcck (NO\/NC konfigurierbar)<\/p>\n<\/li>\n<li data-start=\"2880\" data-end=\"2952\">\n<p data-start=\"2882\" data-end=\"2952\"><strong data-start=\"2882\" data-end=\"2895\">Ausgaben:<\/strong> 1 Relais (20 V\/500 mA), erweiterbar mit 1 oder 3 Relais<\/p>\n<\/li>\n<li data-start=\"2953\" data-end=\"3007\">\n<p data-start=\"2955\" data-end=\"3007\"><strong data-start=\"2955\" data-end=\"2973\">Benachrichtigungen:<\/strong> Bis zu 8 Empf\u00e4nger (SMS\/Sprachanruf)<\/p>\n<\/li>\n<li data-start=\"3008\" data-end=\"3060\">\n<p data-start=\"3010\" data-end=\"3060\"><strong data-start=\"3010\" data-end=\"3029\">Kontrollnummer:<\/strong> Bis zu 1.000 Telefonnummern<\/p>\n<\/li>\n<li data-start=\"3061\" data-end=\"3111\">\n<p data-start=\"3063\" data-end=\"3111\"><strong data-start=\"3063\" data-end=\"3089\">Kommunikationskan\u00e4le:<\/strong> GSM\/GPRS\/SMS\/3G\/LTE<\/p>\n<\/li>\n<li data-start=\"3112\" data-end=\"3148\">\n<p data-start=\"3114\" data-end=\"3148\"><strong data-start=\"3114\" data-end=\"3128\">Protokoll:<\/strong> SIA DC-09, Enigma<\/p>\n<\/li>\n<li data-start=\"3149\" data-end=\"3182\">\n<p data-start=\"3151\" data-end=\"3182\"><strong data-start=\"3151\" data-end=\"3163\">Lagerung:<\/strong> 16.000 Veranstaltungen<\/p>\n<\/li>\n<li data-start=\"3183\" data-end=\"3215\">\n<p data-start=\"3185\" data-end=\"3215\"><strong data-start=\"3185\" data-end=\"3203\">Betriebsspannung:<\/strong> 9\u201320 V Gleichstrom<\/p>\n<\/li>\n<li data-start=\"3216\" data-end=\"3281\">\n<p data-start=\"3218\" data-end=\"3281\"><strong data-start=\"3218\" data-end=\"3239\">Stromverbrauch:<\/strong> 80 mA (Schlafmodus) \/ 1000 mA (aktives GSM)<\/p>\n<\/li>\n<li data-start=\"3282\" data-end=\"3348\">\n<p data-start=\"3284\" data-end=\"3348\"><strong data-start=\"3284\" data-end=\"3306\">Batterieanschluss:<\/strong> ProBattery-Unterst\u00fctzung (\u2248 4 Stunden Betriebsdauer)<\/p>\n<\/li>\n<li data-start=\"3349\" data-end=\"3420\">\n<p data-start=\"3351\" data-end=\"3420\"><strong data-start=\"3351\" data-end=\"3369\">Programmierung:<\/strong> SMS, USB, Bluetooth, Wi-Fi (ProRead-Software)<\/p>\n<\/li>\n<li data-start=\"3421\" data-end=\"3467\">\n<p data-start=\"3423\" data-end=\"3467\"><strong data-start=\"3423\" data-end=\"3436\">Protokollierung:<\/strong> St\u00fcndliche GSM-Signalst\u00e4rke<\/p>\n<\/li>\n<li data-start=\"3468\" data-end=\"3537\">\n<p data-start=\"3470\" data-end=\"3537\"><strong data-start=\"3470\" data-end=\"3491\">Schutzfunktionen:<\/strong> Manipulationsalarm, Stromausfall, Lebensdauertest, SIM-Warnung<\/p>\n<\/li>\n<\/ul>","protected":false},"excerpt":{"rendered":"<p>ProLine 4G Cloud ist ein fortschrittlicher Alarmsender mit simulierter analoger Telefonleitung (PSTN), 4G\/LTE-Kommunikation und Cloud-Anbindung.<\/p>\n<p>Es verarbeitet Contact ID und SIA DC-09, unterst\u00fctzt bis zu 8 Empf\u00e4nger f\u00fcr SMS und Sprachnachrichten sowie 4 IP-Adressen f\u00fcr die Alarm\u00fcbertragung.<\/p>\n<p>Ideal f\u00fcr moderne Alarmanlagen, Aufz\u00fcge und industrielle Steuerungssysteme.<\/p>","protected":false},"featured_media":159469,"template":"","meta":{"_acf_changed":false},"product_brand":[],"product_cat":[1551],"product_tag":[],"class_list":{"0":"post-159471","1":"product","2":"type-product","3":"status-publish","4":"has-post-thumbnail","6":"product_cat-larmoverforing","7":"pa_brands-asc","8":"tm-no-options","10":"first","11":"instock","12":"taxable","13":"shipping-taxable","14":"purchasable","15":"product-type-simple"},"acf":[],"_links":{"self":[{"href":"https:\/\/secureus.se\/de\/wp-json\/wp\/v2\/product\/159471","targetHints":{"allow":["GET"]}}],"collection":[{"href":"https:\/\/secureus.se\/de\/wp-json\/wp\/v2\/product"}],"about":[{"href":"https:\/\/secureus.se\/de\/wp-json\/wp\/v2\/types\/product"}],"wp:featuredmedia":[{"embeddable":true,"href":"https:\/\/secureus.se\/de\/wp-json\/wp\/v2\/media\/159469"}],"wp:attachment":[{"href":"https:\/\/secureus.se\/de\/wp-json\/wp\/v2\/media?parent=159471"}],"wp:term":[{"taxonomy":"product_brand","embeddable":true,"href":"https:\/\/secureus.se\/de\/wp-json\/wp\/v2\/product_brand?post=159471"},{"taxonomy":"product_cat","embeddable":true,"href":"https:\/\/secureus.se\/de\/wp-json\/wp\/v2\/product_cat?post=159471"},{"taxonomy":"product_tag","embeddable":true,"href":"https:\/\/secureus.se\/de\/wp-json\/wp\/v2\/product_tag?post=159471"}],"curies":[{"name":"wp","href":"https:\/\/api.w.org\/{rel}","templated":true}]}}