{"id":159474,"date":"2025-10-24T12:17:53","date_gmt":"2025-10-24T10:17:53","guid":{"rendered":"https:\/\/secureus.se\/larmsandare-easyline-4g-med-cloud-funktion\/"},"modified":"2026-04-15T17:27:58","modified_gmt":"2026-04-15T15:27:58","slug":"larmsandare-easyline-4g-med-cloud","status":"publish","type":"product","link":"https:\/\/secureus.se\/de\/larmsandare-easyline-4g-med-cloud\/","title":{"rendered":"EasyLine 4G GSM-Alarmsender \u2013 Ersetzt die Telefonleitung (PSTN \/ TIP-RING)"},"content":{"rendered":"<h2 data-start=\"1209\" data-end=\"1267\">EasyLine 4G GSM-Alarmsender \u2013 PSTN-\/TIP-RING-Telefonleitung<\/h2>\n<p><strong>EasyLine 4G fungiert als GSM-Alarmsender und PSTN-Simulator f\u00fcr Alarmsysteme, die TIP\/RING-Telefonleitungen nutzen. EasyLine 4G<\/strong> ist ein Alarmsender mit <strong>simulierte Telefonleitung (PSTN \/ TIP-RING)<\/strong> Dadurch ist es m\u00f6glich, \u00e4ltere Alarmsysteme \u00fcber das Mobilfunknetz anstatt \u00fcber einen Festnetzanschluss zu nutzen.<\/p>\n<p>Es ist speziell f\u00fcr Installationen konzipiert, bei denen der Alarm normalerweise \u00fcber eine analoge Telefonleitung ert\u00f6nt. EasyLine 4G stellt dann eine vollst\u00e4ndige Telefonleitung (48 V) her. <strong>GSM\/4G<\/strong> damit das Alarmsystem wie bisher Mobiltelefone oder Alarmzentralen anrufen kann.<\/p>\n<p>So lassen sich \u00e4ltere Alarmanlagen einfach wieder in Betrieb nehmen, wenn das Kupfernetz oder der 2G\/3G-Sender ausf\u00e4llt \u2013 <strong>ohne das gesamte Alarmsystem austauschen zu m\u00fcssen<\/strong>.<\/p>\n<hr \/>\n<h2>Einfache Installation \u2013 Plug &amp; Play<\/h2>\n<p>EasyLine 4G ist f\u00fcr eine schnelle Installation konzipiert.<\/p>\n<ul>\n<li>Schlie\u00dfen Sie den Telefonausgang der Alarmanlage an <strong>TIPP\/ANRUF<\/strong><\/li>\n<li>Setzen Sie einen ein <strong>SIM-Karte<\/strong><\/li>\n<li>Starten Sie das Ger\u00e4t<\/li>\n<\/ul>\n<p>Zur Verwendung als Ersatz f\u00fcr eine Telefonleitung wird normalerweise Folgendes ben\u00f6tigt: <strong>keine Programmierung<\/strong>. Das Alarmsystem funktioniert direkt \u00fcber das Mobilfunknetz.<\/p>\n<hr \/>\n<h2>Wann ist EasyLine 4G geeignet?<\/h2>\n<ul>\n<li>\u00c4ltere Alarmanlage mit analogem Telefonanschluss (PSTN)<\/li>\n<li>Ersatz f\u00fcr \u00e4ltere 2G- oder 3G-Alarmsender<\/li>\n<li>Alarm, der direkt auf dem Mobiltelefon anruft<\/li>\n<li>Alarm\u00fcbertragung an Alarmzentrale<\/li>\n<li>Grundst\u00fccke, auf denen kein Telefonanschluss vorhanden ist<\/li>\n<\/ul>\n<hr \/>\n<h2>Funktionen<\/h2>\n<ul>\n<li>Simulierte analoge Telefonleitung (PSTN)<\/li>\n<li>TIP\/RING-Anschluss an das Alarmsystem<\/li>\n<li>4G\/GSM-Kommunikation<\/li>\n<li>Unterst\u00fctzung f\u00fcr Contact ID und das 4\/2-Protokoll<\/li>\n<li>Anrufe oder SMS an bis zu 8 Telefonnummern<\/li>\n<li>1 Eingang (\u00d6ffner\/Schlie\u00dfer) f\u00fcr externe Alarme<\/li>\n<li>1 Open-Collector-Ausgang<\/li>\n<li>Die Ausgabe kann \u00fcber eine Telefonnummer gesteuert werden.<\/li>\n<li>SMS-Programmierung oder Programmierung \u00fcber DTMF<\/li>\n<li>SMS-Weiterleitung<\/li>\n<li>Zwei-Wege-Kommunikation (Sprache)<\/li>\n<li><strong>4G-Antenne im Lieferumfang enthalten<\/strong><\/li>\n<\/ul>\n<hr \/>\n<h2>Erweiterte Funktionen<\/h2>\n<p>F\u00fcr komplexere Installationen kann EasyLine 4G auch f\u00fcr Folgendes verwendet werden:<\/p>\n<ul>\n<li>Alarm\u00fcbertragung an Alarmzentrale<\/li>\n<li>Kontakt-ID und 4\/2-Protokoll<\/li>\n<li>Relaissteuerung per Telefonanruf<\/li>\n<li>Fernprogrammierung per SMS<\/li>\n<\/ul>\n<p>F\u00fcr die vollst\u00e4ndige Konfiguration kann das Ger\u00e4t \u00fcber die PC-Software programmiert werden. <strong>ProRead<\/strong> mit USB-Programmierger\u00e4t (optional).<\/p>\n<hr \/>\n<h2>Zusammenfassung<\/h2>\n<p>EasyLine 4G ist ein flexibler Alarmsender, der:<\/p>\n<ul>\n<li>ersetzt Festnetztelefonleitungen in Alarmsystemen<\/li>\n<li>Funktioniert direkt mit \u00e4lteren Alarmanlagen.<\/li>\n<li>kann im Alarmfall Mobiltelefone anrufen.<\/li>\n<li>bietet die M\u00f6glichkeit der erweiterten Steuerung \u00fcber SMS und Relaisausgang<\/li>\n<\/ul>\n<p>Eine einfache und kosteng\u00fcnstige L\u00f6sung, wenn analoge Telefonleitungen oder \u00e4ltere Alarmsender ersetzt werden m\u00fcssen.<\/p>","protected":false},"excerpt":{"rendered":"<p><strong>EasyLine 4G<\/strong> ist ein Alarmsender, der in \u00e4lteren Alarmsystemen Festnetztelefonleitungen ersetzt. Er erzeugt ein <strong>simulierte PSTN-Telefonleitung (TIP\/RING)<\/strong> \u00fcber das Mobilfunknetz, damit der Alarm weiterhin Mobiltelefone oder die Alarmzentrale anrufen kann.<\/p>\n<p>Perfekt geeignet, wenn das Kupfernetz oder \u00e4ltere 2G\/3G-Sender ausfallen \u2013 ohne dass das gesamte Alarmsystem ausgetauscht werden muss.<\/p>\n<p><strong>Plug &amp; Play:<\/strong> Schlie\u00dfen Sie TIP\/RING an, legen Sie eine SIM-Karte ein und starten Sie das Ger\u00e4t.<\/p>","protected":false},"featured_media":159472,"template":"","meta":{"_acf_changed":false},"product_brand":[],"product_cat":[1551],"product_tag":[3850],"class_list":{"0":"post-159474","1":"product","2":"type-product","3":"status-publish","4":"has-post-thumbnail","6":"product_cat-larmoverforing","7":"product_tag-bastsaljare","8":"pa_brands-asc","9":"tm-no-options","11":"first","12":"instock","13":"taxable","14":"shipping-taxable","15":"purchasable","16":"product-type-simple"},"acf":[],"_links":{"self":[{"href":"https:\/\/secureus.se\/de\/wp-json\/wp\/v2\/product\/159474","targetHints":{"allow":["GET"]}}],"collection":[{"href":"https:\/\/secureus.se\/de\/wp-json\/wp\/v2\/product"}],"about":[{"href":"https:\/\/secureus.se\/de\/wp-json\/wp\/v2\/types\/product"}],"wp:featuredmedia":[{"embeddable":true,"href":"https:\/\/secureus.se\/de\/wp-json\/wp\/v2\/media\/159472"}],"wp:attachment":[{"href":"https:\/\/secureus.se\/de\/wp-json\/wp\/v2\/media?parent=159474"}],"wp:term":[{"taxonomy":"product_brand","embeddable":true,"href":"https:\/\/secureus.se\/de\/wp-json\/wp\/v2\/product_brand?post=159474"},{"taxonomy":"product_cat","embeddable":true,"href":"https:\/\/secureus.se\/de\/wp-json\/wp\/v2\/product_cat?post=159474"},{"taxonomy":"product_tag","embeddable":true,"href":"https:\/\/secureus.se\/de\/wp-json\/wp\/v2\/product_tag?post=159474"}],"curies":[{"name":"wp","href":"https:\/\/api.w.org\/{rel}","templated":true}]}}