{"id":159481,"date":"2025-10-24T12:15:19","date_gmt":"2025-10-24T10:15:19","guid":{"rendered":"https:\/\/secureus.se\/larmsandare-enicom-en54-21-certifierad-for-brandlarm-hogsakerhetsanlaggningar\/"},"modified":"2025-12-31T22:05:04","modified_gmt":"2025-12-31T21:05:04","slug":"larmsandare-enicom-en54-21","status":"publish","type":"product","link":"https:\/\/secureus.se\/de\/larmsandare-enicom-en54-21\/","title":{"rendered":"Alarmsender EniCom EN54-21 zertifiziert f\u00fcr Brandmeldeanlagen und Hochsicherheitssysteme"},"content":{"rendered":"<h1 data-start=\"693\" data-end=\"779\">Alarmsender EniCom EN54-21 zertifiziert f\u00fcr Brandmeldeanlagen und Hochsicherheitssysteme<\/h1>\n<p data-start=\"781\" data-end=\"1135\">Der Alarmsender EniCom 4G ist ein professioneller und zertifizierter Alarmsender gem\u00e4\u00df <strong data-start=\"846\" data-end=\"857\">EN54-21<\/strong>, speziell entwickelt f\u00fcr Brandmeldeanlagen und Anwendungen, bei denen eine sichere und redundante Signal\u00fcbertragung von entscheidender Bedeutung ist.<\/p>\n<p data-start=\"781\" data-end=\"1135\">Mit Unterst\u00fctzung f\u00fcr <strong data-start=\"985\" data-end=\"997\">Ethernet<\/strong> Und <strong data-start=\"1002\" data-end=\"1012\">4G\/LTE<\/strong> Das Ger\u00e4t kann die Alarmkommunikation auch im Falle eines Netzwerkausfalls aufrechterhalten \u2013 ideal f\u00fcr Geb\u00e4ude, Industrieanlagen und Feuerwachen.<\/p>\n<p data-start=\"1137\" data-end=\"1483\"><strong data-start=\"1137\" data-end=\"1184\">Zweifacher Kommunikationspfad mit vollst\u00e4ndiger Redundanz<\/strong><br data-start=\"1184\" data-end=\"1187\" \/>Die prim\u00e4re Kommunikation erfolgt \u00fcber Ethernet (LAN), w\u00e4hrend das GSM\/4G-Netzwerk als Backup- oder Parallelpfad genutzt wird.<\/p>\n<p data-start=\"1137\" data-end=\"1483\">Es k\u00f6nnen bis zu vier unabh\u00e4ngige Kommunikationspfade mit jeweils eigener IP-Adresse und eigenem Server definiert werden.<\/p>\n<p data-start=\"1137\" data-end=\"1483\">Es unterst\u00fctzt <strong data-start=\"1406\" data-end=\"1419\">SIA DC-09<\/strong>-Protokoll f\u00fcr die sichere IP-basierte \u00dcbertragung an Alarmzentralen.<\/p>\n<p data-start=\"1485\" data-end=\"1881\"><strong data-start=\"1485\" data-end=\"1519\">Flexible Ein- und Ausg\u00e4nge<\/strong><br data-start=\"1519\" data-end=\"1522\" \/>Das Ger\u00e4t verf\u00fcgt \u00fcber vier Eing\u00e4nge, die als NO, NC, EOL oder 2EOL konfiguriert werden k\u00f6nnen, mit der M\u00f6glichkeit von <strong data-start=\"1616\" data-end=\"1633\">Zonenverdopplung<\/strong> f\u00fcr bis zu acht logische Eing\u00e4nge.<\/p>\n<p data-start=\"1485\" data-end=\"1881\">Mit <strong data-start=\"1674\" data-end=\"1692\">EC-84 Expander<\/strong> Das System kann auf insgesamt 64 Eing\u00e4nge und 32 Ausg\u00e4nge erweitert werden.<\/p>\n<p data-start=\"1485\" data-end=\"1881\">Die beiden OC-Ausg\u00e4nge k\u00f6nnen als NO\/NC und bistabil oder monostabil konfiguriert werden, was eine gro\u00dfe Flexibilit\u00e4t bei der Integration erm\u00f6glicht.<\/p>\n<p data-start=\"1883\" data-end=\"2339\"><strong data-start=\"1883\" data-end=\"1928\">Erweiterte Funktionen und Cloud-Anbindung<\/strong><br data-start=\"1928\" data-end=\"1931\" \/>ENiCom 4G kann Contact ID-Ereignisse \u00fcber PSTN-Simulation empfangen und diese \u00fcber Ethernet oder 4G an vier \u00dcberwachungsserver weiterleiten.<\/p>\n<p data-start=\"1883\" data-end=\"2339\">Es hat <strong data-start=\"2078\" data-end=\"2095\">Dual-SIM-Unterst\u00fctzung<\/strong>, <strong data-start=\"2097\" data-end=\"2115\">Cloud-Verbindung<\/strong>, <strong data-start=\"2117\" data-end=\"2139\">Fernprogrammierung<\/strong>, <strong data-start=\"2141\" data-end=\"2164\">SMS-Weiterleitung<\/strong>, sowie <strong data-start=\"2171\" data-end=\"2198\">verschl\u00fcsselte Kommunikation<\/strong> f\u00fcr maximale Sicherheit.<br data-start=\"2219\" data-end=\"2222\" \/>Es werden 256 Ereignisse mit Zeitstempel protokolliert (512 in der erweiterten Version), und die Firmware kann direkt \u00fcber USB oder die Cloud aktualisiert werden.<\/p>\n<p data-start=\"2341\" data-end=\"2557\"><strong data-start=\"2341\" data-end=\"2373\">EN54-21-zertifizierte Sicherheit<\/strong><br data-start=\"2373\" data-end=\"2376\" \/>Die Zertifizierung garantiert, dass das Kommunikationsger\u00e4t die europ\u00e4ischen Anforderungen an die Brandmelde\u00fcbertragung erf\u00fcllt und sich somit ideal f\u00fcr jedes System eignet, bei dem Betriebssicherheit und Redundanz von entscheidender Bedeutung sind.<\/p>\n<p data-start=\"2559\" data-end=\"2583\"><strong data-start=\"2559\" data-end=\"2581\">Einsatzgebiete<\/strong><\/p>\n<ul data-start=\"2584\" data-end=\"2805\">\n<li data-start=\"2584\" data-end=\"2623\">\n<p data-start=\"2586\" data-end=\"2623\">Brandmelde- und Rauchmeldesysteme<\/p>\n<\/li>\n<li data-start=\"2624\" data-end=\"2673\">\n<p data-start=\"2626\" data-end=\"2673\">Sicherheits- und Einbruchmeldeanlagen mit hoher Redundanz<\/p>\n<\/li>\n<li data-start=\"2674\" data-end=\"2722\">\n<p data-start=\"2676\" data-end=\"2722\">Industrieimmobilien und \u00f6ffentliche Geb\u00e4ude<\/p>\n<\/li>\n<li data-start=\"2723\" data-end=\"2761\">\n<p data-start=\"2725\" data-end=\"2761\">Fern\u00fcberwachung \u00fcber Cloud oder IP<\/p>\n<\/li>\n<li data-start=\"2762\" data-end=\"2805\">\n<p data-start=\"2764\" data-end=\"2805\">Systeme, die eine EN54-21-Zertifizierung ben\u00f6tigen<\/p>\n<\/li>\n<\/ul>\n<hr data-start=\"2807\" data-end=\"2810\" \/>\n<h3 data-start=\"2812\" data-end=\"2844\"><strong data-start=\"2816\" data-end=\"2844\">Technische Spezifikationen<\/strong><\/h3>\n<ul data-start=\"2845\" data-end=\"3623\">\n<li data-start=\"2845\" data-end=\"2874\">\n<p data-start=\"2847\" data-end=\"2874\"><strong data-start=\"2847\" data-end=\"2864\">Zertifizierung:<\/strong> EN54-21<\/p>\n<\/li>\n<li data-start=\"2875\" data-end=\"2930\">\n<p data-start=\"2877\" data-end=\"2930\"><strong data-start=\"2877\" data-end=\"2895\">Kommunikation:<\/strong> Ethernet (LAN), GSM\/4G\/LTE, GPRS<\/p>\n<\/li>\n<li data-start=\"2931\" data-end=\"2959\">\n<p data-start=\"2933\" data-end=\"2959\"><strong data-start=\"2933\" data-end=\"2947\">Protokoll:<\/strong> SIA DC-09<\/p>\n<\/li>\n<li data-start=\"2960\" data-end=\"2986\">\n<p data-start=\"2962\" data-end=\"2986\"><strong data-start=\"2962\" data-end=\"2970\">SIM:<\/strong> Dual-Nano-SIM<\/p>\n<\/li>\n<li data-start=\"2987\" data-end=\"3040\">\n<p data-start=\"2989\" data-end=\"3040\"><strong data-start=\"2989\" data-end=\"3002\">Eingaben:<\/strong> 4 St\u00fcck (NO\/NC\/EOL\/2EOL\/Zonenduplizierung)<\/p>\n<\/li>\n<li data-start=\"3041\" data-end=\"3083\">\n<p data-start=\"3043\" data-end=\"3083\"><strong data-start=\"3043\" data-end=\"3056\">Ausgaben:<\/strong> 2 OC (NO\/NC\/Follower)<\/p>\n<\/li>\n<li data-start=\"3084\" data-end=\"3159\">\n<p data-start=\"3086\" data-end=\"3159\"><strong data-start=\"3086\" data-end=\"3110\">Erweiterungsm\u00f6glichkeiten:<\/strong> EC-84 (8 Eing\u00e4nge + 4 Ausg\u00e4nge, max. 8 Module)<\/p>\n<\/li>\n<li data-start=\"3160\" data-end=\"3208\">\n<p data-start=\"3162\" data-end=\"3208\"><strong data-start=\"3162\" data-end=\"3176\">Ereignisprotokoll:<\/strong> 512 Ereignisse mit Zeitstempel<\/p>\n<\/li>\n<li data-start=\"3209\" data-end=\"3279\">\n<p data-start=\"3211\" data-end=\"3279\"><strong data-start=\"3211\" data-end=\"3228\">Verbindungen:<\/strong> RJ45 Ethernet 10\/100 Base-T, USB 2.0, SMA-Antenne<\/p>\n<\/li>\n<li data-start=\"3280\" data-end=\"3316\">\n<p data-start=\"3282\" data-end=\"3316\"><strong data-start=\"3282\" data-end=\"3303\">Stromversorgung:<\/strong> 10\u201328 V DC<\/p>\n<\/li>\n<li data-start=\"3317\" data-end=\"3376\">\n<p data-start=\"3319\" data-end=\"3376\"><strong data-start=\"3319\" data-end=\"3340\">Stromverbrauch:<\/strong> 150 mA (Schlafmodus) \/ 1000 mA (max.)<\/p>\n<\/li>\n<li data-start=\"3377\" data-end=\"3410\">\n<p data-start=\"3379\" data-end=\"3410\"><strong data-start=\"3379\" data-end=\"3400\">Arbeitstemperatur:<\/strong> 0\u201350 \u00b0C<\/p>\n<\/li>\n<li data-start=\"3411\" data-end=\"3446\">\n<p data-start=\"3413\" data-end=\"3446\"><strong data-start=\"3413\" data-end=\"3439\">Relative Luftfeuchtigkeit:<\/strong> 60 %<\/p>\n<\/li>\n<li data-start=\"3447\" data-end=\"3489\">\n<p data-start=\"3449\" data-end=\"3489\"><strong data-start=\"3449\" data-end=\"3470\">Abmessungen (B x L x H):<\/strong> 135 x 95 x 25 mm<\/p>\n<\/li>\n<li data-start=\"3490\" data-end=\"3509\">\n<p data-start=\"3492\" data-end=\"3509\"><strong data-start=\"3492\" data-end=\"3501\">Gewicht:<\/strong> 140 g<\/p>\n<\/li>\n<li data-start=\"3510\" data-end=\"3563\">\n<p data-start=\"3512\" data-end=\"3563\"><strong data-start=\"3512\" data-end=\"3525\">Material:<\/strong> Kunststoffgeh\u00e4use mit SMA-Antennenanschluss<\/p>\n<\/li>\n<li data-start=\"3564\" data-end=\"3623\">\n<p data-start=\"3566\" data-end=\"3623\"><strong data-start=\"3566\" data-end=\"3584\">Programmierung:<\/strong> SMS, USB, Cloud, ProRead-Software<\/p>\n<\/li>\n<\/ul>","protected":false},"excerpt":{"rendered":"<p>Der Alarmsender ENiCom 4G ist ein nach EN54-21 zertifizierter Alarmsender, der f\u00fcr Brandmelde- und Sicherheitssysteme mit Anforderungen an redundante Signal\u00fcbertragung entwickelt wurde.<\/p>\n<p>Es kombiniert Ethernet- und 4G\/LTE-Kommunikation, verf\u00fcgt \u00fcber 4 redundante Eing\u00e4nge, 2 Ausg\u00e4nge, Cloud-Konnektivit\u00e4t und Unterst\u00fctzung f\u00fcr das SIA DC-09-Protokoll \u2013 f\u00fcr maximale Zuverl\u00e4ssigkeit in kritischen Brandmeldeanlagen.<\/p>","protected":false},"featured_media":159477,"template":"","meta":{"_acf_changed":false},"product_brand":[],"product_cat":[1551],"product_tag":[],"class_list":{"0":"post-159481","1":"product","2":"type-product","3":"status-publish","4":"has-post-thumbnail","6":"product_cat-larmoverforing","7":"pa_brands-asc","8":"tm-no-options","10":"first","11":"instock","12":"taxable","13":"shipping-taxable","14":"purchasable","15":"product-type-simple"},"acf":[],"_links":{"self":[{"href":"https:\/\/secureus.se\/de\/wp-json\/wp\/v2\/product\/159481","targetHints":{"allow":["GET"]}}],"collection":[{"href":"https:\/\/secureus.se\/de\/wp-json\/wp\/v2\/product"}],"about":[{"href":"https:\/\/secureus.se\/de\/wp-json\/wp\/v2\/types\/product"}],"wp:featuredmedia":[{"embeddable":true,"href":"https:\/\/secureus.se\/de\/wp-json\/wp\/v2\/media\/159477"}],"wp:attachment":[{"href":"https:\/\/secureus.se\/de\/wp-json\/wp\/v2\/media?parent=159481"}],"wp:term":[{"taxonomy":"product_brand","embeddable":true,"href":"https:\/\/secureus.se\/de\/wp-json\/wp\/v2\/product_brand?post=159481"},{"taxonomy":"product_cat","embeddable":true,"href":"https:\/\/secureus.se\/de\/wp-json\/wp\/v2\/product_cat?post=159481"},{"taxonomy":"product_tag","embeddable":true,"href":"https:\/\/secureus.se\/de\/wp-json\/wp\/v2\/product_tag?post=159481"}],"curies":[{"name":"wp","href":"https:\/\/api.w.org\/{rel}","templated":true}]}}