{"id":159485,"date":"2025-10-24T12:12:26","date_gmt":"2025-10-24T10:12:26","guid":{"rendered":"https:\/\/secureus.se\/larmsandare-proline-4g-med-lan-cloud\/"},"modified":"2025-12-31T22:04:57","modified_gmt":"2025-12-31T21:04:57","slug":"larmsandare-proline-4g-med-lan","status":"publish","type":"product","link":"https:\/\/secureus.se\/de\/larmsandare-proline-4g-med-lan\/","title":{"rendered":"Alarmsender ProLine 4G mit LAN + Cloud"},"content":{"rendered":"<h1 data-start=\"736\" data-end=\"820\"><strong data-start=\"736\" data-end=\"820\">Alarmsender ProLine 4G mit LAN + Cloud \u2013 duale Kommunikationswege f\u00fcr zukunftssichere Alarmsysteme<\/strong><\/h1>\n<p data-start=\"822\" data-end=\"1176\">Der Alarmsender ProLine 4G LAN + Cloud ist ein leistungsstarker und intelligenter Alarmkommunikator, der GSM\/4G-\u00dcbertragung mit einer festen LAN-Verbindung kombiniert.<\/p>\n<p data-start=\"822\" data-end=\"1176\">Es ist f\u00fcr die sichere Alarm\u00fcbertragung an Leitstellen konzipiert und unterst\u00fctzt die Protokolle SIA DC-09 und Enigma sowohl \u00fcber IP als auch \u00fcber LTE\/GPRS.<\/p>\n<p data-start=\"822\" data-end=\"1176\">Dank seines dualen Kommunikationspfads gew\u00e4hrleistet es einen unterbrechungsfreien Betrieb auch bei Netzwerkausf\u00e4llen.<\/p>\n<p data-start=\"1178\" data-end=\"1493\"><strong data-start=\"1178\" data-end=\"1218\">Simulation einer analogen Telefonleitung (PSTN)<\/strong><br data-start=\"1218\" data-end=\"1221\" \/>Das Ger\u00e4t erzeugt eine vollst\u00e4ndige Telefonleitung mit 48 V Leitungsspannung und 72 V Klingelsignal und ist somit mit \u00e4lteren Notrufzentralen und Aufzugsnotrufsystemen kompatibel.<\/p>\n<p data-start=\"1178\" data-end=\"1493\">Es empf\u00e4ngt Contact-ID-Codes \u00fcber TIP\/RING und leitet diese \u00fcber Ethernet oder das 4G-Netzwerk an die Alarmzentrale weiter.<\/p>\n<p data-start=\"1495\" data-end=\"1826\"><strong data-start=\"1495\" data-end=\"1521\">LAN- und Cloud-Konnektivit\u00e4t<\/strong><br data-start=\"1521\" data-end=\"1524\" \/>Zus\u00e4tzlich zum Mobilfunknetz kann das ProLine 4G LAN + Cloud \u00fcber seinen eingebauten LAN-Anschluss direkt mit dem Netzwerk verbunden werden.<\/p>\n<p data-start=\"1495\" data-end=\"1826\">Alarmereignisse werden \u00fcber das Internet an bis zu vier IP-Adressen gesendet, was Redundanz und sichere \u00dcberwachung erm\u00f6glicht. Das Ger\u00e4t unterst\u00fctzt die Fernprogrammierung und -konfiguration \u00fcber Cloud, PC, App oder WLAN.<\/p>\n<p data-start=\"1828\" data-end=\"2207\"><strong data-start=\"1828\" data-end=\"1856\">Benachrichtigung und Steuerung<\/strong><br data-start=\"1856\" data-end=\"1859\" \/>Das Ger\u00e4t kann bis zu acht Empf\u00e4nger f\u00fcr SMS oder Sprachnachrichten und 1.000 Telefonnummern zur Ausgabesteuerung verwalten.<\/p>\n<p data-start=\"1828\" data-end=\"2207\">Zwei programmierbare NO\/NC-Eing\u00e4nge erm\u00f6glichen eine flexible Integration, und der Ausgang kann als monostabil (zeitgesteuert) oder bistabil (fester Modus) konfiguriert werden.<\/p>\n<p data-start=\"1828\" data-end=\"2207\">Das Ger\u00e4t protokolliert st\u00fcndlich die GSM-Signalst\u00e4rke und speichert bis zu 16.000 Ereignisse.<\/p>\n<p data-start=\"2209\" data-end=\"2441\"><strong data-start=\"2209\" data-end=\"2232\">Datensicherung und Sicherheit<\/strong><br data-start=\"2232\" data-end=\"2235\" \/>Mit dem optionalen ProBattery kann das Ger\u00e4t bei einem Stromausfall bis zu 4 Stunden lang betrieben werden.<\/p>\n<p data-start=\"2209\" data-end=\"2441\">Es \u00fcberwacht den SIM-Status, das Netzwerksignal und Systemereignisse in Echtzeit und sendet im St\u00f6rungsfall automatische Warnmeldungen.<\/p>\n<p data-start=\"2443\" data-end=\"2467\"><strong data-start=\"2443\" data-end=\"2465\">Einsatzgebiete<\/strong><\/p>\n<ul data-start=\"2468\" data-end=\"2689\">\n<li data-start=\"2468\" data-end=\"2505\">\n<p data-start=\"2470\" data-end=\"2505\">Alarmzentralen und Sicherheitssysteme<\/p>\n<\/li>\n<li data-start=\"2506\" data-end=\"2537\">\n<p data-start=\"2508\" data-end=\"2537\">Aufz\u00fcge und Notrufsysteme<\/p>\n<\/li>\n<li data-start=\"2538\" data-end=\"2583\">\n<p data-start=\"2540\" data-end=\"2583\">Tor- und T\u00fcrsteuerung \u00fcber LAN oder GSM<\/p>\n<\/li>\n<li data-start=\"2584\" data-end=\"2647\">\n<p data-start=\"2586\" data-end=\"2647\">Haus- und Geb\u00e4udeautomation (Beleuchtung, Heizung, L\u00fcftung)<\/p>\n<\/li>\n<li data-start=\"2648\" data-end=\"2689\">\n<p data-start=\"2650\" data-end=\"2689\">\u00dcberwachung des Stromnetzes und des Betriebszustands<\/p>\n<\/li>\n<\/ul>\n<hr data-start=\"2691\" data-end=\"2694\" \/>\n<h3 data-start=\"2696\" data-end=\"2728\"><strong data-start=\"2700\" data-end=\"2728\">Technische Spezifikationen<\/strong><\/h3>\n<ul data-start=\"2729\" data-end=\"3432\">\n<li data-start=\"2729\" data-end=\"2775\">\n<p data-start=\"2731\" data-end=\"2775\"><strong data-start=\"2731\" data-end=\"2749\">Kommunikation:<\/strong> GSM\/GPRS\/SMS\/3G\/LTE\/LAN<\/p>\n<\/li>\n<li data-start=\"2776\" data-end=\"2812\">\n<p data-start=\"2778\" data-end=\"2812\"><strong data-start=\"2778\" data-end=\"2792\">Protokoll:<\/strong> SIA DC-09, Enigma<\/p>\n<\/li>\n<li data-start=\"2813\" data-end=\"2872\">\n<p data-start=\"2815\" data-end=\"2872\"><strong data-start=\"2815\" data-end=\"2842\">Telefonleitungssimulation:<\/strong> 48-V-Leitung, 72-V-Ringsignal<\/p>\n<\/li>\n<li data-start=\"2873\" data-end=\"2901\">\n<p data-start=\"2875\" data-end=\"2901\"><strong data-start=\"2875\" data-end=\"2888\">Eingaben:<\/strong> 2 St\u00fcck NO\/NC<\/p>\n<\/li>\n<li data-start=\"2902\" data-end=\"2970\">\n<p data-start=\"2904\" data-end=\"2970\"><strong data-start=\"2904\" data-end=\"2917\">Ausgaben:<\/strong> 1 Relais (20 V\/500 mA), erweiterbar mit 1 Relaisausgang<\/p>\n<\/li>\n<li data-start=\"2971\" data-end=\"3029\">\n<p data-start=\"2973\" data-end=\"3029\"><strong data-start=\"2973\" data-end=\"2989\">Benachrichtigung:<\/strong> 8 Empf\u00e4nger (SMS\/Sprache), 4 IP-Adressen<\/p>\n<\/li>\n<li data-start=\"3030\" data-end=\"3098\">\n<p data-start=\"3032\" data-end=\"3098\"><strong data-start=\"3032\" data-end=\"3045\">Lenkung:<\/strong> Bis zu 1.000 Telefonnummern oder kostenlose Anrufe<\/p>\n<\/li>\n<li data-start=\"3099\" data-end=\"3132\">\n<p data-start=\"3101\" data-end=\"3132\"><strong data-start=\"3101\" data-end=\"3113\">Lagerung:<\/strong> 16.000 Veranstaltungen<\/p>\n<\/li>\n<li data-start=\"3133\" data-end=\"3165\">\n<p data-start=\"3135\" data-end=\"3165\"><strong data-start=\"3135\" data-end=\"3153\">Betriebsspannung:<\/strong> 9\u201320 V Gleichstrom<\/p>\n<\/li>\n<li data-start=\"3166\" data-end=\"3231\">\n<p data-start=\"3168\" data-end=\"3231\"><strong data-start=\"3168\" data-end=\"3189\">Stromverbrauch:<\/strong> 80 mA (Schlafmodus) \/ 1000 mA (aktives GSM)<\/p>\n<\/li>\n<li data-start=\"3232\" data-end=\"3278\">\n<p data-start=\"3234\" data-end=\"3278\"><strong data-start=\"3234\" data-end=\"3245\">Sicherung:<\/strong> ProBattery (\u2248 4 Stunden Betriebsdauer)<\/p>\n<\/li>\n<li data-start=\"3279\" data-end=\"3350\">\n<p data-start=\"3281\" data-end=\"3350\"><strong data-start=\"3281\" data-end=\"3299\">Programmierung:<\/strong> USB, Bluetooth, Wi-Fi, SMS, PC-Software (ProRead)<\/p>\n<\/li>\n<li data-start=\"3351\" data-end=\"3432\">\n<p data-start=\"3353\" data-end=\"3432\"><strong data-start=\"3353\" data-end=\"3368\">Merkmale:<\/strong> Cloud-Konfiguration, Lebensdauertest, Manipulationstest, Stromausfallbenachrichtigung<\/p>\n<\/li>\n<\/ul>","protected":false},"excerpt":{"rendered":"<p data-start=\"297\" data-end=\"685\">Der Alarmsender ProLine 4G LAN + Cloud ist ein fortschrittlicher Alarmsender mit LAN- und 4G-Anschluss.<\/p>\n<p data-start=\"297\" data-end=\"685\">Es simuliert eine analoge Telefonleitung (PSTN) und sendet Alarme \u00fcber Ethernet, GSM oder LTE an bis zu vier IP-Adressen.<\/p>\n<p data-start=\"297\" data-end=\"685\">Mit Unterst\u00fctzung f\u00fcr die Protokolle SIA DC-09 und Enigma, Fernsteuerung \u00fcber die Cloud und 16.000 Ereignisprotokollen bietet es maximale Sicherheit und Flexibilit\u00e4t f\u00fcr professionelle Alarmanlagen.<\/p>","protected":false},"featured_media":159482,"template":"","meta":{"_acf_changed":false},"product_brand":[],"product_cat":[1551],"product_tag":[],"class_list":{"0":"post-159485","1":"product","2":"type-product","3":"status-publish","4":"has-post-thumbnail","6":"product_cat-larmoverforing","7":"pa_brands-asc","8":"tm-no-options","10":"first","11":"instock","12":"taxable","13":"shipping-taxable","14":"purchasable","15":"product-type-simple"},"acf":[],"_links":{"self":[{"href":"https:\/\/secureus.se\/de\/wp-json\/wp\/v2\/product\/159485","targetHints":{"allow":["GET"]}}],"collection":[{"href":"https:\/\/secureus.se\/de\/wp-json\/wp\/v2\/product"}],"about":[{"href":"https:\/\/secureus.se\/de\/wp-json\/wp\/v2\/types\/product"}],"wp:featuredmedia":[{"embeddable":true,"href":"https:\/\/secureus.se\/de\/wp-json\/wp\/v2\/media\/159482"}],"wp:attachment":[{"href":"https:\/\/secureus.se\/de\/wp-json\/wp\/v2\/media?parent=159485"}],"wp:term":[{"taxonomy":"product_brand","embeddable":true,"href":"https:\/\/secureus.se\/de\/wp-json\/wp\/v2\/product_brand?post=159485"},{"taxonomy":"product_cat","embeddable":true,"href":"https:\/\/secureus.se\/de\/wp-json\/wp\/v2\/product_cat?post=159485"},{"taxonomy":"product_tag","embeddable":true,"href":"https:\/\/secureus.se\/de\/wp-json\/wp\/v2\/product_tag?post=159485"}],"curies":[{"name":"wp","href":"https:\/\/api.w.org\/{rel}","templated":true}]}}