{"id":159724,"date":"2025-11-03T11:31:01","date_gmt":"2025-11-03T10:31:01","guid":{"rendered":"https:\/\/secureus.se\/?post_type=product&#038;p=159724"},"modified":"2026-04-08T15:05:20","modified_gmt":"2026-04-08T13:05:20","slug":"slutbleck-minimal-xt-mattkrom","status":"publish","type":"product","link":"https:\/\/secureus.se\/de\/slutbleck-minimal-xt-mattkrom\/","title":{"rendered":"Endplatte Minimal XT Mattchrom"},"content":{"rendered":"","protected":false},"excerpt":{"rendered":"<p>Schlie\u00dfplatte f\u00fcr Schlossgeh\u00e4use AGB Polaris 2XT und Revolution XT.<\/p>\n<p><b>Eigenschaften:<\/b><\/p>\n<ul>\n<li>Breite: 20 mm<\/li>\n<li>Tiefe: 14,8 mm<\/li>\n<li>L\u00e4nge: 59,2 mm<\/li>\n<li>Fr\u00e4sabmessungen: 16 x 15 x 55,4 mm<\/li>\n<\/ul>","protected":false},"featured_media":159723,"template":"","meta":{"_acf_changed":false},"product_brand":[],"product_cat":[4891],"product_tag":[],"class_list":{"0":"post-159724","1":"product","2":"type-product","3":"status-publish","4":"has-post-thumbnail","6":"product_cat-slutbleck-och-tillbehor","7":"pa_brands-agb","8":"tm-no-options","10":"first","11":"instock","12":"taxable","13":"shipping-taxable","14":"purchasable","15":"product-type-simple"},"acf":[],"_links":{"self":[{"href":"https:\/\/secureus.se\/de\/wp-json\/wp\/v2\/product\/159724","targetHints":{"allow":["GET"]}}],"collection":[{"href":"https:\/\/secureus.se\/de\/wp-json\/wp\/v2\/product"}],"about":[{"href":"https:\/\/secureus.se\/de\/wp-json\/wp\/v2\/types\/product"}],"wp:featuredmedia":[{"embeddable":true,"href":"https:\/\/secureus.se\/de\/wp-json\/wp\/v2\/media\/159723"}],"wp:attachment":[{"href":"https:\/\/secureus.se\/de\/wp-json\/wp\/v2\/media?parent=159724"}],"wp:term":[{"taxonomy":"product_brand","embeddable":true,"href":"https:\/\/secureus.se\/de\/wp-json\/wp\/v2\/product_brand?post=159724"},{"taxonomy":"product_cat","embeddable":true,"href":"https:\/\/secureus.se\/de\/wp-json\/wp\/v2\/product_cat?post=159724"},{"taxonomy":"product_tag","embeddable":true,"href":"https:\/\/secureus.se\/de\/wp-json\/wp\/v2\/product_tag?post=159724"}],"curies":[{"name":"wp","href":"https:\/\/api.w.org\/{rel}","templated":true}]}}