{"id":160027,"date":"2025-11-21T11:12:25","date_gmt":"2025-11-21T10:12:25","guid":{"rendered":"https:\/\/secureus.se\/?post_type=product&#038;p=160027"},"modified":"2026-04-01T12:17:01","modified_gmt":"2026-04-01T10:17:01","slug":"axis-t91b57-stolpmontering-for-overvakningskameror","status":"publish","type":"product","link":"https:\/\/secureus.se\/de\/axis-t91b57-stolpmontering-for-overvakningskameror\/","title":{"rendered":"AXIS T91B57 Masthalterung f\u00fcr \u00dcberwachungskameras"},"content":{"rendered":"<h1>AXIS T91B57 Masthalterung f\u00fcr \u00dcberwachungskameras<\/h1>\n<div class=\"dad65929\">\n<div class=\"_4f9bf79 d7dc56a8 _43c05b5\">\n<div class=\"ds-message _63c77b1\">\n<div class=\"ds-markdown\">\n<p class=\"ds-markdown-paragraph\">Wenn Sie \u00dcberwachungskameras an Masten im Au\u00dfenbereich montieren m\u00fcssen, ben\u00f6tigen Sie eine Halterung, die die Kamera nicht nur an ihrem Platz h\u00e4lt, sondern auch die Kamera und ihre Kabel vor \u00e4u\u00dferen Einfl\u00fcssen sch\u00fctzt.<\/p>\n<p class=\"ds-markdown-paragraph\"><strong>AXIS T91B57 Mastmontage<\/strong>\u00a0ist die professionelle L\u00f6sung hierf\u00fcr, deren Design sowohl Sicherheit als auch Langlebigkeit in den Vordergrund stellt.<\/p>\n<p class=\"ds-markdown-paragraph\"><strong>Maximaler Schutz vor Vandalismus und Witterungseinfl\u00fcssen<\/strong><br \/>\nEine der gr\u00f6\u00dften Bedrohungen f\u00fcr Au\u00dfenkameras ist Vandalismus.<\/p>\n<p class=\"ds-markdown-paragraph\">AXIS T91B57 ist\u00a0<strong>IK10-zertifiziert<\/strong>Das bedeutet, dass es direkten St\u00f6\u00dfen standhalten kann, die einer Energie von 20 Joule entsprechen \u2013 das entspricht in etwa dem Aufprall eines 5 kg schweren Vorschlaghammers, der aus einer H\u00f6he von 40 cm fallen gelassen wird.<\/p>\n<p class=\"ds-markdown-paragraph\">Dies bietet einen sehr hohen Schutz vor Vandalismus und versehentlichen St\u00f6\u00dfen. Dar\u00fcber hinaus ist die gesamte Konstruktion so ausgelegt, dass sie rauen Witterungsbedingungen standh\u00e4lt und sich somit ideal f\u00fcr langfristige Au\u00dfeninstallationen eignet.<\/p>\n<p class=\"ds-markdown-paragraph\"><strong>Insektensicheres Kabelmanagement f\u00fcr zuverl\u00e4ssige Verbindungen<\/strong><br \/>\nEin h\u00e4ufiges Problem bei Au\u00dfeninstallationen ist, dass Insekten und Kleintiere in die Verkabelung gelangen, was zu Kabelsch\u00e4den und kostspieligen Reparaturen f\u00fchren kann.<\/p>\n<p class=\"ds-markdown-paragraph\">AXIS T91B57 hat eine\u00a0<strong>Geschlossene Bauweise mit spezieller Kabelverschraubung<\/strong>\u00a0Dadurch wird das Eindringen von Insekten und Staub wirksam verhindert. Dies gew\u00e4hrleistet, dass die Kabel gesch\u00fctzt bleiben und die Kameraverbindungen dauerhaft stabil sind.<\/p>\n<p class=\"ds-markdown-paragraph\"><strong>Vielseitig und einfach zu installieren<\/strong><br \/>\nDurch die Konstruktion der Halterung ist sie vielseitig einsetzbar und l\u00e4sst sich leicht individuell anpassen.<\/p>\n<p class=\"ds-markdown-paragraph\">Es ist\u00a0<strong>Verstellbar f\u00fcr Stangen mit einem Durchmesser von 100 mm bis 410 mm<\/strong>, was die g\u00e4ngigsten Pfostenabmessungen abdeckt.<\/p>\n<p class=\"ds-markdown-paragraph\">Dank dieser Anpassungsf\u00e4higkeit eignet es sich hervorragend f\u00fcr alles, von schmalen Lichtmasten bis hin zu breiteren Verkehrsmasten.<\/p>\n<p class=\"ds-markdown-paragraph\">AXIS T91B57 ist speziell daf\u00fcr konzipiert, <strong>Kompatibel mit Wandhalterungen der AXIS T91-Serie und Geh\u00e4usen der AXIS T98A-Serie<\/strong>, wodurch ein zusammenh\u00e4ngendes und sicheres System f\u00fcr Ihre Kameraausr\u00fcstung geschaffen wird.<\/p>\n<p class=\"ds-markdown-paragraph\"><strong>Robuste Konstruktion f\u00fcr lange Lebensdauer<\/strong><br \/>\nDie Halterung ist aus hochwertigen Materialien gefertigt und daher sowohl robust als auch korrosionsbest\u00e4ndig.<\/p>\n<p class=\"ds-markdown-paragraph\">Durch ihre robuste Bauweise wird sichergestellt, dass die Kamera auch bei Wind und Wetter stabil bleibt, was f\u00fcr die Aufrechterhaltung einer klaren Bildqualit\u00e4t von entscheidender Bedeutung ist.<\/p>\n<p class=\"ds-markdown-paragraph\"><strong>Zusammenfassung:<\/strong><br \/>\nDie AXIS T91B57 Masthalterung ist eine zuverl\u00e4ssige und sichere Wahl f\u00fcr professionelle Kamerainstallationen an Masten.<\/p>\n<p class=\"ds-markdown-paragraph\">Die Kombination aus hoher Vandalismusbest\u00e4ndigkeit, insektensicherer Verkabelung und breiter Anpassungsf\u00e4higkeit macht es zu einem effektiven Schutz f\u00fcr Ihre Investition in die Au\u00dfen\u00fcberwachung.<\/p>\n<p class=\"ds-markdown-paragraph\">Entscheiden Sie sich f\u00fcr AXIS T91B57 f\u00fcr eine zukunftssichere Installation.<\/p>\n<\/div>\n<\/div>\n<\/div>\n<\/div>","protected":false},"excerpt":{"rendered":"<p>Diese vielseitige Stangenhalterung bietet eine sichere Befestigung f\u00fcr Ihre Axis-Kameras an Stangen.<\/p>\n<p>Mit Vandalismusschutzklasse IK10 und geschlossener Bauweise mit insektensicherer Verkabelung ist es perfekt f\u00fcr den Au\u00dfeneinsatz geeignet.<\/p>\n<p>Die Halterung l\u00e4sst sich leicht an Stangen mit Durchmessern von 100-410 mm anpassen und ist kompatibel mit AXIS T91 Wandhalterungen und T98A Schr\u00e4nken.<\/p>","protected":false},"featured_media":160025,"template":"","meta":{"_acf_changed":false},"product_brand":[],"product_cat":[4954],"product_tag":[],"class_list":{"0":"post-160027","1":"product","2":"type-product","3":"status-publish","4":"has-post-thumbnail","6":"product_cat-axis-stativ-fasten","7":"pa_brands-axis","8":"pa_farg-vit","9":"tm-no-options","11":"first","12":"instock","13":"sale","14":"taxable","15":"shipping-taxable","16":"purchasable","17":"product-type-simple"},"acf":[],"_links":{"self":[{"href":"https:\/\/secureus.se\/de\/wp-json\/wp\/v2\/product\/160027","targetHints":{"allow":["GET"]}}],"collection":[{"href":"https:\/\/secureus.se\/de\/wp-json\/wp\/v2\/product"}],"about":[{"href":"https:\/\/secureus.se\/de\/wp-json\/wp\/v2\/types\/product"}],"wp:featuredmedia":[{"embeddable":true,"href":"https:\/\/secureus.se\/de\/wp-json\/wp\/v2\/media\/160025"}],"wp:attachment":[{"href":"https:\/\/secureus.se\/de\/wp-json\/wp\/v2\/media?parent=160027"}],"wp:term":[{"taxonomy":"product_brand","embeddable":true,"href":"https:\/\/secureus.se\/de\/wp-json\/wp\/v2\/product_brand?post=160027"},{"taxonomy":"product_cat","embeddable":true,"href":"https:\/\/secureus.se\/de\/wp-json\/wp\/v2\/product_cat?post=160027"},{"taxonomy":"product_tag","embeddable":true,"href":"https:\/\/secureus.se\/de\/wp-json\/wp\/v2\/product_tag?post=160027"}],"curies":[{"name":"wp","href":"https:\/\/api.w.org\/{rel}","templated":true}]}}