{"id":160030,"date":"2025-11-21T11:12:26","date_gmt":"2025-11-21T10:12:26","guid":{"rendered":"https:\/\/secureus.se\/?post_type=product&#038;p=160030"},"modified":"2026-04-23T13:11:33","modified_gmt":"2026-04-23T11:11:33","slug":"axis-t91e61-utomhusvaggfaste-for-fasta-kupolpendlar","status":"publish","type":"product","link":"https:\/\/secureus.se\/de\/axis-t91e61-utomhusvaggfaste-for-fasta-kupolpendlar\/","title":{"rendered":"AXIS T91E61 Au\u00dfenwandhalterung f\u00fcr feststehende Pendelleuchten"},"content":{"rendered":"<h1>AXIS T91E61 Au\u00dfenwandhalterung f\u00fcr feststehende Pendelleuchten<\/h1>\n<div class=\"dad65929\">\n<div class=\"_4f9bf79 d7dc56a8 _43c05b5\">\n<div class=\"ds-message _63c77b1\">\n<div class=\"ds-markdown\">\n<p class=\"ds-markdown-paragraph\">Die AXIS T91E61 ist eine Wandhalterung, die speziell f\u00fcr fest installierte Dome-Netzwerkkameras von Axis entwickelt wurde.<\/p>\n<p class=\"ds-markdown-paragraph\">Dank seiner kompakten Gr\u00f6\u00dfe und seines dezenten Erscheinungsbildes f\u00fcgt es sich stilvoll in Innen- und Au\u00dfenbereiche ein.<\/p>\n<p class=\"ds-markdown-paragraph\">Die robuste Konstruktion der Halterung gew\u00e4hrleistet, dass die Kamera \u00fcber l\u00e4ngere Zeit sicher und stabil sitzt.<\/p>\n<p class=\"ds-markdown-paragraph\">Robuste Konstruktion f\u00fcr anspruchsvolle Umgebungen<br \/>\nDie Halterung besteht aus pulverbeschichtetem, chromatiertem Aluminium und ist sowohl sto\u00dffest als auch korrosionsbest\u00e4ndig.<\/p>\n<p class=\"ds-markdown-paragraph\">Mit der Schutzart IK10 h\u00e4lt es starken St\u00f6\u00dfen stand und ist daher ideal f\u00fcr Installationen geeignet, bei denen Vandalismus ein Problem darstellen k\u00f6nnte.<\/p>\n<p class=\"ds-markdown-paragraph\">Die wei\u00dfe Farbe (NCS S 1002-B) beh\u00e4lt ihre Sch\u00f6nheit \u00fcber lange Zeit und passt in die meisten Umgebungen.<\/p>\n<p class=\"ds-markdown-paragraph\">Einfache Installation und vielseitige Einsatzm\u00f6glichkeiten<br \/>\nDie Halterung verf\u00fcgt \u00fcber ein 1,5\u2033 NPS-Gewinde und ist mit allen festen Pendelleuchten von Axis mit demselben Gewindestandard kompatibel.<\/p>\n<p class=\"ds-markdown-paragraph\">Es verf\u00fcgt \u00fcber das gleiche Lochmuster wie die Wandhalterungen f\u00fcr fest installierte Axis-Au\u00dfenkameras, wodurch ein einfacher Wechsel zwischen verschiedenen Kameratypen ohne zus\u00e4tzliche Bohrungen m\u00f6glich ist.<\/p>\n<p class=\"ds-markdown-paragraph\">Durch die Verwendung des AXIS T94R01P Rohrschranks k\u00f6nnen die Kabel mit Rohren gesch\u00fctzt werden, und mit Zubeh\u00f6r wie der AXIS T91A47 Masthalterung kann die Halterung an Masten oder Ecken montiert werden.<\/p>\n<p class=\"ds-markdown-paragraph\">Flexibles Kabelmanagement<br \/>\nF\u00fcr die Kabelf\u00fchrung stehen mehrere M\u00f6glichkeiten zur Verf\u00fcgung. Die Kabel k\u00f6nnen intern durch eine Kabeldurchf\u00fchrung auf der R\u00fcckseite oder durch Aussparungen an der Seite verlegt werden.<\/p>\n<p class=\"ds-markdown-paragraph\">Alternativ k\u00f6nnen die Kabel auch extern verlegt werden, indem man eine der vier Aussparungen im Sockel der Halterung nutzt.<\/p>\n<p class=\"ds-markdown-paragraph\">Durch diese Flexibilit\u00e4t l\u00e4sst sich die Installation leicht an die \u00f6rtlichen Gegebenheiten anpassen.<\/p>\n<p class=\"ds-markdown-paragraph\">Technischer \u00dcberblick<\/p>\n<ul>\n<li>\n<p class=\"ds-markdown-paragraph\">Maximale Belastung: 10 kg<\/p>\n<\/li>\n<li>\n<p class=\"ds-markdown-paragraph\">Abmessungen: 80 x 161 x 120 mm<\/p>\n<\/li>\n<li>\n<p class=\"ds-markdown-paragraph\">Gewicht: 525 g<\/p>\n<\/li>\n<li>\n<p class=\"ds-markdown-paragraph\">Material: Pulverbeschichtetes, chromatiertes Aluminium<\/p>\n<\/li>\n<li>\n<p class=\"ds-markdown-paragraph\">Farbe: Wei\u00df (NCS S 1002-B)<\/p>\n<\/li>\n<li>\n<p class=\"ds-markdown-paragraph\">Schutzklasse: IK10, Schutzart IP f\u00fcr den Au\u00dfenbereich<\/p>\n<\/li>\n<li>\n<p class=\"ds-markdown-paragraph\">Kompatibilit\u00e4t: Passend f\u00fcr Axis M3004-V, M3005-V, M3006-V, M3007-P, M3007-PV, M3024-Serie, P32, P33, Q35 mit zugeh\u00f6rigen Bedienelementen<\/p>\n<\/li>\n<\/ul>\n<p class=\"ds-markdown-paragraph\">Zusammenfassung:<br \/>\nDie AXIS T91E61 Wandhalterung bietet eine zuverl\u00e4ssige und diskrete L\u00f6sung f\u00fcr die Installation von Axis Festdome-Kameras.<\/p>\n<p class=\"ds-markdown-paragraph\">Durch seine robuste Bauweise, die einfache Installation und das flexible Kabelmanagement ist es eine ausgezeichnete Wahl sowohl f\u00fcr professionelle Installateure als auch f\u00fcr Endkunden, die eine langlebige L\u00f6sung f\u00fcr ihre \u00dcberwachungsanforderungen suchen.<\/p>\n<\/div>\n<\/div>\n<\/div>\n<\/div>","protected":false},"excerpt":{"rendered":"<p class=\"ds-markdown-paragraph\">AXIS T91E61 Wandhalterung: Unauff\u00e4llige und robuste L\u00f6sung f\u00fcr fest installierte Dome-Kameras<\/p>\n<p class=\"ds-markdown-paragraph\">Diese Wandhalterung ist speziell f\u00fcr Axis Fixed Dome Netzwerkkameras konzipiert.<\/p>\n<p class=\"ds-markdown-paragraph\">Dank seiner kompakten Form und der wei\u00dfen Farbe erm\u00f6glicht es eine unauff\u00e4llige Installation und eignet sich sowohl f\u00fcr den Innen- als auch f\u00fcr den Au\u00dfenbereich.<\/p>\n<p class=\"ds-markdown-paragraph\">Die Halterung besteht aus schlagfestem Material mit der Schutzart IK10 und ist korrosionsbest\u00e4ndig f\u00fcr eine lange Lebensdauer.<\/p>","protected":false},"featured_media":160028,"template":"","meta":{"_acf_changed":false},"product_brand":[],"product_cat":[4954],"product_tag":[],"class_list":{"0":"post-160030","1":"product","2":"type-product","3":"status-publish","4":"has-post-thumbnail","6":"product_cat-axis-stativ-fasten","7":"pa_brands-axis","8":"pa_farg-vit","9":"tm-no-options","11":"first","12":"instock","13":"sale","14":"taxable","15":"shipping-taxable","16":"purchasable","17":"product-type-simple"},"acf":[],"_links":{"self":[{"href":"https:\/\/secureus.se\/de\/wp-json\/wp\/v2\/product\/160030","targetHints":{"allow":["GET"]}}],"collection":[{"href":"https:\/\/secureus.se\/de\/wp-json\/wp\/v2\/product"}],"about":[{"href":"https:\/\/secureus.se\/de\/wp-json\/wp\/v2\/types\/product"}],"wp:featuredmedia":[{"embeddable":true,"href":"https:\/\/secureus.se\/de\/wp-json\/wp\/v2\/media\/160028"}],"wp:attachment":[{"href":"https:\/\/secureus.se\/de\/wp-json\/wp\/v2\/media?parent=160030"}],"wp:term":[{"taxonomy":"product_brand","embeddable":true,"href":"https:\/\/secureus.se\/de\/wp-json\/wp\/v2\/product_brand?post=160030"},{"taxonomy":"product_cat","embeddable":true,"href":"https:\/\/secureus.se\/de\/wp-json\/wp\/v2\/product_cat?post=160030"},{"taxonomy":"product_tag","embeddable":true,"href":"https:\/\/secureus.se\/de\/wp-json\/wp\/v2\/product_tag?post=160030"}],"curies":[{"name":"wp","href":"https:\/\/api.w.org\/{rel}","templated":true}]}}