{"id":160035,"date":"2025-11-21T11:12:26","date_gmt":"2025-11-21T10:12:26","guid":{"rendered":"https:\/\/secureus.se\/?post_type=product&#038;p=160035"},"modified":"2026-04-23T13:11:29","modified_gmt":"2026-04-23T11:11:29","slug":"axis-tq5001-e-vagg-stativfaste-for-axis-ptz-och-multisensorkameror","status":"publish","type":"product","link":"https:\/\/secureus.se\/de\/axis-tq5001-e-vagg-stativfaste-for-axis-ptz-och-multisensorkameror\/","title":{"rendered":"AXIS TQ5001-E Wand-\/Stativhalterung f\u00fcr Axis PTZ- und Multisensor-Kameras"},"content":{"rendered":"<h1>AXIS TQ5001-E Wand-\/Stativhalterung f\u00fcr Axis PTZ- und Multisensor-Kameras<\/h1>\n<div class=\"dad65929\">\n<div class=\"_4f9bf79 d7dc56a8 _43c05b5\">\n<div class=\"ds-message _63c77b1\">\n<div class=\"ds-markdown\">\n<p class=\"ds-markdown-paragraph\">AXIS TQ5001-E Wand- und Masthalterung: Die ultimative L\u00f6sung f\u00fcr flexible und sichere Kamerainstallationen<\/p>\n<p class=\"ds-markdown-paragraph\">Die AXIS TQ5001-E ist eine vielseitige und robuste Halterung, die speziell f\u00fcr Axis PTZ- und Multisensor-Kameras entwickelt wurde.<\/p>\n<p class=\"ds-markdown-paragraph\">Dank seiner einzigartigen F\u00e4higkeit, sowohl als Wandhalterung als auch als Masthalterung zu fungieren, bietet es Installateuren eine beispiellose Flexibilit\u00e4t bei der Planung und Durchf\u00fchrung von Kamerainstallationen.<\/p>\n<p class=\"ds-markdown-paragraph\">Robuste Konstruktion f\u00fcr anspruchsvolle Umgebungen<br \/>\nDie Halterung ist so konstruiert, dass sie selbst h\u00e4rtesten Bedingungen standh\u00e4lt. Mit der Schutzklasse IK10 bietet sie au\u00dfergew\u00f6hnlichen Schutz vor Vandalismus und starken St\u00f6\u00dfen.<\/p>\n<p class=\"ds-markdown-paragraph\">Die IP66-Zertifizierung gew\u00e4hrleistet, dass die Halterung vollst\u00e4ndig gegen Staub und starke Wasserstrahlen gesch\u00fctzt ist und sich somit sowohl f\u00fcr die Installation im Innen- als auch im Au\u00dfenbereich in allen Klimazonen eignet.<\/p>\n<p class=\"ds-markdown-paragraph\">Das pulverbeschichtete Aluminiumchassis ist korrosionsbest\u00e4ndig und langlebig, selbst in K\u00fcstenumgebungen.<\/p>\n<p class=\"ds-markdown-paragraph\">Flexible Anschlussm\u00f6glichkeiten f\u00fcr eine effiziente Installation<br \/>\nEiner der gr\u00f6\u00dften Vorteile des AXIS TQ5001-E sind seine vielseitigen Anschlussm\u00f6glichkeiten.<\/p>\n<p class=\"ds-markdown-paragraph\">Installateure k\u00f6nnen zwischen dem eingebauten RJ45-Stecker mit Schutzart IP66 und einem IDC-Stecker (Isolation Displacement Contact) w\u00e4hlen.<\/p>\n<p class=\"ds-markdown-paragraph\">Dies bietet mehr Freiheit bei der Verkabelung und der Anpassung an unterschiedliche Installationsszenarien.<\/p>\n<p class=\"ds-markdown-paragraph\">Das integrierte Ethernet-Kabel mit IP66-Anschluss vereinfacht die Installation erheblich und verringert das Risiko einer fehlerhaften Montage.<\/p>\n<p class=\"ds-markdown-paragraph\">Einfacher Umbau zwischen verschiedenen Montagearten<br \/>\nDurch einfaches Drehen der Montagehalterung kann die Halterung von einer Wandhalterung in eine Masthalterung umgewandelt werden.<\/p>\n<p class=\"ds-markdown-paragraph\">F\u00fcr die Mastmontage werden AXIS Stahlb\u00e4nder TX30 (separat erh\u00e4ltlich) ben\u00f6tigt. Die Halterung kann auch in Ecken mit der optionalen AXIS Eckhalterung T91A64 montiert werden.<\/p>\n<p class=\"ds-markdown-paragraph\">Diese Vielseitigkeit macht es zu einer wirtschaftlichen und praktischen Wahl f\u00fcr Installationen, die im Laufe der Zeit m\u00f6glicherweise ge\u00e4ndert werden m\u00fcssen.<\/p>\n<p class=\"ds-markdown-paragraph\">Technischer \u00dcberblick<\/p>\n<ul>\n<li>\n<p class=\"ds-markdown-paragraph\">Maximale Belastung: 40 kg (88,2 lb)<\/p>\n<\/li>\n<li>\n<p class=\"ds-markdown-paragraph\">Gewicht: 1960 g (4,3 lb)<\/p>\n<\/li>\n<li>\n<p class=\"ds-markdown-paragraph\">Material: Pulverbeschichtetes Aluminium<\/p>\n<\/li>\n<li>\n<p class=\"ds-markdown-paragraph\">Farbe: Wei\u00df (NCS S 1002-B)<\/p>\n<\/li>\n<li>\n<p class=\"ds-markdown-paragraph\">Anschl\u00fcsse: IP66 RJ45 (Ausgang), RJ45 (Eingang), IDC<\/p>\n<\/li>\n<li>\n<p class=\"ds-markdown-paragraph\">Betriebsbedingungen: -50 \u00b0C bis 65 \u00b0C<\/p>\n<\/li>\n<li>\n<p class=\"ds-markdown-paragraph\">Kompatibilit\u00e4t: AXIS P55-Serie, P56-Serie, Q37-Serie, Q60-Serie, Q61-Serie<\/p>\n<\/li>\n<li>\n<p class=\"ds-markdown-paragraph\">Garantie: 5 Jahre<\/p>\n<\/li>\n<\/ul>\n<p class=\"ds-markdown-paragraph\">Inhalt des Pakets<br \/>\nDie Halterung wird komplett mit Wandhalterung, Montageanleitung, Kabelbindern und RJ45-Montagewerkzeug geliefert.<\/p>\n<p class=\"ds-markdown-paragraph\">Das bedeutet, dass die Installateure alles haben, was sie ben\u00f6tigen, um sofort loslegen zu k\u00f6nnen.<\/p>\n<p class=\"ds-markdown-paragraph\">Zusammenfassung:<br \/>\nDie AXIS TQ5001-E Wand- und Masthalterung ist eine professionelle Wahl f\u00fcr sichere und flexible Kamerainstallationen.<\/p>\n<p class=\"ds-markdown-paragraph\">Seine robuste Konstruktion, die vielseitigen Anschlussm\u00f6glichkeiten und die einfache Umr\u00fcstung zwischen verschiedenen Montagearten machen es zu einer zukunftssicheren Wahl f\u00fcr aktuelle und zuk\u00fcnftige Installationsanforderungen.<\/p>\n<p class=\"ds-markdown-paragraph\">Dank der 5-Jahres-Garantie k\u00f6nnen Sie darauf vertrauen, dass Ihre Investition langfristig gesch\u00fctzt ist.<\/p>\n<\/div>\n<\/div>\n<\/div>\n<\/div>","protected":false},"excerpt":{"rendered":"<p class=\"ds-markdown-paragraph\">AXIS TQ5001-E Wand- und Masthalterung: Vielseitige und robuste Halterung f\u00fcr professionelle Kamerainstallationen<\/p>\n<p class=\"ds-markdown-paragraph\">Diese flexible Halterung dient sowohl als Wandhalterung als auch als Masthalterung f\u00fcr Axis PTZ- und Multisensor-Kameras.<\/p>\n<p class=\"ds-markdown-paragraph\">Mit Vandalismusschutzklasse IK10 und IP66-Zertifizierung sch\u00fctzt es die Kamera auch unter schwierigen Bedingungen.<\/p>\n<p class=\"ds-markdown-paragraph\">Die Halterung bietet zwei Anschlussm\u00f6glichkeiten \u2013 RJ45- oder IDC-Stecker \u2013 f\u00fcr optimale Flexibilit\u00e4t bei der Installation.<\/p>","protected":false},"featured_media":160031,"template":"","meta":{"_acf_changed":false},"product_brand":[],"product_cat":[4954],"product_tag":[],"class_list":{"0":"post-160035","1":"product","2":"type-product","3":"status-publish","4":"has-post-thumbnail","6":"product_cat-axis-stativ-fasten","7":"pa_brands-axis","8":"tm-no-options","10":"first","11":"instock","12":"sale","13":"taxable","14":"shipping-taxable","15":"purchasable","16":"product-type-simple"},"acf":[],"_links":{"self":[{"href":"https:\/\/secureus.se\/de\/wp-json\/wp\/v2\/product\/160035","targetHints":{"allow":["GET"]}}],"collection":[{"href":"https:\/\/secureus.se\/de\/wp-json\/wp\/v2\/product"}],"about":[{"href":"https:\/\/secureus.se\/de\/wp-json\/wp\/v2\/types\/product"}],"wp:featuredmedia":[{"embeddable":true,"href":"https:\/\/secureus.se\/de\/wp-json\/wp\/v2\/media\/160031"}],"wp:attachment":[{"href":"https:\/\/secureus.se\/de\/wp-json\/wp\/v2\/media?parent=160035"}],"wp:term":[{"taxonomy":"product_brand","embeddable":true,"href":"https:\/\/secureus.se\/de\/wp-json\/wp\/v2\/product_brand?post=160035"},{"taxonomy":"product_cat","embeddable":true,"href":"https:\/\/secureus.se\/de\/wp-json\/wp\/v2\/product_cat?post=160035"},{"taxonomy":"product_tag","embeddable":true,"href":"https:\/\/secureus.se\/de\/wp-json\/wp\/v2\/product_tag?post=160035"}],"curies":[{"name":"wp","href":"https:\/\/api.w.org\/{rel}","templated":true}]}}