{"id":160038,"date":"2025-11-21T11:12:26","date_gmt":"2025-11-21T10:12:26","guid":{"rendered":"https:\/\/secureus.se\/?post_type=product&#038;p=160038"},"modified":"2026-04-09T11:22:09","modified_gmt":"2026-04-09T09:22:09","slug":"axis-t94n01d-pendelsats-for-inomhus-och-utomhusbruk","status":"publish","type":"product","link":"https:\/\/secureus.se\/de\/axis-t94n01d-pendelsats-for-inomhus-och-utomhusbruk\/","title":{"rendered":"AXIS T94N01D Pendelset f\u00fcr den Innen- und Au\u00dfenbereich"},"content":{"rendered":"<h1>AXIS T94N01D Pendelset f\u00fcr den Innen- und Au\u00dfenbereich<\/h1>\n<div class=\"dad65929\">\n<div class=\"_4f9bf79 d7dc56a8\">\n<div class=\"ds-message _63c77b1\">\n<div class=\"ds-markdown\">\n<p class=\"ds-markdown-paragraph\">AXIS T94N01D Pendel-Kit: Anpassungsf\u00e4hige Montagel\u00f6sung f\u00fcr professionelle Kamerainstallationen<\/p>\n<p class=\"ds-markdown-paragraph\">Das AXIS T94N01D ist ein Pendel-Kit, das Flexibilit\u00e4t und Anpassungsf\u00e4higkeit f\u00fcr die Montage von Netzwerkkameras der Axis P37-Serie bietet.<\/p>\n<p class=\"ds-markdown-paragraph\">Dieses Set ist speziell f\u00fcr die Installation an verschiedenen Orten und auf unterschiedlichen Oberfl\u00e4chen konzipiert und eignet sich daher ideal f\u00fcr Innen- und Au\u00dfenbereiche.<\/p>\n<p class=\"ds-markdown-paragraph\">Flexible Montage f\u00fcr verschiedene Installationen<br \/>\nMit AXIS T94N01D k\u00f6nnen Installateure P37-Kameras problemlos auf verschiedenen Oberfl\u00e4chen und Strukturen montieren.<\/p>\n<p class=\"ds-markdown-paragraph\">Das Set ist mit 1,5\u2033 NPS-Gewindehalterungen kompatibel und eignet sich daher f\u00fcr die Verwendung mit einer breiten Palette von Axis-Montagezubeh\u00f6r.<\/p>\n<p class=\"ds-markdown-paragraph\">Dies beinhaltet die M\u00f6glichkeit, die Kamera an Masten, Geb\u00e4udegel\u00e4ndern und Au\u00dfenecken zu montieren, was mehr Freiheit bei der Planung von \u00dcberwachungsl\u00f6sungen bietet.<\/p>\n<p class=\"ds-markdown-paragraph\">Robuste Konstruktion f\u00fcr zuverl\u00e4ssige Leistung<br \/>\nDie AXIS T94N01D wurde so konstruiert, dass sie sowohl Innen- als auch Au\u00dfenbedingungen standh\u00e4lt und gew\u00e4hrleistet, dass die Kamera unabh\u00e4ngig von der Umgebung sicher befestigt bleibt.<\/p>\n<p class=\"ds-markdown-paragraph\">Die robuste Konstruktion gew\u00e4hrleistet langfristige Zuverl\u00e4ssigkeit und Schutz f\u00fcr die Kamera, was f\u00fcr die kontinuierliche \u00dcberwachung und Sicherheit unerl\u00e4sslich ist.<\/p>\n<p class=\"ds-markdown-paragraph\">Kompatibilit\u00e4t und Verwendungsm\u00f6glichkeiten<\/p>\n<p class=\"ds-markdown-paragraph\">Das Kit ist speziell f\u00fcr die Netzwerkkameras Axis P3717-PLE und P3719-PLE konzipiert.<\/p>\n<p class=\"ds-markdown-paragraph\">Durch die Verwendung der Montagezubeh\u00f6rserie T91 von Axis k\u00f6nnen Installateure ma\u00dfgeschneiderte L\u00f6sungen erstellen, die den jeweiligen Installationsanforderungen gerecht werden.<\/p>\n<p class=\"ds-markdown-paragraph\">Das macht AXIS T94N01D zu einer vielseitigen Wahl f\u00fcr alles, von Gewerbegeb\u00e4uden und Industrieanlagen bis hin zu \u00f6ffentlichen Pl\u00e4tzen und Wohngebieten.<\/p>\n<p class=\"ds-markdown-paragraph\">Einfache Installation und Anpassung<br \/>\nDie Installation ist einfach und unkompliziert, was Zeit spart und die Komplexit\u00e4t der Einrichtung von \u00dcberwachungssystemen reduziert.<\/p>\n<p class=\"ds-markdown-paragraph\">Das Design des Kits erm\u00f6glicht eine einfache Anpassung und Positionierung der Kamera f\u00fcr ein optimales Sichtfeld und eine optimale Abdeckung.<\/p>\n<p class=\"ds-markdown-paragraph\">Zusammenfassung:<br \/>\nDas AXIS T94N01D Pendelkit ist eine zuverl\u00e4ssige und flexible L\u00f6sung zur Montage von Axis P37 Kameras.<\/p>\n<p class=\"ds-markdown-paragraph\">Durch seine Anpassungsf\u00e4higkeit an unterschiedliche Umgebungen und Montagearten ist es eine ausgezeichnete Wahl f\u00fcr professionelle \u00dcberwachungsinstallationen.<\/p>\n<p class=\"ds-markdown-paragraph\">Egal ob die Kamera an einer Stange, einem Gel\u00e4nder oder in einer Ecke montiert werden soll, dieses Set bietet die notwendige Stabilit\u00e4t und Anpassungsf\u00e4higkeit, um eine langfristige Leistung zu gew\u00e4hrleisten.<\/p>\n<\/div>\n<\/div>\n<\/div>\n<\/div>","protected":false},"excerpt":{"rendered":"<p>Mit diesem Anh\u00e4nger-Kit k\u00f6nnen die Netzwerkkameras Axis P3717-PLE und P3719-PLE an verschiedenen Orten und auf unterschiedlichen Oberfl\u00e4chen montiert werden.<\/p>\n<p>Das Set ist mit 1,5\u2033 NPS-Gewindehalterungen kompatibel und kann sowohl im Innen- als auch im Au\u00dfenbereich verwendet werden.<\/p>\n<p>Ideal f\u00fcr die Montage an Pfosten, Gel\u00e4ndern und Ecken mit dem Montagezubeh\u00f6r Axis T91.<\/p>","protected":false},"featured_media":160036,"template":"","meta":{"_acf_changed":false},"product_brand":[],"product_cat":[4954],"product_tag":[],"class_list":{"0":"post-160038","1":"product","2":"type-product","3":"status-publish","4":"has-post-thumbnail","6":"product_cat-axis-stativ-fasten","7":"pa_brands-axis","8":"pa_farg-vit","9":"tm-no-options","11":"first","12":"instock","13":"sale","14":"taxable","15":"shipping-taxable","16":"purchasable","17":"product-type-simple"},"acf":[],"_links":{"self":[{"href":"https:\/\/secureus.se\/de\/wp-json\/wp\/v2\/product\/160038","targetHints":{"allow":["GET"]}}],"collection":[{"href":"https:\/\/secureus.se\/de\/wp-json\/wp\/v2\/product"}],"about":[{"href":"https:\/\/secureus.se\/de\/wp-json\/wp\/v2\/types\/product"}],"wp:featuredmedia":[{"embeddable":true,"href":"https:\/\/secureus.se\/de\/wp-json\/wp\/v2\/media\/160036"}],"wp:attachment":[{"href":"https:\/\/secureus.se\/de\/wp-json\/wp\/v2\/media?parent=160038"}],"wp:term":[{"taxonomy":"product_brand","embeddable":true,"href":"https:\/\/secureus.se\/de\/wp-json\/wp\/v2\/product_brand?post=160038"},{"taxonomy":"product_cat","embeddable":true,"href":"https:\/\/secureus.se\/de\/wp-json\/wp\/v2\/product_cat?post=160038"},{"taxonomy":"product_tag","embeddable":true,"href":"https:\/\/secureus.se\/de\/wp-json\/wp\/v2\/product_tag?post=160038"}],"curies":[{"name":"wp","href":"https:\/\/api.w.org\/{rel}","templated":true}]}}