{"id":160052,"date":"2025-11-21T11:12:27","date_gmt":"2025-11-21T10:12:27","guid":{"rendered":"https:\/\/secureus.se\/?post_type=product&#038;p=160052"},"modified":"2026-04-23T13:11:20","modified_gmt":"2026-04-23T11:11:20","slug":"axis-t94n02d-hangsats-for-axis-p3715-plve-for-montering-pa-15-nps-gangade-fasten","status":"publish","type":"product","link":"https:\/\/secureus.se\/de\/axis-t94n02d-hangsats-for-axis-p3715-plve-for-montering-pa-15-nps-gangade-fasten\/","title":{"rendered":"AXIS T94N02D Aufh\u00e4ngungssatz f\u00fcr AXIS P3715-PLVE zur Montage auf 1,5\u2033 NPS-Gewindehalterungen"},"content":{"rendered":"<h1>AXIS T94N02D Aufh\u00e4ngungssatz f\u00fcr AXIS P3715-PLVE zur Montage auf 1,5\u2033 NPS-Gewindehalterungen<\/h1>\n<div class=\"dad65929\">\n<div class=\"_4f9bf79 d7dc56a8 _43c05b5\">\n<div class=\"ds-message _63c77b1\">\n<div class=\"ds-markdown\">\n<p class=\"ds-markdown-paragraph\"><strong>Produkt\u00fcbersicht<\/strong><\/p>\n<p class=\"ds-markdown-paragraph\">Axis T94N02D ist ein Aufh\u00e4ngungssatz, der f\u00fcr die Montage von AXIS P3715-PLVE Netzwerkkameras auf 1,5\u2033 NPS Gewindehalterungen entwickelt wurde.<\/p>\n<p class=\"ds-markdown-paragraph\">Es eignet sich sowohl f\u00fcr den Innen- als auch f\u00fcr den Au\u00dfenbereich und erm\u00f6glicht die Montage der Kamera an Stangen, Gel\u00e4ndern und Au\u00dfenecken mithilfe des Montagezubeh\u00f6rs T91 von Axis.<\/p>\n<p class=\"ds-markdown-paragraph\"><strong>Hauptmerkmale<\/strong><\/p>\n<ul>\n<li>\n<p class=\"ds-markdown-paragraph\">Kompatibel mit AXIS P3715-PLVE Kameras<\/p>\n<\/li>\n<li>\n<p class=\"ds-markdown-paragraph\">Geeignet f\u00fcr den Innen- und Au\u00dfenbereich<\/p>\n<\/li>\n<li>\n<p class=\"ds-markdown-paragraph\">Geeignet f\u00fcr 1,5\u2033 NPS-Gewindebefestigungen<\/p>\n<\/li>\n<li>\n<p class=\"ds-markdown-paragraph\">Erm\u00f6glicht die Montage an Pfosten, Br\u00fcstungen und Au\u00dfenecken.<\/p>\n<\/li>\n<li>\n<p class=\"ds-markdown-paragraph\">Flexible Integration mit Axis T91 Montagezubeh\u00f6r<\/p>\n<\/li>\n<\/ul>\n<p class=\"ds-markdown-paragraph\"><strong>Technische Informationen<\/strong><\/p>\n<ul>\n<li>\n<p class=\"ds-markdown-paragraph\">Produktname: Axis T94N02D Handbedienungsset f\u00fcr AXIS P3715-PLVE<\/p>\n<\/li>\n<li>\n<p class=\"ds-markdown-paragraph\">Kategorie: Kamerahalterungen, Geh\u00e4use und Halterungen<\/p>\n<\/li>\n<li>\n<p class=\"ds-markdown-paragraph\">UPC-Code: 7331021072060<\/p>\n<\/li>\n<li>\n<p class=\"ds-markdown-paragraph\">EAN-Code: 7331021072060<\/p>\n<\/li>\n<li>\n<p class=\"ds-markdown-paragraph\">Herstellungsland: China (\u00c4nderungen vorbehalten)<\/p>\n<\/li>\n<\/ul>\n<p class=\"ds-markdown-paragraph\"><strong>Einsatzgebiete<\/strong><\/p>\n<ul>\n<li>\n<p class=\"ds-markdown-paragraph\">Ideal zur \u00dcberwachung von Au\u00dfenbereichen, Parks, Geb\u00e4uden und Industrieumgebungen<\/p>\n<\/li>\n<li>\n<p class=\"ds-markdown-paragraph\">Einfache Montage an vorhandenen 1,5\u2033 NPS-Gewindehalterungen<\/p>\n<\/li>\n<\/ul>\n<p class=\"ds-markdown-paragraph\">Axis T94N02D bietet eine robuste und anpassungsf\u00e4hige L\u00f6sung f\u00fcr die fortschrittliche Kameramontage mit Fokus auf Kompatibilit\u00e4t und Langlebigkeit.<\/p>\n<\/div>\n<\/div>\n<\/div>\n<\/div>\n<div class=\"sc-bczRLJ fySwpa\">\n<div class=\"sc-bczRLJ kEeNDb\"><\/div>\n<\/div>","protected":false},"excerpt":{"rendered":"<p class=\"ds-markdown-paragraph\">Axis T94N02D Handbedienset f\u00fcr P3715-PLVE Kameras.<\/p>\n<p class=\"ds-markdown-paragraph\">Zur Montage auf 1,5\u2033-NPS-Gewindehalterungen im Innen- und Au\u00dfenbereich. Kompatibel mit Axis T91-Halterungen.<\/p>","protected":false},"featured_media":160050,"template":"","meta":{"_acf_changed":false},"product_brand":[],"product_cat":[4954],"product_tag":[],"class_list":{"0":"post-160052","1":"product","2":"type-product","3":"status-publish","4":"has-post-thumbnail","6":"product_cat-axis-stativ-fasten","7":"pa_brands-axis","8":"pa_farg-vit","9":"tm-no-options","11":"first","12":"onbackorder","13":"sale","14":"taxable","15":"shipping-taxable","16":"purchasable","17":"product-type-simple"},"acf":[],"_links":{"self":[{"href":"https:\/\/secureus.se\/de\/wp-json\/wp\/v2\/product\/160052","targetHints":{"allow":["GET"]}}],"collection":[{"href":"https:\/\/secureus.se\/de\/wp-json\/wp\/v2\/product"}],"about":[{"href":"https:\/\/secureus.se\/de\/wp-json\/wp\/v2\/types\/product"}],"wp:featuredmedia":[{"embeddable":true,"href":"https:\/\/secureus.se\/de\/wp-json\/wp\/v2\/media\/160050"}],"wp:attachment":[{"href":"https:\/\/secureus.se\/de\/wp-json\/wp\/v2\/media?parent=160052"}],"wp:term":[{"taxonomy":"product_brand","embeddable":true,"href":"https:\/\/secureus.se\/de\/wp-json\/wp\/v2\/product_brand?post=160052"},{"taxonomy":"product_cat","embeddable":true,"href":"https:\/\/secureus.se\/de\/wp-json\/wp\/v2\/product_cat?post=160052"},{"taxonomy":"product_tag","embeddable":true,"href":"https:\/\/secureus.se\/de\/wp-json\/wp\/v2\/product_tag?post=160052"}],"curies":[{"name":"wp","href":"https:\/\/api.w.org\/{rel}","templated":true}]}}