{"id":160061,"date":"2025-11-21T11:12:27","date_gmt":"2025-11-21T10:12:27","guid":{"rendered":"https:\/\/secureus.se\/?post_type=product&#038;p=160061"},"modified":"2026-04-23T13:11:05","modified_gmt":"2026-04-23T11:11:05","slug":"axis-t91b67-stolpmontering-for-fasta-dome-kameror-15-nps-ganga","status":"publish","type":"product","link":"https:\/\/secureus.se\/de\/axis-t91b67-stolpmontering-for-fasta-dome-kameror-15-nps-ganga\/","title":{"rendered":"AXIS T91B67 Stangenhalterung f\u00fcr fest installierte Dome-Kameras, 1,5\u2033, NPS-Gewinde"},"content":{"rendered":"<h1>AXIS T91B67 Stangenhalterung f\u00fcr fest installierte Dome-Kameras, 1,5\u2033, NPS-Gewinde<\/h1>\n<div class=\"dad65929\">\n<div class=\"_4f9bf79 d7dc56a8 _43c05b5\">\n<div class=\"ds-message _63c77b1\">\n<div class=\"ds-markdown\">\n<p class=\"ds-markdown-paragraph\"><strong>Produkt\u00fcbersicht<\/strong><\/p>\n<p class=\"ds-markdown-paragraph\">Die Axis T91B67 ist eine robuste Stangenhalterung, die speziell f\u00fcr Axis-Festdome- und Panoramakameras mit 1,5\u2033-NPS-Gewindependelhalterungen entwickelt wurde.<\/p>\n<p class=\"ds-markdown-paragraph\">Dank seiner Schutzart IK10 und NEMA 4X eignet es sich sowohl f\u00fcr Innen- als auch f\u00fcr Au\u00dfenbereiche.<\/p>\n<p class=\"ds-markdown-paragraph\">Die Halterung ist f\u00fcr Pfosten mit einem Durchmesser von 65\u2013165 mm und Balken ausgelegt und verf\u00fcgt \u00fcber seitliche Einf\u00fchrungen f\u00fcr 3\/4\u2033-Kabelkan\u00e4le sowie eine geschlossene R\u00fcckseite mit Dichtung zum Schutz vor Insekten.<\/p>\n<p class=\"ds-markdown-paragraph\"><strong>Hauptmerkmale<\/strong><\/p>\n<ul>\n<li>\n<p class=\"ds-markdown-paragraph\">1,5\u2033 NPS-Gewinde f\u00fcr Axis-Pendelbaus\u00e4tze<\/p>\n<\/li>\n<li>\n<p class=\"ds-markdown-paragraph\">Passend f\u00fcr Pfosten mit einem Durchmesser von 65\u2013165 mm<\/p>\n<\/li>\n<li>\n<p class=\"ds-markdown-paragraph\">IK10-Vandalismusschutz und NEMA 4X-Korrosionsschutz<\/p>\n<\/li>\n<li>\n<p class=\"ds-markdown-paragraph\">Insektensichere Kabeldurchf\u00fchrung<\/p>\n<\/li>\n<li>\n<p class=\"ds-markdown-paragraph\">Edelstahl-Marineb\u00e4nder (SS316L) mit TX30-Schraube<\/p>\n<\/li>\n<\/ul>\n<p class=\"ds-markdown-paragraph\"><strong>Kompatibilit\u00e4t<\/strong><\/p>\n<ul>\n<li>\n<p class=\"ds-markdown-paragraph\">Alle Axis-Festdome-Kameras mit 1,5\u2033-NPS-Gewindependels\u00e4tzen<\/p>\n<\/li>\n<li>\n<p class=\"ds-markdown-paragraph\">Kameras der Panorama-Serie<\/p>\n<\/li>\n<\/ul>\n<p class=\"ds-markdown-paragraph\"><strong>Technische Informationen<\/strong><\/p>\n<ul>\n<li>\n<p class=\"ds-markdown-paragraph\">Maximale Belastung: 15 kg<\/p>\n<\/li>\n<li>\n<p class=\"ds-markdown-paragraph\">Material: Pulverbeschichtetes Aluminium, wei\u00df (NCS S 1002-B)<\/p>\n<\/li>\n<li>\n<p class=\"ds-markdown-paragraph\">Abmessungen: 252 x 134 x 194 mm<\/p>\n<\/li>\n<li>\n<p class=\"ds-markdown-paragraph\">Gewicht: 1,2 kg<\/p>\n<\/li>\n<li>\n<p class=\"ds-markdown-paragraph\">Lieferumfang: Montageanleitung, Edelstahlb\u00e4nder, insektensichere Kabeldurchf\u00fchrung<\/p>\n<\/li>\n<li>\n<p class=\"ds-markdown-paragraph\">Erforderlich: 1,5\u2033 NPS-Gewinde-Axis-Pendelsatz<\/p>\n<\/li>\n<\/ul>\n<p class=\"ds-markdown-paragraph\"><strong>Zertifizierungen<\/strong><\/p>\n<ul>\n<li>\n<p class=\"ds-markdown-paragraph\">Sicherheit: IEC\/EN\/UL 60950-1, IEC\/EN\/UL 60950-22<\/p>\n<\/li>\n<li>\n<p class=\"ds-markdown-paragraph\">Umweltkonformit\u00e4t: IEC 60721, NEMA 250 Typ 4X, RoHS, WEEE<\/p>\n<\/li>\n<li>\n<p class=\"ds-markdown-paragraph\">Aufprall: IEC 62262 IK10<\/p>\n<\/li>\n<\/ul>\n<p class=\"ds-markdown-paragraph\">Axis T91B67 bietet eine sichere und langlebige L\u00f6sung f\u00fcr die anspruchsvolle Kameramontage in herausfordernden Umgebungen.<\/p>\n<\/div>\n<\/div>\n<\/div>\n<\/div>","protected":false},"excerpt":{"rendered":"<p>Axis T91B67 Masthalterung f\u00fcr fest installierte Dome-Kameras mit 1,5\u2033 NPS-Gewinde. F\u00fcr Masten mit 65\u2013165 mm Durchmesser, IK10 und NEMA 4X.<\/p>\n<p>Insektensichere Verkabelung.<\/p>\n<p>Edelstahlb\u00e4nder sind im Lieferumfang enthalten.<\/p>","protected":false},"featured_media":160059,"template":"","meta":{"_acf_changed":false},"product_brand":[],"product_cat":[4954],"product_tag":[],"class_list":{"0":"post-160061","1":"product","2":"type-product","3":"status-publish","4":"has-post-thumbnail","6":"product_cat-axis-stativ-fasten","7":"pa_brands-axis","8":"pa_farg-vit","9":"tm-no-options","11":"first","12":"instock","13":"sale","14":"taxable","15":"shipping-taxable","16":"purchasable","17":"product-type-simple"},"acf":[],"_links":{"self":[{"href":"https:\/\/secureus.se\/de\/wp-json\/wp\/v2\/product\/160061","targetHints":{"allow":["GET"]}}],"collection":[{"href":"https:\/\/secureus.se\/de\/wp-json\/wp\/v2\/product"}],"about":[{"href":"https:\/\/secureus.se\/de\/wp-json\/wp\/v2\/types\/product"}],"wp:featuredmedia":[{"embeddable":true,"href":"https:\/\/secureus.se\/de\/wp-json\/wp\/v2\/media\/160059"}],"wp:attachment":[{"href":"https:\/\/secureus.se\/de\/wp-json\/wp\/v2\/media?parent=160061"}],"wp:term":[{"taxonomy":"product_brand","embeddable":true,"href":"https:\/\/secureus.se\/de\/wp-json\/wp\/v2\/product_brand?post=160061"},{"taxonomy":"product_cat","embeddable":true,"href":"https:\/\/secureus.se\/de\/wp-json\/wp\/v2\/product_cat?post=160061"},{"taxonomy":"product_tag","embeddable":true,"href":"https:\/\/secureus.se\/de\/wp-json\/wp\/v2\/product_tag?post=160061"}],"curies":[{"name":"wp","href":"https:\/\/api.w.org\/{rel}","templated":true}]}}