{"id":160066,"date":"2025-11-21T11:12:27","date_gmt":"2025-11-21T10:12:27","guid":{"rendered":"https:\/\/secureus.se\/?post_type=product&#038;p=160066"},"modified":"2026-04-23T13:10:50","modified_gmt":"2026-04-23T11:10:50","slug":"axis-tu6007-e-kabel-8m","status":"publish","type":"product","link":"https:\/\/secureus.se\/de\/axis-tu6007-e-kabel-8m\/","title":{"rendered":"AXIS TU6007-E Kabel, 8 m"},"content":{"rendered":"<h1>AXIS TU6007-E Kabel, 8 m<\/h1>\n<div class=\"dad65929\">\n<div class=\"_4f9bf79 d7dc56a8 _43c05b5\">\n<div class=\"ds-message _63c77b1\">\n<div class=\"ds-markdown\">\n<p class=\"ds-markdown-paragraph\"><strong>Produkt\u00fcbersicht<\/strong><\/p>\n<p class=\"ds-markdown-paragraph\">Das Axis TU6007-E ist ein robustes und flexibles Kabel, das speziell f\u00fcr die zweite Generation modularer Kameras der Axis F-Serie entwickelt wurde.<\/p>\n<p class=\"ds-markdown-paragraph\">Mit einem Biegeradius von 30 mm und IP66\/67-Schutzart am SMA-Stecker ist das Kabel sowohl f\u00fcr den Innen- als auch f\u00fcr den Au\u00dfenbereich geeignet.<\/p>\n<p class=\"ds-markdown-paragraph\">Es ist in zwei L\u00e4ngen erh\u00e4ltlich \u2013 1 Meter und 8 Meter \u2013 und ist mit den Axis F91 Haupteinheiten sowie den Sensoreinheiten F21, F72 und F41 kompatibel.<\/p>\n<p class=\"ds-markdown-paragraph\"><strong>Hauptmerkmale<\/strong><\/p>\n<ul>\n<li>\n<p class=\"ds-markdown-paragraph\">Nur f\u00fcr Kameras der 2. Generation der F-Serie<\/p>\n<\/li>\n<li>\n<p class=\"ds-markdown-paragraph\">Schutzart IP66\/67 (SMA-Seite)<\/p>\n<\/li>\n<li>\n<p class=\"ds-markdown-paragraph\">Biegeradius 30 mm<\/p>\n<\/li>\n<li>\n<p class=\"ds-markdown-paragraph\">F\u00fcr den Au\u00dfenbereich geeignet<\/p>\n<\/li>\n<li>\n<p class=\"ds-markdown-paragraph\">Erh\u00e4ltlich in 1 m und 8 m<\/p>\n<\/li>\n<\/ul>\n<p class=\"ds-markdown-paragraph\"><strong>Kompatibilit\u00e4t<\/strong><\/p>\n<ul>\n<li>\n<p class=\"ds-markdown-paragraph\">Axis F91 Haupteinheit<\/p>\n<\/li>\n<li>\n<p class=\"ds-markdown-paragraph\">Achsen-F21-Sensoreinheit<\/p>\n<\/li>\n<li>\n<p class=\"ds-markdown-paragraph\">Achsen-F72-Sensoreinheit<\/p>\n<\/li>\n<li>\n<p class=\"ds-markdown-paragraph\">Achsen-Sensoreinheit F41<\/p>\n<\/li>\n<\/ul>\n<p class=\"ds-markdown-paragraph\"><strong>Technische Informationen<\/strong><\/p>\n<ul>\n<li>\n<p class=\"ds-markdown-paragraph\">L\u00e4nge: 8 m (26 Fu\u00df)<\/p>\n<\/li>\n<li>\n<p class=\"ds-markdown-paragraph\">Farbe: Schwarz<\/p>\n<\/li>\n<li>\n<p class=\"ds-markdown-paragraph\">Impedanz: 50 Ohm<\/p>\n<\/li>\n<li>\n<p class=\"ds-markdown-paragraph\">Frequenz: 0\u20133 GHz<\/p>\n<\/li>\n<li>\n<p class=\"ds-markdown-paragraph\">Anschl\u00fcsse: SMA, FAKRA<\/p>\n<\/li>\n<li>\n<p class=\"ds-markdown-paragraph\">Temperatur: -40 \u00b0C bis +75 \u00b0C<\/p>\n<\/li>\n<li>\n<p class=\"ds-markdown-paragraph\">Gewicht: 124 g (8 m Version)<\/p>\n<\/li>\n<\/ul>\n<p class=\"ds-markdown-paragraph\"><strong>Zertifizierungen<\/strong><\/p>\n<ul>\n<li>\n<p class=\"ds-markdown-paragraph\">UL CM E164469-F6<\/p>\n<\/li>\n<li>\n<p class=\"ds-markdown-paragraph\">UN ECE R118<\/p>\n<\/li>\n<\/ul>\n<p class=\"ds-markdown-paragraph\">Axis TU6007-E bietet eine zuverl\u00e4ssige Verbindungsl\u00f6sung f\u00fcr fortschrittliche modulare Kamerasysteme in anspruchsvollen Umgebungen.<\/p>\n<\/div>\n<\/div>\n<\/div>\n<\/div>\n<div class=\"sc-bczRLJ fySwpa\">\n<div class=\"sc-bczRLJ kEeNDb\"><\/div>\n<\/div>","protected":false},"excerpt":{"rendered":"<p>Robustes Innen-\/Au\u00dfenkabel f\u00fcr die Axis F-Serie. Schutzart IP66\/67, Biegeradius 30 mm.<\/p>\n<p>Kompatibel mit F91, F21, F72 und F41. H\u00e4lt extremen Temperaturen stand (-40 \u00b0C bis +75 \u00b0C).<\/p>\n<p>Ideal f\u00fcr modulare Kameras in rauen Umgebungen.<\/p>","protected":false},"featured_media":160065,"template":"","meta":{"_acf_changed":false},"product_brand":[],"product_cat":[4956],"product_tag":[],"class_list":{"0":"post-160066","1":"product","2":"type-product","3":"status-publish","4":"has-post-thumbnail","6":"product_cat-ovrigt-fran-axis","7":"pa_brands-axis","8":"pa_farg-svart","9":"tm-no-options","11":"first","12":"instock","13":"sale","14":"taxable","15":"shipping-taxable","16":"purchasable","17":"product-type-simple"},"acf":[],"_links":{"self":[{"href":"https:\/\/secureus.se\/de\/wp-json\/wp\/v2\/product\/160066","targetHints":{"allow":["GET"]}}],"collection":[{"href":"https:\/\/secureus.se\/de\/wp-json\/wp\/v2\/product"}],"about":[{"href":"https:\/\/secureus.se\/de\/wp-json\/wp\/v2\/types\/product"}],"wp:featuredmedia":[{"embeddable":true,"href":"https:\/\/secureus.se\/de\/wp-json\/wp\/v2\/media\/160065"}],"wp:attachment":[{"href":"https:\/\/secureus.se\/de\/wp-json\/wp\/v2\/media?parent=160066"}],"wp:term":[{"taxonomy":"product_brand","embeddable":true,"href":"https:\/\/secureus.se\/de\/wp-json\/wp\/v2\/product_brand?post=160066"},{"taxonomy":"product_cat","embeddable":true,"href":"https:\/\/secureus.se\/de\/wp-json\/wp\/v2\/product_cat?post=160066"},{"taxonomy":"product_tag","embeddable":true,"href":"https:\/\/secureus.se\/de\/wp-json\/wp\/v2\/product_tag?post=160066"}],"curies":[{"name":"wp","href":"https:\/\/api.w.org\/{rel}","templated":true}]}}