{"id":160069,"date":"2025-11-21T11:12:27","date_gmt":"2025-11-21T10:12:27","guid":{"rendered":"https:\/\/secureus.se\/?post_type=product&#038;p=160069"},"modified":"2026-04-09T11:23:20","modified_gmt":"2026-04-09T09:23:20","slug":"axis-t91b47-stolpmontering-inomhus-utomhus-med-spannband-i-rostfritt-stal-50-150-mm","status":"publish","type":"product","link":"https:\/\/secureus.se\/de\/axis-t91b47-stolpmontering-inomhus-utomhus-med-spannband-i-rostfritt-stal-50-150-mm\/","title":{"rendered":"AXIS T91B47 Masthalterung f\u00fcr den Innen- und Au\u00dfenbereich mit Edelstahlband, 50\u2013150 mm"},"content":{"rendered":"<h1>AXIS T91B47 Masthalterung f\u00fcr den Innen- und Au\u00dfenbereich mit Edelstahlband, 50\u2013150 mm<\/h1>\n<div class=\"dad65929\">\n<div class=\"_4f9bf79 d7dc56a8 _43c05b5\">\n<div class=\"ds-message _63c77b1\">\n<div class=\"ds-markdown\">\n<p class=\"ds-markdown-paragraph\">Axis T91B47 ist eine Masthalterung f\u00fcr den Innen- und Au\u00dfenbereich, die f\u00fcr Masten mit einem Durchmesser von 50\u2013150 mm ausgelegt ist.<\/p>\n<p class=\"ds-markdown-paragraph\">Es wird mit B\u00e4ndern aus seewasserbest\u00e4ndigem Edelstahl (SS316L) und TX30-Schrauben zur sicheren Montage geliefert.<\/p>\n<p class=\"ds-markdown-paragraph\">Bei Verwendung mit Axis Fixed Dome- oder Bullet-Kameras ist kein zus\u00e4tzliches Zubeh\u00f6r erforderlich \u2013 die Halterung wird direkt an der R\u00fcckseite der Kamera montiert.<\/p>\n<p class=\"ds-markdown-paragraph\"><strong>Hauptmerkmale<\/strong><\/p>\n<ul>\n<li>\n<p class=\"ds-markdown-paragraph\">Passend f\u00fcr Pfosten mit einem Durchmesser von 50\u2013150 mm.<\/p>\n<\/li>\n<li>\n<p class=\"ds-markdown-paragraph\">Vandalismusbest\u00e4ndigkeit nach IK10-Standard<\/p>\n<\/li>\n<li>\n<p class=\"ds-markdown-paragraph\">Korrosionsschutz nach NEMA 4X<\/p>\n<\/li>\n<li>\n<p class=\"ds-markdown-paragraph\">Edelstahlb\u00e4nder (SS316L) im Lieferumfang enthalten<\/p>\n<\/li>\n<li>\n<p class=\"ds-markdown-paragraph\">Einfache Montage mit TX30-Schraube<\/p>\n<\/li>\n<\/ul>\n<p class=\"ds-markdown-paragraph\"><strong>Kompatibilit\u00e4t<\/strong><\/p>\n<ul>\n<li>\n<p class=\"ds-markdown-paragraph\">Boxkameras: Axis M11, P13, Q16-Serie<\/p>\n<\/li>\n<li>\n<p class=\"ds-markdown-paragraph\">Bullet-Kameras: Axis P14, Q17-Serie<\/p>\n<\/li>\n<li>\n<p class=\"ds-markdown-paragraph\">Dome-Kameras: Axis M19, P32, P33, Q35, Q36 Serie<\/p>\n<\/li>\n<li>\n<p class=\"ds-markdown-paragraph\">W\u00e4rmebildkameras: Axis G19, Q29 Serie<\/p>\n<\/li>\n<li>\n<p class=\"ds-markdown-paragraph\">Zubeh\u00f6r: Axis T91E61, T94O01A, F23, T92E, T93F, T93G05<\/p>\n<\/li>\n<\/ul>\n<p class=\"ds-markdown-paragraph\"><strong>Technische Informationen<\/strong><\/p>\n<ul>\n<li>\n<p class=\"ds-markdown-paragraph\">Maximale Belastung: 15 kg<\/p>\n<\/li>\n<li>\n<p class=\"ds-markdown-paragraph\">Material: Pulverbeschichtetes Aluminium, wei\u00df (NCS S 1002-B)<\/p>\n<\/li>\n<li>\n<p class=\"ds-markdown-paragraph\">Abmessungen: 111 x 42 x 147 mm<\/p>\n<\/li>\n<li>\n<p class=\"ds-markdown-paragraph\">Gewicht: 0,3 kg (ohne Stahlband)<\/p>\n<\/li>\n<li>\n<p class=\"ds-markdown-paragraph\">Lieferumfang: Montageanleitung, Kabelbinder, Schrauben, Edelstahlb\u00e4nder<\/p>\n<\/li>\n<\/ul>\n<p class=\"ds-markdown-paragraph\"><strong>Zertifizierungen<\/strong><\/p>\n<ul>\n<li>\n<p class=\"ds-markdown-paragraph\">Sicherheit: IEC\/EN\/UL 60950-1, IEC\/EN\/UL 60950-22<\/p>\n<\/li>\n<li>\n<p class=\"ds-markdown-paragraph\">Umgebungsbedingungen: EN 50581, NEMA 250 Typ 4X<\/p>\n<\/li>\n<li>\n<p class=\"ds-markdown-paragraph\">Aufprall: IEC 62262 IK10<\/p>\n<\/li>\n<\/ul>\n<\/div>\n<\/div>\n<\/div>\n<\/div>","protected":false},"excerpt":{"rendered":"<p>Axis T91B47 bietet eine kosteng\u00fcnstige und zuverl\u00e4ssige L\u00f6sung f\u00fcr die direkte Montage von Kameras an Masten und Tr\u00e4gern.<\/p>","protected":false},"featured_media":160067,"template":"","meta":{"_acf_changed":false},"product_brand":[],"product_cat":[4954],"product_tag":[],"class_list":{"0":"post-160069","1":"product","2":"type-product","3":"status-publish","4":"has-post-thumbnail","6":"product_cat-axis-stativ-fasten","7":"pa_brands-axis","8":"tm-no-options","10":"first","11":"instock","12":"sale","13":"taxable","14":"shipping-taxable","15":"purchasable","16":"product-type-simple"},"acf":[],"_links":{"self":[{"href":"https:\/\/secureus.se\/de\/wp-json\/wp\/v2\/product\/160069","targetHints":{"allow":["GET"]}}],"collection":[{"href":"https:\/\/secureus.se\/de\/wp-json\/wp\/v2\/product"}],"about":[{"href":"https:\/\/secureus.se\/de\/wp-json\/wp\/v2\/types\/product"}],"wp:featuredmedia":[{"embeddable":true,"href":"https:\/\/secureus.se\/de\/wp-json\/wp\/v2\/media\/160067"}],"wp:attachment":[{"href":"https:\/\/secureus.se\/de\/wp-json\/wp\/v2\/media?parent=160069"}],"wp:term":[{"taxonomy":"product_brand","embeddable":true,"href":"https:\/\/secureus.se\/de\/wp-json\/wp\/v2\/product_brand?post=160069"},{"taxonomy":"product_cat","embeddable":true,"href":"https:\/\/secureus.se\/de\/wp-json\/wp\/v2\/product_cat?post=160069"},{"taxonomy":"product_tag","embeddable":true,"href":"https:\/\/secureus.se\/de\/wp-json\/wp\/v2\/product_tag?post=160069"}],"curies":[{"name":"wp","href":"https:\/\/api.w.org\/{rel}","templated":true}]}}