{"id":160071,"date":"2025-11-21T11:12:28","date_gmt":"2025-11-21T10:12:28","guid":{"rendered":"https:\/\/secureus.se\/?post_type=product&#038;p=160071"},"modified":"2026-04-09T11:23:10","modified_gmt":"2026-04-09T09:23:10","slug":"axis-tu6004-e-kabel-for-modulara-kameror-i-f-serien-8-m-ip67","status":"publish","type":"product","link":"https:\/\/secureus.se\/de\/axis-tu6004-e-kabel-for-modulara-kameror-i-f-serien-8-m-ip67\/","title":{"rendered":"AXIS TU6004-E Kabel f\u00fcr modulare Kameras der F-Serie, 8 m, IP67"},"content":{"rendered":"<h1>AXIS TU6004-E Kabel f\u00fcr modulare Kameras der F-Serie, 8 m, IP67<\/h1>\n<p class=\"ds-markdown-paragraph\"><strong>Produkt\u00fcbersicht<\/strong><\/p>\n<p class=\"ds-markdown-paragraph\">Axis TU6004-E ist ein professionelles Innen- und Au\u00dfenkabel, das speziell f\u00fcr die zweite Generation der modularen Kameras der Axis F-Serie entwickelt wurde.<\/p>\n<p class=\"ds-markdown-paragraph\">Dieses flexible und robuste Kabel bietet eine hohe Bandbreitenkapazit\u00e4t, um die Latenz zwischen Sensoreinheiten und Haupteinheiten zu minimieren.<\/p>\n<p class=\"ds-markdown-paragraph\">Dank seines hohen Schutzniveaus und seiner breiten Kompatibilit\u00e4t eignet es sich ideal f\u00fcr anspruchsvolle \u00dcberwachungsinstallationen sowohl in B\u00fcroumgebungen als auch im Au\u00dfenbereich.<\/p>\n<p class=\"ds-markdown-paragraph\"><strong>Hauptmerkmale<\/strong><\/p>\n<ul>\n<li>\n<p class=\"ds-markdown-paragraph\">Zuverl\u00e4ssiger Schutz gem\u00e4\u00df IP67, IP66 und IP6K9K<\/p>\n<\/li>\n<li>\n<p class=\"ds-markdown-paragraph\">Biegeradius von 40 mm f\u00fcr flexible Montage<\/p>\n<\/li>\n<li>\n<p class=\"ds-markdown-paragraph\">Hohe Bandbreite f\u00fcr minimale Latenz<\/p>\n<\/li>\n<li>\n<p class=\"ds-markdown-paragraph\">Konzipiert f\u00fcr den Innen- und Au\u00dfenbereich<\/p>\n<\/li>\n<li>\n<p class=\"ds-markdown-paragraph\">Erh\u00e4ltlich in den L\u00e4ngen 1 m, 8 m und 30 m.<\/p>\n<\/li>\n<\/ul>\n<p class=\"ds-markdown-paragraph\"><strong>Kompatibilit\u00e4t<\/strong><\/p>\n<ul>\n<li>\n<p class=\"ds-markdown-paragraph\">Axis F91 Haupteinheiten<\/p>\n<\/li>\n<li>\n<p class=\"ds-markdown-paragraph\">Achsen-F21-Sensoreinheiten<\/p>\n<\/li>\n<li>\n<p class=\"ds-markdown-paragraph\">Axis F4105-LRE Dome Sensor<\/p>\n<\/li>\n<li>\n<p class=\"ds-markdown-paragraph\">Axis F7225-RE Lochkamerasensor<\/p>\n<\/li>\n<li>\n<p class=\"ds-markdown-paragraph\">Die L\u00e4nge kann mit dem Axis TU6003 Steckverbinder-Kit individuell angepasst werden.<\/p>\n<\/li>\n<li>\n<p class=\"ds-markdown-paragraph\"><strong>Technische Informationen<\/strong><\/p>\n<ul>\n<li>\n<p class=\"ds-markdown-paragraph\">L\u00e4nge: 8 m (26 Fu\u00df)<\/p>\n<\/li>\n<li>\n<p class=\"ds-markdown-paragraph\">Farbe: Schwarz<\/p>\n<\/li>\n<li>\n<p class=\"ds-markdown-paragraph\">Impedanz: 50 Ohm<\/p>\n<\/li>\n<li>\n<p class=\"ds-markdown-paragraph\">Frequenzbereich: 0\u20133 GHz<\/p>\n<\/li>\n<li>\n<p class=\"ds-markdown-paragraph\">Anschl\u00fcsse: SMA und FAKRA<\/p>\n<\/li>\n<li>\n<p class=\"ds-markdown-paragraph\">Temperaturbest\u00e4ndigkeit: -40 \u00b0C bis +75 \u00b0C<\/p>\n<\/li>\n<li>\n<p class=\"ds-markdown-paragraph\">Feuchtigkeitsbest\u00e4ndigkeit: 10\u2013100% RH (kondensierend)<\/p>\n<\/li>\n<li>\n<p class=\"ds-markdown-paragraph\">Gewicht: 300 g (8 m Version)<\/p>\n<\/li>\n<\/ul>\n<\/li>\n<\/ul>\n<div class=\"sc-bczRLJ fySwpa\">\n<div class=\"sc-bczRLJ kEeNDb\">\n<p class=\"ds-markdown-paragraph\"><strong>Zertifizierungen und Garantien<\/strong><\/p>\n<ul>\n<li>\n<p class=\"ds-markdown-paragraph\">UL CL2 Sonnenlichtbest\u00e4ndig E335585-T<\/p>\n<\/li>\n<li>\n<p class=\"ds-markdown-paragraph\">UN ECE R118<\/p>\n<\/li>\n<li>\n<p class=\"ds-markdown-paragraph\">3 Jahre Garantie von Axis<\/p>\n<\/li>\n<\/ul>\n<p class=\"ds-markdown-paragraph\">Das Axis TU6004-E-Kabel repr\u00e4sentiert modernste Kabeltechnologie f\u00fcr professionelle Video\u00fcberwachungssysteme mit Fokus auf Zuverl\u00e4ssigkeit, Leistung und lange Lebensdauer unter verschiedenen Umgebungsbedingungen.<\/p>\n<\/div>\n<\/div>","protected":false},"excerpt":{"rendered":"<div class=\"_4f9bf79 _43c05b5\">\n<div class=\"ds-message _63c77b1\">\n<div class=\"ds-markdown\">\n<p class=\"ds-markdown-paragraph\">Robustes IP67-zertifiziertes Kabel f\u00fcr die Axis F-Serie.<\/p>\n<p class=\"ds-markdown-paragraph\">Biegeradius 40 mm, hohe Bandbreite f\u00fcr minimale Latenz.<\/p>\n<p class=\"ds-markdown-paragraph\">Kompatibel mit F91, F21, F4105-LRE und F7225-RE.<\/p>\n<p class=\"ds-markdown-paragraph\">Funktioniert bei extremen Temperaturen (-40 \u00b0C bis +75 \u00b0C).<\/p>\n<p class=\"ds-markdown-paragraph\">Erh\u00e4ltlich in den L\u00e4ngen 1 m, 8 m und 30 m.<\/p>\n<\/div>\n<\/div>\n<div class=\"ds-theme\"><\/div>\n<div class=\"ds-flex _0a3d93b\">\n<div class=\"ds-flex _965abe9\">\n<div class=\"ds-icon-button db183363\" role=\"button\">\n<div class=\"ds-icon-button__hover-bg\"><\/div>\n<\/div>\n<div class=\"ds-icon-button db183363\" role=\"button\">\n<div class=\"ds-icon-button__hover-bg\">\n<div class=\"_4f9bf79 _43c05b5\">\n<div class=\"ds-message _63c77b1\">\n<div class=\"ds-markdown\">\n<p class=\"ds-markdown-paragraph\">\n<\/div>\n<\/div>\n<div class=\"ds-theme\"><\/div>\n<div class=\"ds-flex _0a3d93b\">\n<div class=\"ds-flex _965abe9\">\n<div class=\"ds-icon-button db183363\" role=\"button\">\n<div class=\"ds-icon-button__hover-bg\"><\/div>\n<div class=\"ds-icon\"><\/div>\n<\/div>\n<div class=\"ds-icon-button db183363 ds-icon-button--disabled\" role=\"button\">\n<div class=\"ds-icon\"><\/div>\n<\/div>\n<div class=\"ds-icon-button db183363\" role=\"button\">\n<div class=\"ds-icon-button__hover-bg\"><\/div>\n<div class=\"ds-icon\"><\/div>\n<\/div>\n<div class=\"ds-icon-button db183363\" role=\"button\">\n<div class=\"ds-icon-button__hover-bg\"><\/div>\n<div class=\"ds-icon\"><\/div>\n<\/div>\n<div class=\"ds-icon-button db183363\" role=\"button\">\n<div class=\"ds-icon-button__hover-bg\"><\/div>\n<div class=\"ds-icon\"><\/div>\n<\/div>\n<\/div>\n<div><\/div>\n<\/div>\n<\/div>\n<div class=\"_9663006\" data-um-id=\"33\">\n<div class=\"d29f3d7d ds-message _63c77b1\"><\/div>\n<\/div>\n<\/div>\n<div class=\"ds-icon\"><\/div>\n<\/div>\n<div class=\"ds-icon-button db183363\" role=\"button\">\n<div class=\"ds-icon-button__hover-bg\"><\/div>\n<div class=\"ds-icon\"><\/div>\n<\/div>\n<div class=\"ds-icon-button db183363\" role=\"button\">\n<div class=\"ds-icon-button__hover-bg\"><\/div>\n<div class=\"ds-icon\"><\/div>\n<\/div>\n<\/div>\n<div><\/div>\n<\/div>\n<\/div>\n<div class=\"_9663006\" data-um-id=\"33\">\n<div class=\"d29f3d7d ds-message _63c77b1\"><\/div>\n<\/div>","protected":false},"featured_media":160070,"template":"","meta":{"_acf_changed":false},"product_brand":[],"product_cat":[4956],"product_tag":[],"class_list":{"0":"post-160071","1":"product","2":"type-product","3":"status-publish","4":"has-post-thumbnail","6":"product_cat-ovrigt-fran-axis","7":"pa_brands-axis","8":"pa_farg-svart","9":"tm-no-options","11":"first","12":"onbackorder","13":"sale","14":"taxable","15":"shipping-taxable","16":"purchasable","17":"product-type-simple"},"acf":[],"_links":{"self":[{"href":"https:\/\/secureus.se\/de\/wp-json\/wp\/v2\/product\/160071","targetHints":{"allow":["GET"]}}],"collection":[{"href":"https:\/\/secureus.se\/de\/wp-json\/wp\/v2\/product"}],"about":[{"href":"https:\/\/secureus.se\/de\/wp-json\/wp\/v2\/types\/product"}],"wp:featuredmedia":[{"embeddable":true,"href":"https:\/\/secureus.se\/de\/wp-json\/wp\/v2\/media\/160070"}],"wp:attachment":[{"href":"https:\/\/secureus.se\/de\/wp-json\/wp\/v2\/media?parent=160071"}],"wp:term":[{"taxonomy":"product_brand","embeddable":true,"href":"https:\/\/secureus.se\/de\/wp-json\/wp\/v2\/product_brand?post=160071"},{"taxonomy":"product_cat","embeddable":true,"href":"https:\/\/secureus.se\/de\/wp-json\/wp\/v2\/product_cat?post=160071"},{"taxonomy":"product_tag","embeddable":true,"href":"https:\/\/secureus.se\/de\/wp-json\/wp\/v2\/product_tag?post=160071"}],"curies":[{"name":"wp","href":"https:\/\/api.w.org\/{rel}","templated":true}]}}