{"id":160078,"date":"2025-11-21T11:12:28","date_gmt":"2025-11-21T10:12:28","guid":{"rendered":"https:\/\/secureus.se\/?post_type=product&#038;p=160078"},"modified":"2026-04-23T13:10:42","modified_gmt":"2026-04-23T11:10:42","slug":"axis-m3086-v-4mp-mini-dome-kamera-med-deep-learning-inomhus","status":"publish","type":"product","link":"https:\/\/secureus.se\/de\/axis-m3086-v-4mp-mini-dome-kamera-med-deep-learning-inomhus\/","title":{"rendered":"AXIS M3086-V 4MP Mini-Dome-Kamera f\u00fcr Innenr\u00e4ume mit Deep Learning"},"content":{"rendered":"<h1>AXIS M3086-V 4MP Mini-Dome-Kamera f\u00fcr Innenr\u00e4ume mit Deep Learning<\/h1>\n<p class=\"ds-markdown-paragraph\"><strong>Produkt\u00fcbersicht<\/strong><\/p>\n<p class=\"ds-markdown-paragraph\">Die Axis M3086-V ist eine kosteng\u00fcnstige 4MP Mini-Dome-Kamera mit fortschrittlicher Deep-Learning-Technologie f\u00fcr intelligente Videoanalyse.<\/p>\n<p class=\"ds-markdown-paragraph\">Dank ihrer kompakten und vandalensicheren Bauweise eignet sich die Kamera ideal f\u00fcr Inneninstallationen, bei denen diskrete \u00dcberwachung und fortschrittliche Analysen erforderlich sind.<\/p>\n<p class=\"ds-markdown-paragraph\"><strong>Fortschrittliche Bildqualit\u00e4t und Leistung<\/strong><br \/>\nDie Kamera bietet eine au\u00dfergew\u00f6hnliche Bildqualit\u00e4t mit einer Aufl\u00f6sung von 4 MP und einem Weitwinkel von 130\u00b0.<\/p>\n<p class=\"ds-markdown-paragraph\">Dank der Axis Lightfinder-Technologie liefert sie auch bei schwachem Licht scharfe Farbbilder, w\u00e4hrend der Wide Dynamic Range (WDR) f\u00fcr optimale Bildqualit\u00e4t in Situationen mit starken Lichtkontrasten sorgt.<\/p>\n<p class=\"ds-markdown-paragraph\">Die Kamera ist werkseitig fokussiert und erfordert keine manuelle Justierung.<\/p>\n<p class=\"ds-markdown-paragraph\"><strong>Intelligente Analyse mit Deep Learning<\/strong><br \/>\nMit einer eigens daf\u00fcr eingerichteten Deep-Learning-Verarbeitungseinheit erm\u00f6glicht die Kamera eine fortschrittliche KI-Analyse direkt in der Kamera.<\/p>\n<p class=\"ds-markdown-paragraph\">AXIS Object Analytics ist vorinstalliert und kann Personen, Fahrzeuge und Fahrzeugtypen in Echtzeit erkennen und klassifizieren.<\/p>\n<p class=\"ds-markdown-paragraph\">Die Kamera unterst\u00fctzt au\u00dferdem AXIS Audio Analytics (in der Mikrofonvariante) zur Ger\u00e4uscherkennung und -klassifizierung.<\/p>\n<p class=\"ds-markdown-paragraph\"><strong>Robuste und sichere Konstruktion<\/strong><br \/>\nDank der Schutzart IP42 gegen Staub und Tropfwasser sowie der Vandalismusschutzklasse IK08 eignet sich die Kamera auch f\u00fcr anspruchsvolle Umgebungen.<\/p>\n<p class=\"ds-markdown-paragraph\">Dank des kompakten Designs mit Bajonettverschluss ist die Installation schnell und einfach. Axis Edge Vault gew\u00e4hrleistet Cybersicherheit durch hardwarebasierte Verschl\u00fcsselung und Schutz vor unberechtigtem Zugriff.<\/p>\n<p class=\"ds-markdown-paragraph\"><strong>Technische Informationen<\/strong><\/p>\n<ul>\n<li>\n<p class=\"ds-markdown-paragraph\">Sensor: 1\/2,7\u2033 RGB CMOS<\/p>\n<\/li>\n<li>\n<p class=\"ds-markdown-paragraph\">Objektiv: 2,4 mm Festbrennweite, F2.1<\/p>\n<\/li>\n<li>\n<p class=\"ds-markdown-paragraph\">Lichtempfindlichkeit: 0,19 Lux in Farbe mit Lightfinder<\/p>\n<\/li>\n<li>\n<p class=\"ds-markdown-paragraph\">Videokomprimierung: H.264, H.265, Motion JPEG<\/p>\n<\/li>\n<li>\n<p class=\"ds-markdown-paragraph\">Netzwerk: Stromversorgung \u00fcber Ethernet (PoE)<\/p>\n<\/li>\n<li>\n<p class=\"ds-markdown-paragraph\">Speicher: microSD-Karte und NAS<\/p>\n<\/li>\n<li>\n<p class=\"ds-markdown-paragraph\">Zertifizierungen: CE, FCC, IP42, IK08<\/p>\n<\/li>\n<\/ul>\n<p class=\"ds-markdown-paragraph\"><strong>Analysefunktionen<\/strong><\/p>\n<ul>\n<li>\n<p class=\"ds-markdown-paragraph\">AXIS Objektanalyse: Erkennung von Personen und Fahrzeugen<\/p>\n<\/li>\n<li>\n<p class=\"ds-markdown-paragraph\">AXIS Audio Analytics: Ger\u00e4uscherkennung und -klassifizierung<\/p>\n<\/li>\n<li>\n<p class=\"ds-markdown-paragraph\">AXIS-Szenenmetadaten: Erweiterte Metadatenextraktion<\/p>\n<\/li>\n<li>\n<p class=\"ds-markdown-paragraph\">AXIS Video-Bewegungserkennung: Bewegungserkennung<\/p>\n<\/li>\n<li>\n<p class=\"ds-markdown-paragraph\">Unterst\u00fctzung f\u00fcr ACAP-Anwendungen<\/p>\n<\/li>\n<\/ul>\n<p class=\"ds-markdown-paragraph\">Axis M3086-V kombiniert fortschrittliche Bildgebungstechnologie mit intelligenter Analytik und bietet so eine komplette \u00dcberwachungsl\u00f6sung f\u00fcr moderne Innenr\u00e4ume.<\/p>\n<p class=\"ds-markdown-paragraph\">Dank ihrer kompakten Bauweise und umfassenden Analysem\u00f6glichkeiten bietet die Kamera sowohl pr\u00e4ventive Sicherheitsma\u00dfnahmen als auch eine effektive \u00dcberwachung nach dem Tod.<\/p>\n<div class=\"sc-bczRLJ gTFQwC\">\n<div class=\"sc-bczRLJ fySwpa\">\n<div class=\"sc-bczRLJ kEeNDb\"><\/div>\n<\/div>\n<\/div>","protected":false},"excerpt":{"rendered":"<p>Kompakte Indoor-Dome-Kamera mit Deep-Learning-Analyse. 4MP, 130\u00b0 Weitwinkel, WDR und Lightfinder f\u00fcr gute Bilder auch bei schlechten Lichtverh\u00e4ltnissen. Eingebaute KI f\u00fcr Personen- und Fahrzeugerkennung.<\/p>\n<p>Vandalismusgesch\u00fctzt (IK08), einfache Installation mit PoE, ideal f\u00fcr intelligente \u00dcberwachung mit fortschrittlicher Analyse.<\/p>","protected":false},"featured_media":160074,"template":"","meta":{"_acf_changed":false},"product_brand":[],"product_cat":[4950],"product_tag":[],"class_list":{"0":"post-160078","1":"product","2":"type-product","3":"status-publish","4":"has-post-thumbnail","6":"product_cat-axis-domekameror","7":"pa_brands-axis","8":"pa_farg-vit","9":"tm-no-options","11":"first","12":"instock","13":"sale","14":"taxable","15":"shipping-taxable","16":"purchasable","17":"product-type-simple"},"acf":[],"_links":{"self":[{"href":"https:\/\/secureus.se\/de\/wp-json\/wp\/v2\/product\/160078","targetHints":{"allow":["GET"]}}],"collection":[{"href":"https:\/\/secureus.se\/de\/wp-json\/wp\/v2\/product"}],"about":[{"href":"https:\/\/secureus.se\/de\/wp-json\/wp\/v2\/types\/product"}],"wp:featuredmedia":[{"embeddable":true,"href":"https:\/\/secureus.se\/de\/wp-json\/wp\/v2\/media\/160074"}],"wp:attachment":[{"href":"https:\/\/secureus.se\/de\/wp-json\/wp\/v2\/media?parent=160078"}],"wp:term":[{"taxonomy":"product_brand","embeddable":true,"href":"https:\/\/secureus.se\/de\/wp-json\/wp\/v2\/product_brand?post=160078"},{"taxonomy":"product_cat","embeddable":true,"href":"https:\/\/secureus.se\/de\/wp-json\/wp\/v2\/product_cat?post=160078"},{"taxonomy":"product_tag","embeddable":true,"href":"https:\/\/secureus.se\/de\/wp-json\/wp\/v2\/product_tag?post=160078"}],"curies":[{"name":"wp","href":"https:\/\/api.w.org\/{rel}","templated":true}]}}